{"id":5750,"date":"2019-02-12T11:29:53","date_gmt":"2019-02-12T11:29:53","guid":{"rendered":"https:\/\/aickelin.eu\/cms\/?page_id=5750"},"modified":"2025-07-30T14:36:00","modified_gmt":"2025-07-30T14:36:00","slug":"kontakt","status":"publish","type":"page","link":"https:\/\/aickelin.eu\/cms\/kontakt\/","title":{"rendered":"Kontakt"},"content":{"rendered":"\t\t<div data-elementor-type=\"wp-post\" data-elementor-id=\"5750\" class=\"elementor elementor-5750\">\n\t\t\t\t\t\t<section class=\"elementor-section elementor-top-section elementor-element elementor-element-92f3e61 elementor-section-boxed elementor-section-height-default elementor-section-height-default\" data-id=\"92f3e61\" data-element_type=\"section\" data-e-type=\"section\">\n\t\t\t\t\t\t<div class=\"elementor-container elementor-column-gap-default\">\n\t\t\t\t\t<div class=\"elementor-column elementor-col-100 elementor-top-column elementor-element elementor-element-278be98\" data-id=\"278be98\" data-element_type=\"column\" data-e-type=\"column\">\n\t\t\t<div class=\"elementor-widget-wrap\">\n\t\t\t\t\t\t\t<\/div>\n\t\t<\/div>\n\t\t\t\t\t<\/div>\n\t\t<\/section>\n\t\t\t\t<section class=\"elementor-section elementor-top-section elementor-element elementor-element-be0b661 elementor-section-boxed elementor-section-height-default elementor-section-height-default\" data-id=\"be0b661\" data-element_type=\"section\" data-e-type=\"section\">\n\t\t\t\t\t\t<div class=\"elementor-container elementor-column-gap-default\">\n\t\t\t\t\t<div class=\"elementor-column elementor-col-100 elementor-top-column elementor-element elementor-element-d0001df\" data-id=\"d0001df\" data-element_type=\"column\" data-e-type=\"column\">\n\t\t\t<div class=\"elementor-widget-wrap elementor-element-populated\">\n\t\t\t\t\t\t<div class=\"elementor-element elementor-element-5532807 elementor-widget elementor-widget-text-editor\" data-id=\"5532807\" data-element_type=\"widget\" data-e-type=\"widget\" data-widget_type=\"text-editor.default\">\n\t\t\t\t<div class=\"elementor-widget-container\">\n\t\t\t\t\t\t\t\t\t<h2 data-start=\"188\" data-end=\"348\">Sie m\u00f6chten Ihr Zuhause neu gestalten oder w\u00fcnschen eine individuelle Beratung zu Parkett, Bodenbel\u00e4gen oder Wohnkonzepten? Dann sind Sie bei uns genau richtig!<\/h2>\t\t\t\t\t\t\t\t<\/div>\n\t\t\t\t<\/div>\n\t\t\t\t\t<\/div>\n\t\t<\/div>\n\t\t\t\t\t<\/div>\n\t\t<\/section>\n\t\t\t\t<section class=\"elementor-section elementor-top-section elementor-element elementor-element-83cac03 elementor-section-boxed elementor-section-height-default elementor-section-height-default\" data-id=\"83cac03\" data-element_type=\"section\" data-e-type=\"section\">\n\t\t\t\t\t\t<div class=\"elementor-container elementor-column-gap-default\">\n\t\t\t\t\t<div class=\"elementor-column elementor-col-100 elementor-top-column elementor-element elementor-element-d6e084f\" data-id=\"d6e084f\" data-element_type=\"column\" data-e-type=\"column\">\n\t\t\t<div class=\"elementor-widget-wrap elementor-element-populated\">\n\t\t\t\t\t\t<div class=\"elementor-element elementor-element-de278f1 elementor-widget elementor-widget-text-editor\" data-id=\"de278f1\" data-element_type=\"widget\" data-e-type=\"widget\" data-widget_type=\"text-editor.default\">\n\t\t\t\t<div class=\"elementor-widget-container\">\n\t\t\t\t\t\t\t\t\t<h4 data-start=\"188\" data-end=\"348\">\u00a0<strong data-start=\"350\" data-end=\"369\">Aickelin Objekt<\/strong> ist Ihr zuverl\u00e4ssiger Ansprechpartner f\u00fcr Beratung, Planung und Umsetzung im <strong data-start=\"447\" data-end=\"469\">Gro\u00dfraum Heilbronn<\/strong>. <br \/>Wir sind regional f\u00fcr Sie im Einsatz \u2013 unter anderem in:<br \/><strong data-start=\"529\" data-end=\"542\">Heilbronn<\/strong>, <strong data-start=\"544\" data-end=\"558\">Neckarsulm<\/strong>, <strong data-start=\"560\" data-end=\"575\">Ludwigsburg<\/strong>, <strong data-start=\"577\" data-end=\"589\">Sinsheim<\/strong>, <strong data-start=\"591\" data-end=\"604\">Stuttgart<\/strong>, <strong data-start=\"606\" data-end=\"617\">Mosbach<\/strong> und der weiteren Umgebung.<\/h4>\t\t\t\t\t\t\t\t<\/div>\n\t\t\t\t<\/div>\n\t\t\t\t\t<\/div>\n\t\t<\/div>\n\t\t\t\t\t<\/div>\n\t\t<\/section>\n\t\t\t\t<section class=\"elementor-section elementor-top-section elementor-element elementor-element-069d258 elementor-section-boxed elementor-section-height-default elementor-section-height-default\" data-id=\"069d258\" data-element_type=\"section\" data-e-type=\"section\">\n\t\t\t\t\t\t<div class=\"elementor-container elementor-column-gap-default\">\n\t\t\t\t\t<div class=\"elementor-column elementor-col-100 elementor-top-column elementor-element elementor-element-7470a60\" data-id=\"7470a60\" data-element_type=\"column\" data-e-type=\"column\">\n\t\t\t<div class=\"elementor-widget-wrap elementor-element-populated\">\n\t\t\t\t\t\t<div class=\"elementor-element elementor-element-b574378 elementor-widget elementor-widget-text-editor\" data-id=\"b574378\" data-element_type=\"widget\" data-e-type=\"widget\" data-widget_type=\"text-editor.default\">\n\t\t\t\t<div class=\"elementor-widget-container\">\n\t\t\t\t\t\t\t\t\t<h1 class=\"p1\">Wir sind gerne f\u00fcr Sie da!<\/h1><p data-start=\"646\" data-end=\"753\">Ob bei Ihnen vor Ort oder in unserer Ausstellung \u2013 wir freuen uns auf den pers\u00f6nlichen Austausch mit Ihnen.<\/p><p><strong>Aickelin Objekt<br \/>Inh. Tim Aickelin<br \/><\/strong>Heiner-Fleischmann-Str. 9 \u00b7 74172 Neckarsulm<br \/>Tel.:<a href=\"tel:071321704160\"> 07132 \/ 170 41 60<\/a><br \/><span>Email:\u00a0<\/span><a href=\"mailto:info@aickelin.eu\">info@aickelin.eu<\/a><\/p>\t\t\t\t\t\t\t\t<\/div>\n\t\t\t\t<\/div>\n\t\t\t\t\t<\/div>\n\t\t<\/div>\n\t\t\t\t\t<\/div>\n\t\t<\/section>\n\t\t\t\t<section class=\"elementor-section elementor-top-section elementor-element elementor-element-9596d2a elementor-section-boxed elementor-section-height-default elementor-section-height-default\" data-id=\"9596d2a\" data-element_type=\"section\" data-e-type=\"section\">\n\t\t\t\t\t\t<div class=\"elementor-container elementor-column-gap-default\">\n\t\t\t\t\t<div class=\"elementor-column elementor-col-100 elementor-top-column elementor-element elementor-element-68ac5aa\" data-id=\"68ac5aa\" data-element_type=\"column\" data-e-type=\"column\">\n\t\t\t<div class=\"elementor-widget-wrap elementor-element-populated\">\n\t\t\t\t\t\t<div class=\"elementor-element elementor-element-75ef245 elementor-widget elementor-widget-google_maps\" data-id=\"75ef245\" data-element_type=\"widget\" data-e-type=\"widget\" data-widget_type=\"google_maps.default\">\n\t\t\t\t<div class=\"elementor-widget-container\">\n\t\t\t\t\t\t\t<div class=\"elementor-custom-embed\">\n\t\t\t<iframe loading=\"lazy\"\n\t\t\t\t\tsrc=\"https:\/\/maps.google.com\/maps?q=Heiner-Fleischmann-Sra%C3%9Fe%209%2C%2074172%20Neckarsulm&#038;t=m&#038;z=15&#038;output=embed&#038;iwloc=near\"\n\t\t\t\t\ttitle=\"Heiner-Fleischmann-Sra\u00dfe 9, 74172 Neckarsulm\"\n\t\t\t\t\taria-label=\"Heiner-Fleischmann-Sra\u00dfe 9, 74172 Neckarsulm\"\n\t\t\t><\/iframe>\n\t\t<\/div>\n\t\t\t\t\t\t<\/div>\n\t\t\t\t<\/div>\n\t\t\t\t\t<\/div>\n\t\t<\/div>\n\t\t\t\t\t<\/div>\n\t\t<\/section>\n\t\t\t\t<section class=\"elementor-section elementor-top-section elementor-element elementor-element-476e133 elementor-section-boxed elementor-section-height-default elementor-section-height-default\" data-id=\"476e133\" data-element_type=\"section\" data-e-type=\"section\">\n\t\t\t\t\t\t<div class=\"elementor-container elementor-column-gap-default\">\n\t\t\t\t\t<div class=\"elementor-column elementor-col-100 elementor-top-column elementor-element elementor-element-6b32fe4\" data-id=\"6b32fe4\" data-element_type=\"column\" data-e-type=\"column\">\n\t\t\t<div class=\"elementor-widget-wrap elementor-element-populated\">\n\t\t\t\t\t\t<div class=\"elementor-element elementor-element-f4f83fb elementor-widget elementor-widget-text-editor\" data-id=\"f4f83fb\" data-element_type=\"widget\" data-e-type=\"widget\" data-widget_type=\"text-editor.default\">\n\t\t\t\t<div class=\"elementor-widget-container\">\n\t\t\t\t\t\t\t\t\t<p>Bei der Realisierung Ihrer Wohntr\u00e4ume stehen wir Ihnen von Anfang bis Ende zur Seite.<\/p>\t\t\t\t\t\t\t\t<\/div>\n\t\t\t\t<\/div>\n\t\t\t\t\t<\/div>\n\t\t<\/div>\n\t\t\t\t\t<\/div>\n\t\t<\/section>\n\t\t\t\t<\/div>\n\t\t","protected":false},"excerpt":{"rendered":"<p>Sie m\u00f6chten Ihr Zuhause neu gestalten oder w\u00fcnschen eine individuelle Beratung zu Parkett, Bodenbel\u00e4gen oder Wohnkonzepten? Dann sind Sie bei uns genau richtig! \u00a0Aickelin Objekt ist Ihr zuverl\u00e4ssiger Ansprechpartner f\u00fcr Beratung, Planung und Umsetzung im Gro\u00dfraum Heilbronn. Wir sind regional f\u00fcr Sie im Einsatz \u2013 unter anderem in:Heilbronn, Neckarsulm, Ludwigsburg, Sinsheim, Stuttgart, Mosbach und der [&hellip;]<\/p>\n","protected":false},"author":2,"featured_media":0,"parent":0,"menu_order":0,"comment_status":"closed","ping_status":"closed","template":"","meta":{"footnotes":""},"class_list":["post-5750","page","type-page","status-publish","hentry"],"aioseo_notices":[],"_links":{"self":[{"href":"https:\/\/aickelin.eu\/cms\/wp-json\/wp\/v2\/pages\/5750","targetHints":{"allow":["GET"]}}],"collection":[{"href":"https:\/\/aickelin.eu\/cms\/wp-json\/wp\/v2\/pages"}],"about":[{"href":"https:\/\/aickelin.eu\/cms\/wp-json\/wp\/v2\/types\/page"}],"author":[{"embeddable":true,"href":"https:\/\/aickelin.eu\/cms\/wp-json\/wp\/v2\/users\/2"}],"replies":[{"embeddable":true,"href":"https:\/\/aickelin.eu\/cms\/wp-json\/wp\/v2\/comments?post=5750"}],"version-history":[{"count":55,"href":"https:\/\/aickelin.eu\/cms\/wp-json\/wp\/v2\/pages\/5750\/revisions"}],"predecessor-version":[{"id":8333,"href":"https:\/\/aickelin.eu\/cms\/wp-json\/wp\/v2\/pages\/5750\/revisions\/8333"}],"wp:attachment":[{"href":"https:\/\/aickelin.eu\/cms\/wp-json\/wp\/v2\/media?parent=5750"}],"curies":[{"name":"wp","href":"https:\/\/api.w.org\/{rel}","templated":true}]}}