{"id":5752,"date":"2019-02-12T11:38:29","date_gmt":"2019-02-12T11:38:29","guid":{"rendered":"https:\/\/aickelin.eu\/cms\/?page_id=5752"},"modified":"2025-07-30T14:50:16","modified_gmt":"2025-07-30T14:50:16","slug":"designboeden-vinyl","status":"publish","type":"page","link":"https:\/\/aickelin.eu\/cms\/designboeden-vinyl\/","title":{"rendered":"Designb\u00f6den \/ Vinyl"},"content":{"rendered":"\t\t<div data-elementor-type=\"wp-post\" data-elementor-id=\"5752\" class=\"elementor elementor-5752\">\n\t\t\t\t\t\t<section class=\"elementor-section elementor-top-section elementor-element elementor-element-03644c3 elementor-section-boxed elementor-section-height-default elementor-section-height-default\" data-id=\"03644c3\" data-element_type=\"section\" data-e-type=\"section\">\n\t\t\t\t\t\t<div class=\"elementor-container elementor-column-gap-default\">\n\t\t\t\t\t<div class=\"elementor-column elementor-col-100 elementor-top-column elementor-element elementor-element-a6e81ef\" data-id=\"a6e81ef\" data-element_type=\"column\" data-e-type=\"column\">\n\t\t\t<div class=\"elementor-widget-wrap elementor-element-populated\">\n\t\t\t\t\t\t<div class=\"elementor-element elementor-element-ed34189 elementor-widget elementor-widget-text-editor\" data-id=\"ed34189\" data-element_type=\"widget\" data-e-type=\"widget\" data-widget_type=\"text-editor.default\">\n\t\t\t\t<div class=\"elementor-widget-container\">\n\t\t\t\t\t\t\t\t\t<p class=\"p1\"><b>Holz \u00b7 Steinoptik \u00b7 Abstrakt in Form von Planken oder Fliesen.<\/b><\/p>\t\t\t\t\t\t\t\t<\/div>\n\t\t\t\t<\/div>\n\t\t\t\t\t<\/div>\n\t\t<\/div>\n\t\t\t\t\t<\/div>\n\t\t<\/section>\n\t\t\t\t<section class=\"elementor-section elementor-top-section elementor-element elementor-element-50e39f1 elementor-section-boxed elementor-section-height-default elementor-section-height-default\" data-id=\"50e39f1\" data-element_type=\"section\" data-e-type=\"section\">\n\t\t\t\t\t\t<div class=\"elementor-container elementor-column-gap-default\">\n\t\t\t\t\t<div class=\"elementor-column elementor-col-100 elementor-top-column elementor-element elementor-element-30782e7\" data-id=\"30782e7\" data-element_type=\"column\" data-e-type=\"column\">\n\t\t\t<div class=\"elementor-widget-wrap elementor-element-populated\">\n\t\t\t\t\t\t<div class=\"elementor-element elementor-element-005f54c elementor-widget elementor-widget-text-editor\" data-id=\"005f54c\" data-element_type=\"widget\" data-e-type=\"widget\" data-widget_type=\"text-editor.default\">\n\t\t\t\t<div class=\"elementor-widget-container\">\n\t\t\t\t\t\t\t\t\t<h2 class=\"p1\">Designb\u00f6den &amp; Vinyl \u2013 Beratung, Verkauf und Verlegung\u00a0<\/h2>\t\t\t\t\t\t\t\t<\/div>\n\t\t\t\t<\/div>\n\t\t\t\t\t<\/div>\n\t\t<\/div>\n\t\t\t\t\t<\/div>\n\t\t<\/section>\n\t\t\t\t<section class=\"elementor-section elementor-top-section elementor-element elementor-element-0f325a9 elementor-section-boxed elementor-section-height-default elementor-section-height-default\" data-id=\"0f325a9\" data-element_type=\"section\" data-e-type=\"section\">\n\t\t\t\t\t\t<div class=\"elementor-container elementor-column-gap-default\">\n\t\t\t\t\t<div class=\"elementor-column elementor-col-100 elementor-top-column elementor-element elementor-element-b85e629\" data-id=\"b85e629\" data-element_type=\"column\" data-e-type=\"column\">\n\t\t\t<div class=\"elementor-widget-wrap elementor-element-populated\">\n\t\t\t\t\t\t<div class=\"elementor-element elementor-element-84d1de6 elementor-widget elementor-widget-text-editor\" data-id=\"84d1de6\" data-element_type=\"widget\" data-e-type=\"widget\" data-widget_type=\"text-editor.default\">\n\t\t\t\t<div class=\"elementor-widget-container\">\n\t\t\t\t\t\t\t\t\t<p class=\"p1\">Moderne <strong data-start=\"283\" data-end=\"308\">Designb\u00f6den aus Vinyl<\/strong> verbinden ansprechendes Design mit hoher Funktionalit\u00e4t \u2013 ideal f\u00fcr private und gewerbliche R\u00e4ume. Bei <strong data-start=\"412\" data-end=\"424\">Aickelin<\/strong> sind wir Ihr kompetenter Partner rund um <strong data-start=\"466\" data-end=\"493\">Vinyl- und Designbel\u00e4ge<\/strong> im <strong data-start=\"497\" data-end=\"515\">Raum Heilbronn<\/strong>.<\/p>\t\t\t\t\t\t\t\t<\/div>\n\t\t\t\t<\/div>\n\t\t\t\t\t<\/div>\n\t\t<\/div>\n\t\t\t\t\t<\/div>\n\t\t<\/section>\n\t\t\t\t<section class=\"elementor-section elementor-top-section elementor-element elementor-element-44c0a9f elementor-section-boxed elementor-section-height-default elementor-section-height-default\" data-id=\"44c0a9f\" data-element_type=\"section\" data-e-type=\"section\">\n\t\t\t\t\t\t<div class=\"elementor-container elementor-column-gap-default\">\n\t\t\t\t\t<div class=\"elementor-column elementor-col-100 elementor-top-column elementor-element elementor-element-57fec06\" data-id=\"57fec06\" data-element_type=\"column\" data-e-type=\"column\">\n\t\t\t<div class=\"elementor-widget-wrap elementor-element-populated\">\n\t\t\t\t\t\t<div class=\"elementor-element elementor-element-7a4726d elementor-widget elementor-widget-text-editor\" data-id=\"7a4726d\" data-element_type=\"widget\" data-e-type=\"widget\" data-widget_type=\"text-editor.default\">\n\t\t\t\t<div class=\"elementor-widget-container\">\n\t\t\t\t\t\t\t\t\t<h3 data-start=\"518\" data-end=\"542\">Pers\u00f6nliche Beratung<\/h3><p data-start=\"543\" data-end=\"818\">Wir beraten Sie umfassend und individuell zu den vielf\u00e4ltigen M\u00f6glichkeiten moderner Designbel\u00e4ge \u2013 egal ob Sie sich einen nat\u00fcrlichen Holzlook, Steinoptik oder kreative Muster w\u00fcnschen. Gemeinsam finden wir den Boden, der perfekt zu Ihren Anforderungen und Ihrem Stil passt.<\/p><h3 data-start=\"820\" data-end=\"857\">Verkauf hochwertiger Designbel\u00e4ge<\/h3><p data-start=\"858\" data-end=\"1106\">In unserem Sortiment f\u00fchren wir eine gro\u00dfe Auswahl an <strong data-start=\"912\" data-end=\"951\">hochwertigen Vinyl- und Designb\u00f6den<\/strong> namhafter Hersteller. Diese zeichnen sich durch Langlebigkeit, Pflegeleichtigkeit und eine authentische Optik aus \u2013 ideal f\u00fcr stark beanspruchte Bereiche.<\/p><h3 data-start=\"1108\" data-end=\"1139\">Fachgerechte Bodenverlegung<\/h3><p data-start=\"1140\" data-end=\"1372\">Neben Beratung und Verkauf \u00fcbernehmen wir auf Wunsch auch die <strong data-start=\"1202\" data-end=\"1228\">fachgerechte Verlegung<\/strong> Ihres neuen Designbodens. Unser erfahrenes Team sorgt f\u00fcr ein sauberes und langlebiges Ergebnis \u2013 professionell, zuverl\u00e4ssig und termingerecht.<\/p>\t\t\t\t\t\t\t\t<\/div>\n\t\t\t\t<\/div>\n\t\t\t\t\t<\/div>\n\t\t<\/div>\n\t\t\t\t\t<\/div>\n\t\t<\/section>\n\t\t\t\t<section class=\"elementor-section elementor-top-section elementor-element elementor-element-2899e32 elementor-section-boxed elementor-section-height-default elementor-section-height-default\" data-id=\"2899e32\" data-element_type=\"section\" data-e-type=\"section\">\n\t\t\t\t\t\t<div class=\"elementor-container elementor-column-gap-default\">\n\t\t\t\t\t<div class=\"elementor-column elementor-col-100 elementor-top-column elementor-element elementor-element-ff47a10\" data-id=\"ff47a10\" data-element_type=\"column\" data-e-type=\"column\">\n\t\t\t<div class=\"elementor-widget-wrap elementor-element-populated\">\n\t\t\t\t\t\t<div class=\"elementor-element elementor-element-1162bb8 elementor-widget elementor-widget-image\" data-id=\"1162bb8\" data-element_type=\"widget\" data-e-type=\"widget\" data-widget_type=\"image.default\">\n\t\t\t\t<div class=\"elementor-widget-container\">\n\t\t\t\t\t\t\t\t\t\t\t\t\t\t\t<img fetchpriority=\"high\" decoding=\"async\" width=\"768\" height=\"127\" src=\"https:\/\/aickelin.eu\/cms\/wp-content\/uploads\/2019\/02\/Designboeden-Vinyl-1-768x127.png\" class=\"attachment-medium_large size-medium_large wp-image-5854\" alt=\"\" srcset=\"https:\/\/aickelin.eu\/cms\/wp-content\/uploads\/2019\/02\/Designboeden-Vinyl-1-768x127.png 768w, https:\/\/aickelin.eu\/cms\/wp-content\/uploads\/2019\/02\/Designboeden-Vinyl-1-300x49.png 300w, https:\/\/aickelin.eu\/cms\/wp-content\/uploads\/2019\/02\/Designboeden-Vinyl-1-1024x169.png 1024w, https:\/\/aickelin.eu\/cms\/wp-content\/uploads\/2019\/02\/Designboeden-Vinyl-1-1366x225.png 1366w, https:\/\/aickelin.eu\/cms\/wp-content\/uploads\/2019\/02\/Designboeden-Vinyl-1-1920x317.png 1920w\" sizes=\"(max-width: 768px) 100vw, 768px\" title=\"Designboeden-Vinyl\" \/>\t\t\t\t\t\t\t\t\t\t\t\t\t\t\t<\/div>\n\t\t\t\t<\/div>\n\t\t\t\t\t<\/div>\n\t\t<\/div>\n\t\t\t\t\t<\/div>\n\t\t<\/section>\n\t\t\t\t<section class=\"elementor-section elementor-top-section elementor-element elementor-element-973d779 elementor-section-boxed elementor-section-height-default elementor-section-height-default\" data-id=\"973d779\" data-element_type=\"section\" data-e-type=\"section\">\n\t\t\t\t\t\t<div class=\"elementor-container elementor-column-gap-default\">\n\t\t\t\t\t<div class=\"elementor-column elementor-col-100 elementor-top-column elementor-element elementor-element-c4af461\" data-id=\"c4af461\" data-element_type=\"column\" data-e-type=\"column\">\n\t\t\t<div class=\"elementor-widget-wrap elementor-element-populated\">\n\t\t\t\t\t\t<div class=\"elementor-element elementor-element-9826f59 elementor-widget elementor-widget-text-editor\" data-id=\"9826f59\" data-element_type=\"widget\" data-e-type=\"widget\" data-widget_type=\"text-editor.default\">\n\t\t\t\t<div class=\"elementor-widget-container\">\n\t\t\t\t\t\t\t\t\t<h5 class=\"p1\">Verschiedene Designgruppen und eine Vielzahl an Strukturen und Farben erm\u00f6glichen eine individuelle Raumgestaltung ganz nach Ihrem Geschmack.\u00a0<\/h5><h5 class=\"p1\"><strong>Durch spezielle Verlegetechniken lassen sich Raumoptik und Wirkung zus\u00e4tzlich beeinflussen.<\/strong><\/h5>\t\t\t\t\t\t\t\t<\/div>\n\t\t\t\t<\/div>\n\t\t\t\t\t<\/div>\n\t\t<\/div>\n\t\t\t\t\t<\/div>\n\t\t<\/section>\n\t\t\t\t<section class=\"elementor-section elementor-top-section elementor-element elementor-element-f05b3d3 elementor-section-boxed elementor-section-height-default elementor-section-height-default\" data-id=\"f05b3d3\" data-element_type=\"section\" data-e-type=\"section\">\n\t\t\t\t\t\t<div class=\"elementor-container elementor-column-gap-default\">\n\t\t\t\t\t<div class=\"elementor-column elementor-col-100 elementor-top-column elementor-element elementor-element-ef36fe5\" data-id=\"ef36fe5\" data-element_type=\"column\" data-e-type=\"column\">\n\t\t\t<div class=\"elementor-widget-wrap\">\n\t\t\t\t\t\t\t<\/div>\n\t\t<\/div>\n\t\t\t\t\t<\/div>\n\t\t<\/section>\n\t\t\t\t<section class=\"elementor-section elementor-top-section elementor-element elementor-element-999de03 elementor-section-boxed elementor-section-height-default elementor-section-height-default\" data-id=\"999de03\" data-element_type=\"section\" data-e-type=\"section\">\n\t\t\t\t\t\t<div class=\"elementor-container elementor-column-gap-default\">\n\t\t\t\t\t<div class=\"elementor-column elementor-col-50 elementor-top-column elementor-element elementor-element-59af3f0\" data-id=\"59af3f0\" data-element_type=\"column\" data-e-type=\"column\">\n\t\t\t<div class=\"elementor-widget-wrap elementor-element-populated\">\n\t\t\t\t\t\t<div class=\"elementor-element elementor-element-1e0cedf elementor-widget elementor-widget-heading\" data-id=\"1e0cedf\" data-element_type=\"widget\" data-e-type=\"widget\" data-widget_type=\"heading.default\">\n\t\t\t\t<div class=\"elementor-widget-container\">\n\t\t\t\t\t<h2 class=\"elementor-heading-title elementor-size-default\">Vorteile von Designbel\u00e4gen\u200b<\/h2>\t\t\t\t<\/div>\n\t\t\t\t<\/div>\n\t\t\t\t<div class=\"elementor-element elementor-element-7bf4bd4 elementor-widget elementor-widget-text-editor\" data-id=\"7bf4bd4\" data-element_type=\"widget\" data-e-type=\"widget\" data-widget_type=\"text-editor.default\">\n\t\t\t\t<div class=\"elementor-widget-container\">\n\t\t\t\t\t\t\t\t\t<ul><li>B\u00f6den mit hyper-realistischem Design<\/li><li>Au\u00dfergew\u00f6hnliche Mustervielfalt<\/li><li>Immer ein authentisches Aussehen und Gef\u00fchl<\/li><li>Ein angenehm weiches und warmes Gef\u00fchl<\/li><li>Ausgezeichnete Akustik zu Hause<\/li><li>Leicht zu pflegen<\/li><li>Vollst\u00e4ndig wasserbest\u00e4ndig und sch\u00fctzende Deckschicht<\/li><\/ul>\t\t\t\t\t\t\t\t<\/div>\n\t\t\t\t<\/div>\n\t\t\t\t<div class=\"elementor-element elementor-element-48554d1 elementor-widget elementor-widget-image\" data-id=\"48554d1\" data-element_type=\"widget\" data-e-type=\"widget\" data-widget_type=\"image.default\">\n\t\t\t\t<div class=\"elementor-widget-container\">\n\t\t\t\t\t\t\t\t\t\t\t\t\t\t\t<img decoding=\"async\" width=\"940\" height=\"625\" src=\"https:\/\/aickelin.eu\/cms\/wp-content\/uploads\/2024\/07\/grid-usp4-4-3-1024x681.jpg\" class=\"attachment-large size-large wp-image-7462\" alt=\"\" srcset=\"https:\/\/aickelin.eu\/cms\/wp-content\/uploads\/2024\/07\/grid-usp4-4-3-1024x681.jpg 1024w, https:\/\/aickelin.eu\/cms\/wp-content\/uploads\/2024\/07\/grid-usp4-4-3-300x200.jpg 300w, https:\/\/aickelin.eu\/cms\/wp-content\/uploads\/2024\/07\/grid-usp4-4-3-768x511.jpg 768w, https:\/\/aickelin.eu\/cms\/wp-content\/uploads\/2024\/07\/grid-usp4-4-3-480x319.jpg 480w, https:\/\/aickelin.eu\/cms\/wp-content\/uploads\/2024\/07\/grid-usp4-4-3.jpg 1127w\" sizes=\"(max-width: 940px) 100vw, 940px\" title=\"grid-usp4-4-3\" \/>\t\t\t\t\t\t\t\t\t\t\t\t\t\t\t<\/div>\n\t\t\t\t<\/div>\n\t\t\t\t\t<\/div>\n\t\t<\/div>\n\t\t\t\t<div class=\"elementor-column elementor-col-50 elementor-top-column elementor-element elementor-element-6b4183d\" data-id=\"6b4183d\" data-element_type=\"column\" data-e-type=\"column\">\n\t\t\t<div class=\"elementor-widget-wrap elementor-element-populated\">\n\t\t\t\t\t\t<div class=\"elementor-element elementor-element-e36422b elementor-widget elementor-widget-heading\" data-id=\"e36422b\" data-element_type=\"widget\" data-e-type=\"widget\" data-widget_type=\"heading.default\">\n\t\t\t\t<div class=\"elementor-widget-container\">\n\t\t\t\t\t<h2 class=\"elementor-heading-title elementor-size-default\">\u2026f\u00fcr jeden Raum geeignet<\/h2>\t\t\t\t<\/div>\n\t\t\t\t<\/div>\n\t\t\t\t<div class=\"elementor-element elementor-element-ac00a87 elementor-widget elementor-widget-image\" data-id=\"ac00a87\" data-element_type=\"widget\" data-e-type=\"widget\" data-widget_type=\"image.default\">\n\t\t\t\t<div class=\"elementor-widget-container\">\n\t\t\t\t\t\t\t\t\t\t\t\t\t\t\t<img decoding=\"async\" width=\"819\" height=\"1024\" src=\"https:\/\/aickelin.eu\/cms\/wp-content\/uploads\/2024\/07\/LR_Jet-Stone_46958_room_1000x1250-819x1024.jpg\" class=\"attachment-large size-large wp-image-7461\" alt=\"\" srcset=\"https:\/\/aickelin.eu\/cms\/wp-content\/uploads\/2024\/07\/LR_Jet-Stone_46958_room_1000x1250-819x1024.jpg 819w, https:\/\/aickelin.eu\/cms\/wp-content\/uploads\/2024\/07\/LR_Jet-Stone_46958_room_1000x1250-240x300.jpg 240w, https:\/\/aickelin.eu\/cms\/wp-content\/uploads\/2024\/07\/LR_Jet-Stone_46958_room_1000x1250-768x960.jpg 768w, https:\/\/aickelin.eu\/cms\/wp-content\/uploads\/2024\/07\/LR_Jet-Stone_46958_room_1000x1250-480x600.jpg 480w, https:\/\/aickelin.eu\/cms\/wp-content\/uploads\/2024\/07\/LR_Jet-Stone_46958_room_1000x1250.jpg 1000w\" sizes=\"(max-width: 819px) 100vw, 819px\" title=\"LR_Jet-Stone_46958_room_1000x1250\" \/>\t\t\t\t\t\t\t\t\t\t\t\t\t\t\t<\/div>\n\t\t\t\t<\/div>\n\t\t\t\t\t<\/div>\n\t\t<\/div>\n\t\t\t\t\t<\/div>\n\t\t<\/section>\n\t\t\t\t<section class=\"elementor-section elementor-top-section elementor-element elementor-element-89f6956 elementor-section-boxed elementor-section-height-default elementor-section-height-default\" data-id=\"89f6956\" data-element_type=\"section\" data-e-type=\"section\">\n\t\t\t\t\t\t<div class=\"elementor-container elementor-column-gap-default\">\n\t\t\t\t\t<div class=\"elementor-column elementor-col-100 elementor-top-column elementor-element elementor-element-a451c22\" data-id=\"a451c22\" data-element_type=\"column\" data-e-type=\"column\">\n\t\t\t<div class=\"elementor-widget-wrap elementor-element-populated\">\n\t\t\t\t\t\t<div class=\"elementor-element elementor-element-dffc1bb elementor-widget elementor-widget-text-editor\" data-id=\"dffc1bb\" data-element_type=\"widget\" data-e-type=\"widget\" data-widget_type=\"text-editor.default\">\n\t\t\t\t<div class=\"elementor-widget-container\">\n\t\t\t\t\t\t\t\t\t\n<h6 style=\"text-align: right;\"><em>Texte und Bilder auszugsweise mit freundlicher Genehmigung der<span>\u00a0<\/span><a href=\"https:\/\/www.moduleo.com\/de-de\" target=\"_blank\" rel=\"noopener\">UNILIN Flooring \/ IVC Group GmbH<\/a>.<\/em><\/h6>\n\t\t\t\t\t\t\t\t<\/div>\n\t\t\t\t<\/div>\n\t\t\t\t\t<\/div>\n\t\t<\/div>\n\t\t\t\t\t<\/div>\n\t\t<\/section>\n\t\t\t\t<section class=\"elementor-section elementor-top-section elementor-element elementor-element-54cd364 elementor-section-boxed elementor-section-height-default elementor-section-height-default\" data-id=\"54cd364\" data-element_type=\"section\" data-e-type=\"section\">\n\t\t\t\t\t\t<div class=\"elementor-container elementor-column-gap-default\">\n\t\t\t\t\t<div class=\"elementor-column elementor-col-100 elementor-top-column elementor-element elementor-element-1cf0472\" data-id=\"1cf0472\" data-element_type=\"column\" data-e-type=\"column\">\n\t\t\t<div class=\"elementor-widget-wrap elementor-element-populated\">\n\t\t\t\t\t\t<div class=\"elementor-element elementor-element-1c182ca elementor-widget elementor-widget-text-editor\" data-id=\"1c182ca\" data-element_type=\"widget\" data-e-type=\"widget\" data-widget_type=\"text-editor.default\">\n\t\t\t\t<div class=\"elementor-widget-container\">\n\t\t\t\t\t\t\t\t\t<h2 style=\"text-align: center;\">Unsere Marken und Lieferanten zum Thema Designbel\u00e4ge<\/h2>\n<p style=\"text-align: center;\">\u2013 mit Klick auf das Logo gelangen Sie auf deren Webseite<\/p>\t\t\t\t\t\t\t\t<\/div>\n\t\t\t\t<\/div>\n\t\t\t\t\t<\/div>\n\t\t<\/div>\n\t\t\t\t\t<\/div>\n\t\t<\/section>\n\t\t\t\t<section class=\"elementor-section elementor-top-section elementor-element elementor-element-cc23604 elementor-section-boxed elementor-section-height-default elementor-section-height-default\" data-id=\"cc23604\" data-element_type=\"section\" data-e-type=\"section\">\n\t\t\t\t\t\t<div class=\"elementor-container elementor-column-gap-default\">\n\t\t\t\t\t<div class=\"elementor-column elementor-col-33 elementor-top-column elementor-element elementor-element-7797bf7\" data-id=\"7797bf7\" data-element_type=\"column\" data-e-type=\"column\">\n\t\t\t<div class=\"elementor-widget-wrap elementor-element-populated\">\n\t\t\t\t\t\t<div class=\"elementor-element elementor-element-dd5b11c elementor-widget elementor-widget-image\" data-id=\"dd5b11c\" data-element_type=\"widget\" data-e-type=\"widget\" data-widget_type=\"image.default\">\n\t\t\t\t<div class=\"elementor-widget-container\">\n\t\t\t\t\t\t\t\t\t\t\t\t\t\t\t\t<a href=\"https:\/\/www.gerflor.de\/\" target=\"_blank\">\n\t\t\t\t\t\t\t<img loading=\"lazy\" decoding=\"async\" width=\"300\" height=\"128\" src=\"https:\/\/aickelin.eu\/cms\/wp-content\/uploads\/2024\/07\/gerflor-Designbelag-300x128.png\" class=\"attachment-medium size-medium wp-image-7538\" alt=\"\" srcset=\"https:\/\/aickelin.eu\/cms\/wp-content\/uploads\/2024\/07\/gerflor-Designbelag-300x128.png 300w, https:\/\/aickelin.eu\/cms\/wp-content\/uploads\/2024\/07\/gerflor-Designbelag.png 454w\" sizes=\"(max-width: 300px) 100vw, 300px\" title=\"gerflor-Designbelag\" \/>\t\t\t\t\t\t\t\t<\/a>\n\t\t\t\t\t\t\t\t\t\t\t\t\t\t\t<\/div>\n\t\t\t\t<\/div>\n\t\t\t\t\t<\/div>\n\t\t<\/div>\n\t\t\t\t<div class=\"elementor-column elementor-col-33 elementor-top-column elementor-element elementor-element-9fbcb65\" data-id=\"9fbcb65\" data-element_type=\"column\" data-e-type=\"column\">\n\t\t\t<div class=\"elementor-widget-wrap elementor-element-populated\">\n\t\t\t\t\t\t<div class=\"elementor-element elementor-element-3c47808 elementor-widget elementor-widget-image\" data-id=\"3c47808\" data-element_type=\"widget\" data-e-type=\"widget\" data-widget_type=\"image.default\">\n\t\t\t\t<div class=\"elementor-widget-container\">\n\t\t\t\t\t\t\t\t\t\t\t\t\t\t\t\t<a href=\"https:\/\/www.ivc-commercial.com\/de-de\" target=\"_blank\">\n\t\t\t\t\t\t\t<img loading=\"lazy\" decoding=\"async\" width=\"300\" height=\"112\" src=\"https:\/\/aickelin.eu\/cms\/wp-content\/uploads\/2024\/07\/ivc-bodenbelag-1-300x112.png\" class=\"attachment-medium size-medium wp-image-7540\" alt=\"\" srcset=\"https:\/\/aickelin.eu\/cms\/wp-content\/uploads\/2024\/07\/ivc-bodenbelag-1-300x112.png 300w, https:\/\/aickelin.eu\/cms\/wp-content\/uploads\/2024\/07\/ivc-bodenbelag-1.png 454w\" sizes=\"(max-width: 300px) 100vw, 300px\" title=\"ivc-bodenbelag\" \/>\t\t\t\t\t\t\t\t<\/a>\n\t\t\t\t\t\t\t\t\t\t\t\t\t\t\t<\/div>\n\t\t\t\t<\/div>\n\t\t\t\t\t<\/div>\n\t\t<\/div>\n\t\t\t\t<div class=\"elementor-column elementor-col-33 elementor-top-column elementor-element elementor-element-879b010\" data-id=\"879b010\" data-element_type=\"column\" data-e-type=\"column\">\n\t\t\t<div class=\"elementor-widget-wrap elementor-element-populated\">\n\t\t\t\t\t\t<div class=\"elementor-element elementor-element-b817d20 elementor-widget elementor-widget-image\" data-id=\"b817d20\" data-element_type=\"widget\" data-e-type=\"widget\" data-widget_type=\"image.default\">\n\t\t\t\t<div class=\"elementor-widget-container\">\n\t\t\t\t\t\t\t\t\t\t\t\t\t\t\t\t<a href=\"https:\/\/www.moduleo.com\/de-de\" target=\"_blank\">\n\t\t\t\t\t\t\t<img loading=\"lazy\" decoding=\"async\" width=\"300\" height=\"106\" src=\"https:\/\/aickelin.eu\/cms\/wp-content\/uploads\/2024\/07\/moduleo-designbelag-1-300x106.png\" class=\"attachment-medium size-medium wp-image-7539\" alt=\"\" srcset=\"https:\/\/aickelin.eu\/cms\/wp-content\/uploads\/2024\/07\/moduleo-designbelag-1-300x106.png 300w, https:\/\/aickelin.eu\/cms\/wp-content\/uploads\/2024\/07\/moduleo-designbelag-1.png 454w\" sizes=\"(max-width: 300px) 100vw, 300px\" title=\"moduleo-designbelag\" \/>\t\t\t\t\t\t\t\t<\/a>\n\t\t\t\t\t\t\t\t\t\t\t\t\t\t\t<\/div>\n\t\t\t\t<\/div>\n\t\t\t\t\t<\/div>\n\t\t<\/div>\n\t\t\t\t\t<\/div>\n\t\t<\/section>\n\t\t\t\t<section class=\"elementor-section elementor-top-section elementor-element elementor-element-ee9fe5d elementor-section-boxed elementor-section-height-default elementor-section-height-default\" data-id=\"ee9fe5d\" data-element_type=\"section\" data-e-type=\"section\">\n\t\t\t\t\t\t<div class=\"elementor-container elementor-column-gap-default\">\n\t\t\t\t\t<div class=\"elementor-column elementor-col-50 elementor-top-column elementor-element elementor-element-6761c24\" data-id=\"6761c24\" data-element_type=\"column\" data-e-type=\"column\">\n\t\t\t<div class=\"elementor-widget-wrap elementor-element-populated\">\n\t\t\t\t\t\t<div class=\"elementor-element elementor-element-1b900f1 elementor-widget elementor-widget-image\" data-id=\"1b900f1\" data-element_type=\"widget\" data-e-type=\"widget\" data-widget_type=\"image.default\">\n\t\t\t\t<div class=\"elementor-widget-container\">\n\t\t\t\t\t\t\t\t\t\t\t\t\t\t\t\t<a href=\"https:\/\/www.tarkett.de\/\" target=\"_blank\">\n\t\t\t\t\t\t\t<img loading=\"lazy\" decoding=\"async\" width=\"300\" height=\"85\" src=\"https:\/\/aickelin.eu\/cms\/wp-content\/uploads\/2024\/07\/tarkett-bodenbelag-300x85.png\" class=\"attachment-medium size-medium wp-image-7537\" alt=\"\" srcset=\"https:\/\/aickelin.eu\/cms\/wp-content\/uploads\/2024\/07\/tarkett-bodenbelag-300x85.png 300w, https:\/\/aickelin.eu\/cms\/wp-content\/uploads\/2024\/07\/tarkett-bodenbelag.png 454w\" sizes=\"(max-width: 300px) 100vw, 300px\" title=\"tarkett-bodenbelag\" \/>\t\t\t\t\t\t\t\t<\/a>\n\t\t\t\t\t\t\t\t\t\t\t\t\t\t\t<\/div>\n\t\t\t\t<\/div>\n\t\t\t\t\t<\/div>\n\t\t<\/div>\n\t\t\t\t<div class=\"elementor-column elementor-col-50 elementor-top-column elementor-element elementor-element-fe57330\" data-id=\"fe57330\" data-element_type=\"column\" data-e-type=\"column\">\n\t\t\t<div class=\"elementor-widget-wrap elementor-element-populated\">\n\t\t\t\t\t\t<div class=\"elementor-element elementor-element-6538270 elementor-widget elementor-widget-image\" data-id=\"6538270\" data-element_type=\"widget\" data-e-type=\"widget\" data-widget_type=\"image.default\">\n\t\t\t\t<div class=\"elementor-widget-container\">\n\t\t\t\t\t\t\t\t\t\t\t\t\t\t\t\t<a href=\"https:\/\/www.terhuerne.com\/\" target=\"_blank\">\n\t\t\t\t\t\t\t<img loading=\"lazy\" decoding=\"async\" width=\"300\" height=\"77\" src=\"https:\/\/aickelin.eu\/cms\/wp-content\/uploads\/2024\/07\/terhuerne-300x77.png\" class=\"attachment-medium size-medium wp-image-7504\" alt=\"\" srcset=\"https:\/\/aickelin.eu\/cms\/wp-content\/uploads\/2024\/07\/terhuerne-300x77.png 300w, https:\/\/aickelin.eu\/cms\/wp-content\/uploads\/2024\/07\/terhuerne.png 454w\" sizes=\"(max-width: 300px) 100vw, 300px\" title=\"terhuerne\" \/>\t\t\t\t\t\t\t\t<\/a>\n\t\t\t\t\t\t\t\t\t\t\t\t\t\t\t<\/div>\n\t\t\t\t<\/div>\n\t\t\t\t\t<\/div>\n\t\t<\/div>\n\t\t\t\t\t<\/div>\n\t\t<\/section>\n\t\t\t\t<\/div>\n\t\t","protected":false},"excerpt":{"rendered":"<p>Holz \u00b7 Steinoptik \u00b7 Abstrakt in Form von Planken oder Fliesen. Designb\u00f6den &amp; Vinyl \u2013 Beratung, Verkauf und Verlegung\u00a0 Moderne Designb\u00f6den aus Vinyl verbinden ansprechendes Design mit hoher Funktionalit\u00e4t \u2013 ideal f\u00fcr private und gewerbliche R\u00e4ume. Bei Aickelin sind wir Ihr kompetenter Partner rund um Vinyl- und Designbel\u00e4ge im Raum Heilbronn. Pers\u00f6nliche Beratung Wir beraten [&hellip;]<\/p>\n","protected":false},"author":2,"featured_media":0,"parent":0,"menu_order":0,"comment_status":"closed","ping_status":"closed","template":"","meta":{"footnotes":""},"class_list":["post-5752","page","type-page","status-publish","hentry"],"aioseo_notices":[],"_links":{"self":[{"href":"https:\/\/aickelin.eu\/cms\/wp-json\/wp\/v2\/pages\/5752","targetHints":{"allow":["GET"]}}],"collection":[{"href":"https:\/\/aickelin.eu\/cms\/wp-json\/wp\/v2\/pages"}],"about":[{"href":"https:\/\/aickelin.eu\/cms\/wp-json\/wp\/v2\/types\/page"}],"author":[{"embeddable":true,"href":"https:\/\/aickelin.eu\/cms\/wp-json\/wp\/v2\/users\/2"}],"replies":[{"embeddable":true,"href":"https:\/\/aickelin.eu\/cms\/wp-json\/wp\/v2\/comments?post=5752"}],"version-history":[{"count":42,"href":"https:\/\/aickelin.eu\/cms\/wp-json\/wp\/v2\/pages\/5752\/revisions"}],"predecessor-version":[{"id":8345,"href":"https:\/\/aickelin.eu\/cms\/wp-json\/wp\/v2\/pages\/5752\/revisions\/8345"}],"wp:attachment":[{"href":"https:\/\/aickelin.eu\/cms\/wp-json\/wp\/v2\/media?parent=5752"}],"curies":[{"name":"wp","href":"https:\/\/api.w.org\/{rel}","templated":true}]}}