{"id":5754,"date":"2019-02-12T11:38:36","date_gmt":"2019-02-12T11:38:36","guid":{"rendered":"https:\/\/aickelin.eu\/cms\/?page_id=5754"},"modified":"2025-07-30T15:10:54","modified_gmt":"2025-07-30T15:10:54","slug":"teppichboden","status":"publish","type":"page","link":"https:\/\/aickelin.eu\/cms\/teppichboden\/","title":{"rendered":"Teppichboden"},"content":{"rendered":"\t\t<div data-elementor-type=\"wp-post\" data-elementor-id=\"5754\" class=\"elementor elementor-5754\">\n\t\t\t\t\t\t<section class=\"elementor-section elementor-top-section elementor-element elementor-element-b044795 elementor-section-boxed elementor-section-height-default elementor-section-height-default\" data-id=\"b044795\" data-element_type=\"section\" data-e-type=\"section\">\n\t\t\t\t\t\t<div class=\"elementor-container elementor-column-gap-default\">\n\t\t\t\t\t<div class=\"elementor-column elementor-col-100 elementor-top-column elementor-element elementor-element-c203119\" data-id=\"c203119\" data-element_type=\"column\" data-e-type=\"column\">\n\t\t\t<div class=\"elementor-widget-wrap elementor-element-populated\">\n\t\t\t\t\t\t<div class=\"elementor-element elementor-element-04613ee elementor-widget elementor-widget-text-editor\" data-id=\"04613ee\" data-element_type=\"widget\" data-e-type=\"widget\" data-widget_type=\"text-editor.default\">\n\t\t\t\t<div class=\"elementor-widget-container\">\n\t\t\t\t\t\t\t\t\t<h2 class=\"p1\">Teppichboden setzt stilvolle Akzente und schafft eine warme, einladende Atmosph\u00e4re \u2013 ideal zum Wohlf\u00fchlen und Ankommen.<\/h2>\t\t\t\t\t\t\t\t<\/div>\n\t\t\t\t<\/div>\n\t\t\t\t\t<\/div>\n\t\t<\/div>\n\t\t\t\t\t<\/div>\n\t\t<\/section>\n\t\t\t\t<section class=\"elementor-section elementor-top-section elementor-element elementor-element-a9e991e elementor-section-boxed elementor-section-height-default elementor-section-height-default\" data-id=\"a9e991e\" data-element_type=\"section\" data-e-type=\"section\">\n\t\t\t\t\t\t<div class=\"elementor-container elementor-column-gap-default\">\n\t\t\t\t\t<div class=\"elementor-column elementor-col-100 elementor-top-column elementor-element elementor-element-d511920\" data-id=\"d511920\" data-element_type=\"column\" data-e-type=\"column\">\n\t\t\t<div class=\"elementor-widget-wrap elementor-element-populated\">\n\t\t\t\t\t\t<div class=\"elementor-element elementor-element-28d52aa elementor-widget elementor-widget-text-editor\" data-id=\"28d52aa\" data-element_type=\"widget\" data-e-type=\"widget\" data-widget_type=\"text-editor.default\">\n\t\t\t\t<div class=\"elementor-widget-container\">\n\t\t\t\t\t\t\t\t\t<p data-start=\"230\" data-end=\"620\">Unser hochwertiges Sortiment \u00fcberzeugt nicht nur durch exzellente Qualit\u00e4t, sondern auch durch langlebige Gebrauchseigenschaften und besonders pflegeleichte Materialien.<br data-start=\"399\" data-end=\"402\" \/><strong>Ob lebendige Familienbereiche, elegante Gesch\u00e4ftsr\u00e4ume oder gem\u00fctliche R\u00fcckzugsorte \u2013 wir pr\u00e4sentieren Ihnen eine inspirierende Auswahl an Farben, Mustern und Oberfl\u00e4chen, die perfekt zu Ihrem Stil und Anspruch passen.<\/strong><\/p><p data-start=\"622\" data-end=\"749\">Verwandeln Sie R\u00e4ume in echte Wohlf\u00fchlzonen \u2013 mit unserer individuellen Beratung, kreativen Ideen und handwerklicher Pr\u00e4zision.<\/p>\t\t\t\t\t\t\t\t<\/div>\n\t\t\t\t<\/div>\n\t\t\t\t\t<\/div>\n\t\t<\/div>\n\t\t\t\t\t<\/div>\n\t\t<\/section>\n\t\t\t\t<section class=\"elementor-section elementor-top-section elementor-element elementor-element-8d3757a elementor-section-boxed elementor-section-height-default elementor-section-height-default\" data-id=\"8d3757a\" data-element_type=\"section\" data-e-type=\"section\">\n\t\t\t\t\t\t<div class=\"elementor-container elementor-column-gap-default\">\n\t\t\t\t\t<div class=\"elementor-column elementor-col-50 elementor-top-column elementor-element elementor-element-f66b404\" data-id=\"f66b404\" data-element_type=\"column\" data-e-type=\"column\">\n\t\t\t<div class=\"elementor-widget-wrap elementor-element-populated\">\n\t\t\t\t\t\t<div class=\"elementor-element elementor-element-4d49bcb elementor-widget elementor-widget-text-editor\" data-id=\"4d49bcb\" data-element_type=\"widget\" data-e-type=\"widget\" data-widget_type=\"text-editor.default\">\n\t\t\t\t<div class=\"elementor-widget-container\">\n\t\t\t\t\t\t\t\t\t<ul><li class=\"p1\">Bessere Lufthygiene<\/li><li class=\"p1\">Angenehmer Gehkomfort<\/li><li class=\"p1\">Weniger L\u00e4rm. Teppichb\u00f6den wirken tritt-\u00a0<span class=\"Apple-tab-span\"> <\/span>und schalld\u00e4mpfend<\/li><\/ul>\t\t\t\t\t\t\t\t<\/div>\n\t\t\t\t<\/div>\n\t\t\t\t\t<\/div>\n\t\t<\/div>\n\t\t\t\t<div class=\"elementor-column elementor-col-50 elementor-top-column elementor-element elementor-element-6a655d0\" data-id=\"6a655d0\" data-element_type=\"column\" data-e-type=\"column\">\n\t\t\t<div class=\"elementor-widget-wrap elementor-element-populated\">\n\t\t\t\t\t\t<div class=\"elementor-element elementor-element-ab8ea5a elementor-widget elementor-widget-image\" data-id=\"ab8ea5a\" data-element_type=\"widget\" data-e-type=\"widget\" data-widget_type=\"image.default\">\n\t\t\t\t<div class=\"elementor-widget-container\">\n\t\t\t\t\t\t\t\t\t\t\t\t\t\t\t<img fetchpriority=\"high\" decoding=\"async\" width=\"768\" height=\"351\" src=\"https:\/\/aickelin.eu\/cms\/wp-content\/uploads\/2019\/02\/Teppich-768x351.png\" class=\"attachment-medium_large size-medium_large wp-image-5857\" alt=\"\" srcset=\"https:\/\/aickelin.eu\/cms\/wp-content\/uploads\/2019\/02\/Teppich-768x351.png 768w, https:\/\/aickelin.eu\/cms\/wp-content\/uploads\/2019\/02\/Teppich-300x137.png 300w, https:\/\/aickelin.eu\/cms\/wp-content\/uploads\/2019\/02\/Teppich-1024x468.png 1024w, https:\/\/aickelin.eu\/cms\/wp-content\/uploads\/2019\/02\/Teppich-1366x624.png 1366w, https:\/\/aickelin.eu\/cms\/wp-content\/uploads\/2019\/02\/Teppich-1920x877.png 1920w\" sizes=\"(max-width: 768px) 100vw, 768px\" title=\"Teppich\" \/>\t\t\t\t\t\t\t\t\t\t\t\t\t\t\t<\/div>\n\t\t\t\t<\/div>\n\t\t\t\t\t<\/div>\n\t\t<\/div>\n\t\t\t\t\t<\/div>\n\t\t<\/section>\n\t\t\t\t<section class=\"elementor-section elementor-top-section elementor-element elementor-element-759d2e2 elementor-section-boxed elementor-section-height-default elementor-section-height-default\" data-id=\"759d2e2\" data-element_type=\"section\" data-e-type=\"section\">\n\t\t\t\t\t\t<div class=\"elementor-container elementor-column-gap-default\">\n\t\t\t\t\t<div class=\"elementor-column elementor-col-100 elementor-top-column elementor-element elementor-element-acecd1e\" data-id=\"acecd1e\" data-element_type=\"column\" data-e-type=\"column\">\n\t\t\t<div class=\"elementor-widget-wrap elementor-element-populated\">\n\t\t\t\t\t\t<div class=\"elementor-element elementor-element-02da67b elementor-widget elementor-widget-text-editor\" data-id=\"02da67b\" data-element_type=\"widget\" data-e-type=\"widget\" data-widget_type=\"text-editor.default\">\n\t\t\t\t<div class=\"elementor-widget-container\">\n\t\t\t\t\t\t\t\t\t<h3 class=\"p1\"><strong>tretford Teppich mit Kaschmir-Ziegenhaar<\/strong><\/h3><p><span>Das Wohnklima kann durch einen Teppich mit Naturhaar positiv beeinflusst werden. Das Flormaterial von tretford INTERLAND etwa besteht zu 80 Prozent aus Kaschmir-Ziegenhaar und zu 20 Prozent aus Schurwolle. Diese nat\u00fcrlichen Fasern nehmen \u00fcbersch\u00fcssige Feuchtigkeit aus der Raumluft auf und geben sie bei Bedarf in trockeneren Zeiten, etwa wenn die Heizung l\u00e4uft, wieder ab. Das freut insbesondere die Atemwege und die Haut.<\/span><\/p><p><span><img decoding=\"async\" class=\"size-medium wp-image-7443 alignleft\" src=\"https:\/\/aickelin.eu\/cms\/wp-content\/uploads\/2024\/07\/csm_tretford_Teppich_rund_29277_6dd0d79712-300x200.jpg\" alt=\"\" width=\"300\" height=\"200\" data-wp-editing=\"1\" srcset=\"https:\/\/aickelin.eu\/cms\/wp-content\/uploads\/2024\/07\/csm_tretford_Teppich_rund_29277_6dd0d79712-300x200.jpg 300w, https:\/\/aickelin.eu\/cms\/wp-content\/uploads\/2024\/07\/csm_tretford_Teppich_rund_29277_6dd0d79712-768x512.jpg 768w, https:\/\/aickelin.eu\/cms\/wp-content\/uploads\/2024\/07\/csm_tretford_Teppich_rund_29277_6dd0d79712-480x320.jpg 480w, https:\/\/aickelin.eu\/cms\/wp-content\/uploads\/2024\/07\/csm_tretford_Teppich_rund_29277_6dd0d79712.jpg 960w\" sizes=\"(max-width: 300px) 100vw, 300px\" \/>Zudem binden die Naturhaare auch Feinstaub. Die Gesellschaft f\u00fcr Umwelt- und Innenraumanalytik mbH (Gui) best\u00e4tigt, dass die Staubbindekapazit\u00e4t der Teppiche deutlich \u00fcber dem geforderten Mindestwert von 20 Prozent liegt. Oft ist mit Naturhaarteppichen die Feinstaub-Belastung im Zimmer sogar niedriger als bei Glattb\u00f6den wie Parkett oder Fliesen. Denn: \u201eAuf glatten B\u00f6den werden vorhandene Staubpartikel bei jeder Bewegung und jedem Luftzug aufgewirbelt, eingeatmet und k\u00f6nnen eine Allergie ausl\u00f6sen\u201c, erkl\u00e4rt Julia Ammann von tretford. Auf Teppichb\u00f6den werden die Teilchen jedoch zum gro\u00dfen Teil durch die rauen Fasern des Naturhaares gebunden werden dann einfach abgesaugt.<\/span><\/p><p><img decoding=\"async\" class=\"alignnone size-medium wp-image-7444 alignright\" src=\"https:\/\/aickelin.eu\/cms\/wp-content\/uploads\/2024\/07\/csm_tretford_Fliesen_519_24942_c9813f5db0-300x228.jpg\" alt=\"\" width=\"300\" height=\"228\" data-wp-editing=\"1\" srcset=\"https:\/\/aickelin.eu\/cms\/wp-content\/uploads\/2024\/07\/csm_tretford_Fliesen_519_24942_c9813f5db0-300x228.jpg 300w, https:\/\/aickelin.eu\/cms\/wp-content\/uploads\/2024\/07\/csm_tretford_Fliesen_519_24942_c9813f5db0-768x582.jpg 768w, https:\/\/aickelin.eu\/cms\/wp-content\/uploads\/2024\/07\/csm_tretford_Fliesen_519_24942_c9813f5db0-480x364.jpg 480w, https:\/\/aickelin.eu\/cms\/wp-content\/uploads\/2024\/07\/csm_tretford_Fliesen_519_24942_c9813f5db0.jpg 960w\" sizes=\"(max-width: 300px) 100vw, 300px\" \/><\/p><p><span>Auch f\u00fcr die Trittsicherheit ist mit vollfl\u00e4chig verlegten Teppichb\u00f6den besser gesorgt als mit glatten Oberfl\u00e4chen. Ein fester, kurzfloriger Teppich mit Rippenstruktur ist besonders rutschfest. Er gibt gerade Senioren einen guten Halt, ebenso Kleinkindern, die noch etwas wacklig auf den Beinen sind. Angenehmer Nebeneffekt: Wird ein Teppich im Kinderzimmer verlegt, wirkt er auch bei einst\u00fcrzenden Baukl\u00f6tzen oder starkem Trampeln wie ein Schalld\u00e4mpfer. Das mindert Stress durch L\u00e4rm.<\/span><\/p><p class=\"p1\"><span>Ob Teppichboden, Teppichfliesen, -dielen\u00a0oder abgepasster Teppich &#8211; tretford\u00a0f\u00f6rdert durch seine\u00a0nat\u00fcrlichen Materialien ein gutes Raumklima\u00a0und ist eine ideale Grundlage f\u00fcr gesundes Wohnen und Arbeiten. <strong>Er ist vielseitig einsetzbar &#8211;\u00a0im Kinderzimmer, Schlafzimmer oder\u00a0Wohnzimmer bis hin zum B\u00fcro, der Kita oder im Hotel.\u00a0<\/strong><\/span><\/p>\t\t\t\t\t\t\t\t<\/div>\n\t\t\t\t<\/div>\n\t\t\t\t\t<\/div>\n\t\t<\/div>\n\t\t\t\t\t<\/div>\n\t\t<\/section>\n\t\t\t\t<section class=\"elementor-section elementor-top-section elementor-element elementor-element-406c4e2 elementor-section-boxed elementor-section-height-default elementor-section-height-default\" data-id=\"406c4e2\" data-element_type=\"section\" data-e-type=\"section\">\n\t\t\t\t\t\t<div class=\"elementor-container elementor-column-gap-default\">\n\t\t\t\t\t<div class=\"elementor-column elementor-col-100 elementor-top-column elementor-element elementor-element-98da377\" data-id=\"98da377\" data-element_type=\"column\" data-e-type=\"column\">\n\t\t\t<div class=\"elementor-widget-wrap elementor-element-populated\">\n\t\t\t\t\t\t<div class=\"elementor-element elementor-element-0e3cd28 elementor-widget elementor-widget-text-editor\" data-id=\"0e3cd28\" data-element_type=\"widget\" data-e-type=\"widget\" data-widget_type=\"text-editor.default\">\n\t\t\t\t<div class=\"elementor-widget-container\">\n\t\t\t\t\t\t\t\t\t<h6 style=\"text-align: right;\"><em>Texte und Bilder auszugsweise mit freundlicher Genehmigung der<span>\u00a0<\/span><a href=\"https:\/\/www.tretford.eu\/de\/\" target=\"_blank\" rel=\"noopener\">Weseler Teppich GmbH &amp; Co. KG<\/a>.<\/em><\/h6>\t\t\t\t\t\t\t\t<\/div>\n\t\t\t\t<\/div>\n\t\t\t\t\t<\/div>\n\t\t<\/div>\n\t\t\t\t\t<\/div>\n\t\t<\/section>\n\t\t\t\t<section class=\"elementor-section elementor-top-section elementor-element elementor-element-c15f78f elementor-section-boxed elementor-section-height-default elementor-section-height-default\" data-id=\"c15f78f\" data-element_type=\"section\" data-e-type=\"section\">\n\t\t\t\t\t\t<div class=\"elementor-container elementor-column-gap-default\">\n\t\t\t\t\t<div class=\"elementor-column elementor-col-100 elementor-top-column elementor-element elementor-element-b53a9b9\" data-id=\"b53a9b9\" data-element_type=\"column\" data-e-type=\"column\">\n\t\t\t<div class=\"elementor-widget-wrap elementor-element-populated\">\n\t\t\t\t\t\t<div class=\"elementor-element elementor-element-4e51a97 elementor-widget elementor-widget-text-editor\" data-id=\"4e51a97\" data-element_type=\"widget\" data-e-type=\"widget\" data-widget_type=\"text-editor.default\">\n\t\t\t\t<div class=\"elementor-widget-container\">\n\t\t\t\t\t\t\t\t\t<h2 style=\"text-align: center;\">Unsere Marken zum Thema Teppichboden, Sauberlauf und Nadelvlies:<\/h2>\n<p style=\"text-align: center;\">\u2013 mit Klick auf das Logo gelangen Sie auf deren Webseite<\/p>\t\t\t\t\t\t\t\t<\/div>\n\t\t\t\t<\/div>\n\t\t\t\t\t<\/div>\n\t\t<\/div>\n\t\t\t\t\t<\/div>\n\t\t<\/section>\n\t\t\t\t<section class=\"elementor-section elementor-top-section elementor-element elementor-element-2dbdbc7 elementor-section-boxed elementor-section-height-default elementor-section-height-default\" data-id=\"2dbdbc7\" data-element_type=\"section\" data-e-type=\"section\">\n\t\t\t\t\t\t<div class=\"elementor-container elementor-column-gap-default\">\n\t\t\t\t\t<div class=\"elementor-column elementor-col-33 elementor-top-column elementor-element elementor-element-f78dc06\" data-id=\"f78dc06\" data-element_type=\"column\" data-e-type=\"column\">\n\t\t\t<div class=\"elementor-widget-wrap elementor-element-populated\">\n\t\t\t\t\t\t<div class=\"elementor-element elementor-element-eb21809 elementor-widget elementor-widget-image\" data-id=\"eb21809\" data-element_type=\"widget\" data-e-type=\"widget\" data-widget_type=\"image.default\">\n\t\t\t\t<div class=\"elementor-widget-container\">\n\t\t\t\t\t\t\t\t\t\t\t\t\t\t\t\t<a href=\"https:\/\/nadelvlies.de\/\" target=\"_blank\">\n\t\t\t\t\t\t\t<img loading=\"lazy\" decoding=\"async\" width=\"300\" height=\"176\" src=\"https:\/\/aickelin.eu\/cms\/wp-content\/uploads\/2024\/07\/findeisen-nadelvlies-300x176.png\" class=\"attachment-medium size-medium wp-image-7546\" alt=\"\" srcset=\"https:\/\/aickelin.eu\/cms\/wp-content\/uploads\/2024\/07\/findeisen-nadelvlies-300x176.png 300w, https:\/\/aickelin.eu\/cms\/wp-content\/uploads\/2024\/07\/findeisen-nadelvlies.png 454w\" sizes=\"(max-width: 300px) 100vw, 300px\" title=\"findeisen-nadelvlies\" \/>\t\t\t\t\t\t\t\t<\/a>\n\t\t\t\t\t\t\t\t\t\t\t\t\t\t\t<\/div>\n\t\t\t\t<\/div>\n\t\t\t\t\t<\/div>\n\t\t<\/div>\n\t\t\t\t<div class=\"elementor-column elementor-col-33 elementor-top-column elementor-element elementor-element-4c8bc51\" data-id=\"4c8bc51\" data-element_type=\"column\" data-e-type=\"column\">\n\t\t\t<div class=\"elementor-widget-wrap elementor-element-populated\">\n\t\t\t\t\t\t<div class=\"elementor-element elementor-element-57e10d5 elementor-widget elementor-widget-image\" data-id=\"57e10d5\" data-element_type=\"widget\" data-e-type=\"widget\" data-widget_type=\"image.default\">\n\t\t\t\t<div class=\"elementor-widget-container\">\n\t\t\t\t\t\t\t\t\t\t\t\t\t\t\t\t<a href=\"https:\/\/www.fuma.com\/\" target=\"_blank\">\n\t\t\t\t\t\t\t<img loading=\"lazy\" decoding=\"async\" width=\"300\" height=\"176\" src=\"https:\/\/aickelin.eu\/cms\/wp-content\/uploads\/2024\/07\/Fuma-Sauberlauf-300x176.png\" class=\"attachment-medium size-medium wp-image-7549\" alt=\"\" srcset=\"https:\/\/aickelin.eu\/cms\/wp-content\/uploads\/2024\/07\/Fuma-Sauberlauf-300x176.png 300w, https:\/\/aickelin.eu\/cms\/wp-content\/uploads\/2024\/07\/Fuma-Sauberlauf.png 454w\" sizes=\"(max-width: 300px) 100vw, 300px\" title=\"Fuma-Sauberlauf\" \/>\t\t\t\t\t\t\t\t<\/a>\n\t\t\t\t\t\t\t\t\t\t\t\t\t\t\t<\/div>\n\t\t\t\t<\/div>\n\t\t\t\t\t<\/div>\n\t\t<\/div>\n\t\t\t\t<div class=\"elementor-column elementor-col-33 elementor-top-column elementor-element elementor-element-c54e4c4\" data-id=\"c54e4c4\" data-element_type=\"column\" data-e-type=\"column\">\n\t\t\t<div class=\"elementor-widget-wrap elementor-element-populated\">\n\t\t\t\t\t\t<div class=\"elementor-element elementor-element-79bd776 elementor-widget elementor-widget-image\" data-id=\"79bd776\" data-element_type=\"widget\" data-e-type=\"widget\" data-widget_type=\"image.default\">\n\t\t\t\t<div class=\"elementor-widget-container\">\n\t\t\t\t\t\t\t\t\t\t\t\t\t\t\t\t<a href=\"https:\/\/teppich-jordan.de\/\" target=\"_blank\">\n\t\t\t\t\t\t\t<img loading=\"lazy\" decoding=\"async\" width=\"300\" height=\"176\" src=\"https:\/\/aickelin.eu\/cms\/wp-content\/uploads\/2024\/07\/jordan-300x176.png\" class=\"attachment-medium size-medium wp-image-7545\" alt=\"\" srcset=\"https:\/\/aickelin.eu\/cms\/wp-content\/uploads\/2024\/07\/jordan-300x176.png 300w, https:\/\/aickelin.eu\/cms\/wp-content\/uploads\/2024\/07\/jordan.png 454w\" sizes=\"(max-width: 300px) 100vw, 300px\" title=\"jordan\" \/>\t\t\t\t\t\t\t\t<\/a>\n\t\t\t\t\t\t\t\t\t\t\t\t\t\t\t<\/div>\n\t\t\t\t<\/div>\n\t\t\t\t\t<\/div>\n\t\t<\/div>\n\t\t\t\t\t<\/div>\n\t\t<\/section>\n\t\t\t\t<section class=\"elementor-section elementor-top-section elementor-element elementor-element-5f90bcb elementor-section-boxed elementor-section-height-default elementor-section-height-default\" data-id=\"5f90bcb\" data-element_type=\"section\" data-e-type=\"section\">\n\t\t\t\t\t\t<div class=\"elementor-container elementor-column-gap-default\">\n\t\t\t\t\t<div class=\"elementor-column elementor-col-50 elementor-top-column elementor-element elementor-element-75bd36e\" data-id=\"75bd36e\" data-element_type=\"column\" data-e-type=\"column\">\n\t\t\t<div class=\"elementor-widget-wrap elementor-element-populated\">\n\t\t\t\t\t\t<div class=\"elementor-element elementor-element-5ac43ee elementor-widget elementor-widget-image\" data-id=\"5ac43ee\" data-element_type=\"widget\" data-e-type=\"widget\" data-widget_type=\"image.default\">\n\t\t\t\t<div class=\"elementor-widget-container\">\n\t\t\t\t\t\t\t\t\t\t\t\t\t\t\t\t<a href=\"https:\/\/eka-krauss.de\/\" target=\"_blank\">\n\t\t\t\t\t\t\t<img loading=\"lazy\" decoding=\"async\" width=\"300\" height=\"176\" src=\"https:\/\/aickelin.eu\/cms\/wp-content\/uploads\/2024\/07\/Krauss-300x176.png\" class=\"attachment-medium size-medium wp-image-7550\" alt=\"\" srcset=\"https:\/\/aickelin.eu\/cms\/wp-content\/uploads\/2024\/07\/Krauss-300x176.png 300w, https:\/\/aickelin.eu\/cms\/wp-content\/uploads\/2024\/07\/Krauss.png 454w\" sizes=\"(max-width: 300px) 100vw, 300px\" title=\"Krauss\" \/>\t\t\t\t\t\t\t\t<\/a>\n\t\t\t\t\t\t\t\t\t\t\t\t\t\t\t<\/div>\n\t\t\t\t<\/div>\n\t\t\t\t\t<\/div>\n\t\t<\/div>\n\t\t\t\t<div class=\"elementor-column elementor-col-50 elementor-top-column elementor-element elementor-element-61c6a49\" data-id=\"61c6a49\" data-element_type=\"column\" data-e-type=\"column\">\n\t\t\t<div class=\"elementor-widget-wrap elementor-element-populated\">\n\t\t\t\t\t\t<div class=\"elementor-element elementor-element-76f1b09 elementor-widget elementor-widget-image\" data-id=\"76f1b09\" data-element_type=\"widget\" data-e-type=\"widget\" data-widget_type=\"image.default\">\n\t\t\t\t<div class=\"elementor-widget-container\">\n\t\t\t\t\t\t\t\t\t\t\t\t\t\t\t\t<a href=\"https:\/\/www.object-carpet.com\/de\" target=\"_blank\">\n\t\t\t\t\t\t\t<img loading=\"lazy\" decoding=\"async\" width=\"300\" height=\"176\" src=\"https:\/\/aickelin.eu\/cms\/wp-content\/uploads\/2024\/07\/object-carpet-Teppich-300x176.png\" class=\"attachment-medium size-medium wp-image-7548\" alt=\"\" srcset=\"https:\/\/aickelin.eu\/cms\/wp-content\/uploads\/2024\/07\/object-carpet-Teppich-300x176.png 300w, https:\/\/aickelin.eu\/cms\/wp-content\/uploads\/2024\/07\/object-carpet-Teppich.png 454w\" sizes=\"(max-width: 300px) 100vw, 300px\" title=\"object-carpet-Teppich\" \/>\t\t\t\t\t\t\t\t<\/a>\n\t\t\t\t\t\t\t\t\t\t\t\t\t\t\t<\/div>\n\t\t\t\t<\/div>\n\t\t\t\t\t<\/div>\n\t\t<\/div>\n\t\t\t\t\t<\/div>\n\t\t<\/section>\n\t\t\t\t<\/div>\n\t\t","protected":false},"excerpt":{"rendered":"<p>Teppichboden setzt stilvolle Akzente und schafft eine warme, einladende Atmosph\u00e4re \u2013 ideal zum Wohlf\u00fchlen und Ankommen. Unser hochwertiges Sortiment \u00fcberzeugt nicht nur durch exzellente Qualit\u00e4t, sondern auch durch langlebige Gebrauchseigenschaften und besonders pflegeleichte Materialien.Ob lebendige Familienbereiche, elegante Gesch\u00e4ftsr\u00e4ume oder gem\u00fctliche R\u00fcckzugsorte \u2013 wir pr\u00e4sentieren Ihnen eine inspirierende Auswahl an Farben, Mustern und Oberfl\u00e4chen, die perfekt [&hellip;]<\/p>\n","protected":false},"author":2,"featured_media":0,"parent":0,"menu_order":0,"comment_status":"closed","ping_status":"closed","template":"","meta":{"footnotes":""},"class_list":["post-5754","page","type-page","status-publish","hentry"],"aioseo_notices":[],"_links":{"self":[{"href":"https:\/\/aickelin.eu\/cms\/wp-json\/wp\/v2\/pages\/5754","targetHints":{"allow":["GET"]}}],"collection":[{"href":"https:\/\/aickelin.eu\/cms\/wp-json\/wp\/v2\/pages"}],"about":[{"href":"https:\/\/aickelin.eu\/cms\/wp-json\/wp\/v2\/types\/page"}],"author":[{"embeddable":true,"href":"https:\/\/aickelin.eu\/cms\/wp-json\/wp\/v2\/users\/2"}],"replies":[{"embeddable":true,"href":"https:\/\/aickelin.eu\/cms\/wp-json\/wp\/v2\/comments?post=5754"}],"version-history":[{"count":41,"href":"https:\/\/aickelin.eu\/cms\/wp-json\/wp\/v2\/pages\/5754\/revisions"}],"predecessor-version":[{"id":8363,"href":"https:\/\/aickelin.eu\/cms\/wp-json\/wp\/v2\/pages\/5754\/revisions\/8363"}],"wp:attachment":[{"href":"https:\/\/aickelin.eu\/cms\/wp-json\/wp\/v2\/media?parent=5754"}],"curies":[{"name":"wp","href":"https:\/\/api.w.org\/{rel}","templated":true}]}}