{"id":5990,"date":"2019-06-29T13:17:56","date_gmt":"2019-06-29T13:17:56","guid":{"rendered":"https:\/\/aickelin.eu\/cms\/?page_id=5990"},"modified":"2025-07-30T13:26:35","modified_gmt":"2025-07-30T13:26:35","slug":"leistungen-2","status":"publish","type":"page","link":"https:\/\/aickelin.eu\/cms\/leistungen-2\/","title":{"rendered":"Leistungen"},"content":{"rendered":"\t\t<div data-elementor-type=\"wp-post\" data-elementor-id=\"5990\" class=\"elementor elementor-5990\">\n\t\t\t\t\t\t<section class=\"elementor-section elementor-top-section elementor-element elementor-element-bedeee4 elementor-section-boxed elementor-section-height-default elementor-section-height-default\" data-id=\"bedeee4\" data-element_type=\"section\" data-e-type=\"section\">\n\t\t\t\t\t\t<div class=\"elementor-container elementor-column-gap-default\">\n\t\t\t\t\t<div class=\"elementor-column elementor-col-50 elementor-top-column elementor-element elementor-element-b9a47d3\" data-id=\"b9a47d3\" data-element_type=\"column\" data-e-type=\"column\">\n\t\t\t<div class=\"elementor-widget-wrap elementor-element-populated\">\n\t\t\t\t\t\t<div class=\"elementor-element-custom_font_size elementor-element-custom_line_height elementor-element-custom_font_weight elementor-element elementor-element-dc29bdf elementor-widget elementor-widget-text-editor\" data-id=\"dc29bdf\" data-element_type=\"widget\" data-e-type=\"widget\" data-widget_type=\"text-editor.default\">\n\t\t\t\t<div class=\"elementor-widget-container\">\n\t\t\t\t\t\t\t\t\t<h2><span class=\"gt3_title_line left\" style=\"color: #cecfd2;\"><span><\/span><\/span><span style=\"font-weight: 300;\" class=\"gt3_font-weight\"><span style=\"font-weight: bold;\" class=\"gt3_font-weight\">Wof\u00fcr \u00a0<\/span><\/span><span style=\"font-weight: 300;\" class=\"gt3_font-weight\">wir stehen&#8230;<\/span><\/h2>\t\t\t\t\t\t\t\t<\/div>\n\t\t\t\t<\/div>\n\t\t\t\t\t<\/div>\n\t\t<\/div>\n\t\t\t\t<div class=\"elementor-column elementor-col-50 elementor-top-column elementor-element elementor-element-a10776b\" data-id=\"a10776b\" data-element_type=\"column\" data-e-type=\"column\">\n\t\t\t<div class=\"elementor-widget-wrap\">\n\t\t\t\t\t\t\t<\/div>\n\t\t<\/div>\n\t\t\t\t\t<\/div>\n\t\t<\/section>\n\t\t\t\t<section class=\"elementor-section elementor-top-section elementor-element elementor-element-f0647a4 elementor-section-boxed elementor-section-height-default elementor-section-height-default\" data-id=\"f0647a4\" data-element_type=\"section\" data-e-type=\"section\">\n\t\t\t\t\t\t<div class=\"elementor-container elementor-column-gap-default\">\n\t\t\t\t\t<div class=\"elementor-column elementor-col-100 elementor-top-column elementor-element elementor-element-4d81aeb\" data-id=\"4d81aeb\" data-element_type=\"column\" data-e-type=\"column\">\n\t\t\t<div class=\"elementor-widget-wrap elementor-element-populated\">\n\t\t\t\t\t\t<div class=\"elementor-element elementor-element-381c110 elementor-widget elementor-widget-text-editor\" data-id=\"381c110\" data-element_type=\"widget\" data-e-type=\"widget\" data-widget_type=\"text-editor.default\">\n\t\t\t\t<div class=\"elementor-widget-container\">\n\t\t\t\t\t\t\t\t\t<p><span>Unverbindliche Beratung \u2013 individuelle Planung ist bei uns selbstverst\u00e4ndlich. Wir entwickeln Wohnkonzepte, die Ihre W\u00fcnsche und Ideen ber\u00fccksichtigen.<\/span><\/p><p><strong>\u00dcber die Ausarbeitung der gemeinsamen Ideen geht es dank unserem zuverl\u00e4ssigen Team von Bodenlegern, Malern und Monteuren rasch voran!<\/strong> <span>Sie k\u00f6nnen einfach entspannen und endlich loslassen: Ihr Wohngef\u00fchl ist bei uns in guten H\u00e4nden.<\/span><\/p><p><span>Wir sind Ihr kompetenter Partner f\u00fcr die gehobene Ausstattung Ihrer vier W\u00e4nde. Ihre R\u00e4ume, Ihr Geschmack, unsere Vision und fachkundige Umsetzung. Mit Fachwissen und N\u00e4he zu Trends, gekonnt ausgef\u00fchrt \u2013 so bekommt Ihr Wohntraum seine ganz besondere Ausstrahlung und individuelle Note.<\/span><\/p>\t\t\t\t\t\t\t\t<\/div>\n\t\t\t\t<\/div>\n\t\t\t\t\t<\/div>\n\t\t<\/div>\n\t\t\t\t\t<\/div>\n\t\t<\/section>\n\t\t\t\t<section class=\"elementor-section elementor-top-section elementor-element elementor-element-ab73123 elementor-section-boxed elementor-section-height-default elementor-section-height-default\" data-id=\"ab73123\" data-element_type=\"section\" data-e-type=\"section\">\n\t\t\t\t\t\t<div class=\"elementor-container elementor-column-gap-default\">\n\t\t\t\t\t<div class=\"elementor-column elementor-col-100 elementor-top-column elementor-element elementor-element-30c672c\" data-id=\"30c672c\" data-element_type=\"column\" data-e-type=\"column\">\n\t\t\t<div class=\"elementor-widget-wrap\">\n\t\t\t\t\t\t\t<\/div>\n\t\t<\/div>\n\t\t\t\t\t<\/div>\n\t\t<\/section>\n\t\t\t\t<section class=\"elementor-section elementor-top-section elementor-element elementor-element-3bb0603 elementor-section-boxed elementor-section-height-default elementor-section-height-default\" data-id=\"3bb0603\" data-element_type=\"section\" data-e-type=\"section\">\n\t\t\t\t\t\t<div class=\"elementor-container elementor-column-gap-default\">\n\t\t\t\t\t<div class=\"elementor-column elementor-col-100 elementor-top-column elementor-element elementor-element-08bfbcd\" data-id=\"08bfbcd\" data-element_type=\"column\" data-e-type=\"column\">\n\t\t\t<div class=\"elementor-widget-wrap elementor-element-populated\">\n\t\t\t\t\t\t<div class=\"elementor-element elementor-element-555b1ec elementor-widget elementor-widget-heading\" data-id=\"555b1ec\" data-element_type=\"widget\" data-e-type=\"widget\" data-widget_type=\"heading.default\">\n\t\t\t\t<div class=\"elementor-widget-container\">\n\t\t\t\t\t<h2 class=\"elementor-heading-title elementor-size-default\">Ihr Wohl-Wohngef\u00fchl \u2013 das ist unsere Aufgabe.<\/h2>\t\t\t\t<\/div>\n\t\t\t\t<\/div>\n\t\t\t\t\t<\/div>\n\t\t<\/div>\n\t\t\t\t\t<\/div>\n\t\t<\/section>\n\t\t\t\t<\/div>\n\t\t","protected":false},"excerpt":{"rendered":"<p>Wof\u00fcr \u00a0wir stehen&#8230; Unverbindliche Beratung \u2013 individuelle Planung ist bei uns selbstverst\u00e4ndlich. Wir entwickeln Wohnkonzepte, die Ihre W\u00fcnsche und Ideen ber\u00fccksichtigen. \u00dcber die Ausarbeitung der gemeinsamen Ideen geht es dank unserem zuverl\u00e4ssigen Team von Bodenlegern, Malern und Monteuren rasch voran! Sie k\u00f6nnen einfach entspannen und endlich loslassen: Ihr Wohngef\u00fchl ist bei uns in guten H\u00e4nden. [&hellip;]<\/p>\n","protected":false},"author":2,"featured_media":0,"parent":0,"menu_order":0,"comment_status":"closed","ping_status":"closed","template":"","meta":{"footnotes":""},"class_list":["post-5990","page","type-page","status-publish","hentry"],"aioseo_notices":[],"_links":{"self":[{"href":"https:\/\/aickelin.eu\/cms\/wp-json\/wp\/v2\/pages\/5990","targetHints":{"allow":["GET"]}}],"collection":[{"href":"https:\/\/aickelin.eu\/cms\/wp-json\/wp\/v2\/pages"}],"about":[{"href":"https:\/\/aickelin.eu\/cms\/wp-json\/wp\/v2\/types\/page"}],"author":[{"embeddable":true,"href":"https:\/\/aickelin.eu\/cms\/wp-json\/wp\/v2\/users\/2"}],"replies":[{"embeddable":true,"href":"https:\/\/aickelin.eu\/cms\/wp-json\/wp\/v2\/comments?post=5990"}],"version-history":[{"count":494,"href":"https:\/\/aickelin.eu\/cms\/wp-json\/wp\/v2\/pages\/5990\/revisions"}],"predecessor-version":[{"id":8316,"href":"https:\/\/aickelin.eu\/cms\/wp-json\/wp\/v2\/pages\/5990\/revisions\/8316"}],"wp:attachment":[{"href":"https:\/\/aickelin.eu\/cms\/wp-json\/wp\/v2\/media?parent=5990"}],"curies":[{"name":"wp","href":"https:\/\/api.w.org\/{rel}","templated":true}]}}