{"id":6111,"date":"2019-09-20T06:07:05","date_gmt":"2019-09-20T06:07:05","guid":{"rendered":"https:\/\/aickelin.eu\/cms\/?page_id=6111"},"modified":"2025-04-14T12:46:35","modified_gmt":"2025-04-14T12:46:35","slug":"jobs-2-2","status":"publish","type":"page","link":"https:\/\/aickelin.eu\/cms\/jobs-2-2\/","title":{"rendered":"Jobs"},"content":{"rendered":"\t\t<div data-elementor-type=\"wp-post\" data-elementor-id=\"6111\" class=\"elementor elementor-6111\">\n\t\t\t\t\t\t<section class=\"elementor-section elementor-top-section elementor-element elementor-element-bedeee4 elementor-section-boxed elementor-section-height-default elementor-section-height-default\" data-id=\"bedeee4\" data-element_type=\"section\" data-e-type=\"section\">\n\t\t\t\t\t\t<div class=\"elementor-container elementor-column-gap-default\">\n\t\t\t\t\t<div class=\"elementor-column elementor-col-100 elementor-top-column elementor-element elementor-element-b9a47d3\" data-id=\"b9a47d3\" data-element_type=\"column\" data-e-type=\"column\">\n\t\t\t<div class=\"elementor-widget-wrap elementor-element-populated\">\n\t\t\t\t\t\t<div class=\"elementor-element-custom_font_size elementor-element-custom_line_height elementor-element-custom_font_weight elementor-element elementor-element-dc29bdf elementor-widget elementor-widget-text-editor\" data-id=\"dc29bdf\" data-element_type=\"widget\" data-e-type=\"widget\" data-widget_type=\"text-editor.default\">\n\t\t\t\t<div class=\"elementor-widget-container\">\n\t\t\t\t\t\t\t\t\t<h2><span style=\"font-weight: 300;\" class=\"gt3_font-weight\">F\u00fcr unser <\/span><span class=\"gt3_title_line left\" style=\"color: #cecfd2;\"><span><\/span><\/span><span style=\"font-weight: 300;\" class=\"gt3_font-weight\"><span class=\"gt3_font-weight\">TEAM <\/span><\/span><span style=\"font-weight: 300;\" class=\"gt3_font-weight\">suchen wir&#8230;<\/span><\/h2>\t\t\t\t\t\t\t\t<\/div>\n\t\t\t\t<\/div>\n\t\t\t\t\t<\/div>\n\t\t<\/div>\n\t\t\t\t\t<\/div>\n\t\t<\/section>\n\t\t\t\t<section class=\"elementor-section elementor-top-section elementor-element elementor-element-dd582df elementor-section-boxed elementor-section-height-default elementor-section-height-default\" data-id=\"dd582df\" data-element_type=\"section\" data-e-type=\"section\">\n\t\t\t\t\t\t<div class=\"elementor-container elementor-column-gap-default\">\n\t\t\t\t\t<div class=\"elementor-column elementor-col-50 elementor-top-column elementor-element elementor-element-c51eaed\" data-id=\"c51eaed\" data-element_type=\"column\" data-e-type=\"column\">\n\t\t\t<div class=\"elementor-widget-wrap elementor-element-populated\">\n\t\t\t\t\t\t<div class=\"elementor-element elementor-element-603298d elementor-widget elementor-widget-image\" data-id=\"603298d\" data-element_type=\"widget\" data-e-type=\"widget\" data-widget_type=\"image.default\">\n\t\t\t\t<div class=\"elementor-widget-container\">\n\t\t\t\t\t\t\t\t\t\t\t\t\t\t\t<img fetchpriority=\"high\" decoding=\"async\" width=\"940\" height=\"515\" src=\"https:\/\/aickelin.eu\/cms\/wp-content\/uploads\/2025\/04\/Job-Anzeige-Vorlagen-fuer-www-20258-1024x561.jpg\" class=\"attachment-large size-large wp-image-7861\" alt=\"\" srcset=\"https:\/\/aickelin.eu\/cms\/wp-content\/uploads\/2025\/04\/Job-Anzeige-Vorlagen-fuer-www-20258-1024x561.jpg 1024w, https:\/\/aickelin.eu\/cms\/wp-content\/uploads\/2025\/04\/Job-Anzeige-Vorlagen-fuer-www-20258-300x164.jpg 300w, https:\/\/aickelin.eu\/cms\/wp-content\/uploads\/2025\/04\/Job-Anzeige-Vorlagen-fuer-www-20258-768x421.jpg 768w, https:\/\/aickelin.eu\/cms\/wp-content\/uploads\/2025\/04\/Job-Anzeige-Vorlagen-fuer-www-20258-480x263.jpg 480w, https:\/\/aickelin.eu\/cms\/wp-content\/uploads\/2025\/04\/Job-Anzeige-Vorlagen-fuer-www-20258.jpg 1240w\" sizes=\"(max-width: 940px) 100vw, 940px\" title=\"Job-Anzeige-Vorlagen-fuer-www-20258\" \/>\t\t\t\t\t\t\t\t\t\t\t\t\t\t\t<\/div>\n\t\t\t\t<\/div>\n\t\t\t\t\t<\/div>\n\t\t<\/div>\n\t\t\t\t<div class=\"elementor-column elementor-col-50 elementor-top-column elementor-element elementor-element-dc08043\" data-id=\"dc08043\" data-element_type=\"column\" data-e-type=\"column\">\n\t\t\t<div class=\"elementor-widget-wrap elementor-element-populated\">\n\t\t\t\t\t\t<div class=\"elementor-element elementor-element-8a9671d elementor-widget elementor-widget-image\" data-id=\"8a9671d\" data-element_type=\"widget\" data-e-type=\"widget\" data-widget_type=\"image.default\">\n\t\t\t\t<div class=\"elementor-widget-container\">\n\t\t\t\t\t\t\t\t\t\t\t\t\t\t\t<img decoding=\"async\" width=\"1241\" height=\"679\" src=\"https:\/\/aickelin.eu\/cms\/wp-content\/uploads\/2025\/04\/Job-Anzeige-Handwerker-Aickelin-2025.jpg\" class=\"attachment-1536x1536 size-1536x1536 wp-image-7867\" alt=\"\" srcset=\"https:\/\/aickelin.eu\/cms\/wp-content\/uploads\/2025\/04\/Job-Anzeige-Handwerker-Aickelin-2025.jpg 1241w, https:\/\/aickelin.eu\/cms\/wp-content\/uploads\/2025\/04\/Job-Anzeige-Handwerker-Aickelin-2025-300x164.jpg 300w, https:\/\/aickelin.eu\/cms\/wp-content\/uploads\/2025\/04\/Job-Anzeige-Handwerker-Aickelin-2025-1024x560.jpg 1024w, https:\/\/aickelin.eu\/cms\/wp-content\/uploads\/2025\/04\/Job-Anzeige-Handwerker-Aickelin-2025-768x420.jpg 768w, https:\/\/aickelin.eu\/cms\/wp-content\/uploads\/2025\/04\/Job-Anzeige-Handwerker-Aickelin-2025-480x263.jpg 480w\" sizes=\"(max-width: 1241px) 100vw, 1241px\" title=\"Job-Anzeige-Handwerker-Aickelin-2025\" \/>\t\t\t\t\t\t\t\t\t\t\t\t\t\t\t<\/div>\n\t\t\t\t<\/div>\n\t\t\t\t\t<\/div>\n\t\t<\/div>\n\t\t\t\t\t<\/div>\n\t\t<\/section>\n\t\t\t\t<section class=\"elementor-section elementor-top-section elementor-element elementor-element-ddb6d70 elementor-section-boxed elementor-section-height-default elementor-section-height-default\" data-id=\"ddb6d70\" data-element_type=\"section\" data-e-type=\"section\">\n\t\t\t\t\t\t<div class=\"elementor-container elementor-column-gap-default\">\n\t\t\t\t\t<div class=\"elementor-column elementor-col-50 elementor-top-column elementor-element elementor-element-e37084f\" data-id=\"e37084f\" data-element_type=\"column\" data-e-type=\"column\">\n\t\t\t<div class=\"elementor-widget-wrap elementor-element-populated\">\n\t\t\t\t\t\t<div class=\"elementor-element elementor-element-5442a2d elementor-widget elementor-widget-image\" data-id=\"5442a2d\" data-element_type=\"widget\" data-e-type=\"widget\" data-widget_type=\"image.default\">\n\t\t\t\t<div class=\"elementor-widget-container\">\n\t\t\t\t\t\t\t\t\t\t\t\t\t\t\t<img decoding=\"async\" width=\"1240\" height=\"679\" src=\"https:\/\/aickelin.eu\/cms\/wp-content\/uploads\/2025\/04\/Job-Anzeige-Vorlagen-fuer-www-20257.jpg\" class=\"attachment-1536x1536 size-1536x1536 wp-image-7862\" alt=\"\" srcset=\"https:\/\/aickelin.eu\/cms\/wp-content\/uploads\/2025\/04\/Job-Anzeige-Vorlagen-fuer-www-20257.jpg 1240w, https:\/\/aickelin.eu\/cms\/wp-content\/uploads\/2025\/04\/Job-Anzeige-Vorlagen-fuer-www-20257-300x164.jpg 300w, https:\/\/aickelin.eu\/cms\/wp-content\/uploads\/2025\/04\/Job-Anzeige-Vorlagen-fuer-www-20257-1024x561.jpg 1024w, https:\/\/aickelin.eu\/cms\/wp-content\/uploads\/2025\/04\/Job-Anzeige-Vorlagen-fuer-www-20257-768x421.jpg 768w, https:\/\/aickelin.eu\/cms\/wp-content\/uploads\/2025\/04\/Job-Anzeige-Vorlagen-fuer-www-20257-480x263.jpg 480w\" sizes=\"(max-width: 1240px) 100vw, 1240px\" title=\"Job-Anzeige-Vorlagen-fuer-www-20257\" \/>\t\t\t\t\t\t\t\t\t\t\t\t\t\t\t<\/div>\n\t\t\t\t<\/div>\n\t\t\t\t\t<\/div>\n\t\t<\/div>\n\t\t\t\t<div class=\"elementor-column elementor-col-50 elementor-top-column elementor-element elementor-element-41d2a9e\" data-id=\"41d2a9e\" data-element_type=\"column\" data-e-type=\"column\">\n\t\t\t<div class=\"elementor-widget-wrap elementor-element-populated\">\n\t\t\t\t\t\t<div class=\"elementor-element elementor-element-754256c elementor-widget elementor-widget-image\" data-id=\"754256c\" data-element_type=\"widget\" data-e-type=\"widget\" data-widget_type=\"image.default\">\n\t\t\t\t<div class=\"elementor-widget-container\">\n\t\t\t\t\t\t\t\t\t\t\t\t\t\t\t<img loading=\"lazy\" decoding=\"async\" width=\"940\" height=\"514\" src=\"https:\/\/aickelin.eu\/cms\/wp-content\/uploads\/2025\/04\/Job-Anzeige-Buerokraft-Aickelin-2025-1-1024x560.jpg\" class=\"attachment-large size-large wp-image-7868\" alt=\"\" srcset=\"https:\/\/aickelin.eu\/cms\/wp-content\/uploads\/2025\/04\/Job-Anzeige-Buerokraft-Aickelin-2025-1-1024x560.jpg 1024w, https:\/\/aickelin.eu\/cms\/wp-content\/uploads\/2025\/04\/Job-Anzeige-Buerokraft-Aickelin-2025-1-300x164.jpg 300w, https:\/\/aickelin.eu\/cms\/wp-content\/uploads\/2025\/04\/Job-Anzeige-Buerokraft-Aickelin-2025-1-768x420.jpg 768w, https:\/\/aickelin.eu\/cms\/wp-content\/uploads\/2025\/04\/Job-Anzeige-Buerokraft-Aickelin-2025-1-480x263.jpg 480w, https:\/\/aickelin.eu\/cms\/wp-content\/uploads\/2025\/04\/Job-Anzeige-Buerokraft-Aickelin-2025-1.jpg 1241w\" sizes=\"(max-width: 940px) 100vw, 940px\" title=\"Job-Anzeige-Buerokraft-Aickelin-2025\" \/>\t\t\t\t\t\t\t\t\t\t\t\t\t\t\t<\/div>\n\t\t\t\t<\/div>\n\t\t\t\t\t<\/div>\n\t\t<\/div>\n\t\t\t\t\t<\/div>\n\t\t<\/section>\n\t\t\t\t<section class=\"elementor-section elementor-top-section elementor-element elementor-element-3b680d2 elementor-section-boxed elementor-section-height-default elementor-section-height-default\" data-id=\"3b680d2\" data-element_type=\"section\" data-e-type=\"section\">\n\t\t\t\t\t\t<div class=\"elementor-container elementor-column-gap-default\">\n\t\t\t\t\t<div class=\"elementor-column elementor-col-100 elementor-top-column elementor-element elementor-element-cd9da28\" data-id=\"cd9da28\" data-element_type=\"column\" data-e-type=\"column\">\n\t\t\t<div class=\"elementor-widget-wrap elementor-element-populated\">\n\t\t\t\t\t\t<div class=\"elementor-element elementor-element-8ce7acf elementor-widget elementor-widget-text-editor\" data-id=\"8ce7acf\" data-element_type=\"widget\" data-e-type=\"widget\" data-widget_type=\"text-editor.default\">\n\t\t\t\t<div class=\"elementor-widget-container\">\n\t\t\t\t\t\t\t\t\t<div><p class=\"p1\">Wir bieten<b>:<\/b><\/p><ul><li class=\"p1\">Faire Bezahlung<\/li><li class=\"p1\">Gutes Arbeitsklima<\/li><li class=\"p1\">Interessante Projekte<\/li><li class=\"p2\">Langfristige Besch\u00e4ftigung<\/li><li class=\"p2\">Weiterentwicklung durch Coaching und Workshops<\/li><\/ul><\/div><div>Mach den 1. Schritt und bewerb Dich ganz unkompliziert \u00fcber das folgende Kontaktformular.<br \/><strong>Wir melden uns bei Dir!<\/strong><\/div>\t\t\t\t\t\t\t\t<\/div>\n\t\t\t\t<\/div>\n\t\t\t\t\t<\/div>\n\t\t<\/div>\n\t\t\t\t\t<\/div>\n\t\t<\/section>\n\t\t\t\t<section class=\"elementor-section elementor-top-section elementor-element elementor-element-5ab24bd elementor-section-boxed elementor-section-height-default elementor-section-height-default\" data-id=\"5ab24bd\" data-element_type=\"section\" data-e-type=\"section\">\n\t\t\t\t\t\t<div class=\"elementor-container elementor-column-gap-default\">\n\t\t\t\t\t<div class=\"elementor-column elementor-col-100 elementor-top-column elementor-element elementor-element-92411a4\" data-id=\"92411a4\" data-element_type=\"column\" data-e-type=\"column\">\n\t\t\t<div class=\"elementor-widget-wrap elementor-element-populated\">\n\t\t\t\t\t\t<div class=\"elementor-element elementor-element-0e07bfc elementor-widget elementor-widget-html\" data-id=\"0e07bfc\" data-element_type=\"widget\" data-e-type=\"widget\" data-widget_type=\"html.default\">\n\t\t\t\t<div class=\"elementor-widget-container\">\n\t\t\t\t\t<script src=\"https:\/\/apps.elfsight.com\/p\/platform.js\" defer><\/script>\n<div class=\"elfsight-app-ea7bc71d-30eb-45e0-ae92-af2cf7d4bd30\"><\/div>\t\t\t\t<\/div>\n\t\t\t\t<\/div>\n\t\t\t\t\t<\/div>\n\t\t<\/div>\n\t\t\t\t\t<\/div>\n\t\t<\/section>\n\t\t\t\t<section class=\"elementor-section elementor-top-section elementor-element elementor-element-e7ef55e elementor-section-boxed elementor-section-height-default elementor-section-height-default\" data-id=\"e7ef55e\" data-element_type=\"section\" data-e-type=\"section\">\n\t\t\t\t\t\t<div class=\"elementor-container elementor-column-gap-default\">\n\t\t\t\t\t<div class=\"elementor-column elementor-col-100 elementor-top-column elementor-element elementor-element-6db9f9f\" data-id=\"6db9f9f\" data-element_type=\"column\" data-e-type=\"column\">\n\t\t\t<div class=\"elementor-widget-wrap elementor-element-populated\">\n\t\t\t\t\t\t<div class=\"elementor-element elementor-element-4948a4f elementor-widget elementor-widget-text-editor\" data-id=\"4948a4f\" data-element_type=\"widget\" data-e-type=\"widget\" data-widget_type=\"text-editor.default\">\n\t\t\t\t<div class=\"elementor-widget-container\">\n\t\t\t\t\t\t\t\t\t<div><strong><br \/>Wir sch\u00e4tzen unsere Mitarbeiter sehr und freuen uns auf Deine Bewerbung.<\/strong><\/div><div>\u00a0<\/div><div>Nat\u00fcrlich kannst Du Dich auch per Post, Email oder Telefon bewerben.<\/div>\t\t\t\t\t\t\t\t<\/div>\n\t\t\t\t<\/div>\n\t\t\t\t\t<\/div>\n\t\t<\/div>\n\t\t\t\t\t<\/div>\n\t\t<\/section>\n\t\t\t\t<\/div>\n\t\t","protected":false},"excerpt":{"rendered":"<p>F\u00fcr unser TEAM suchen wir&#8230; Wir bieten: Faire Bezahlung Gutes Arbeitsklima Interessante Projekte Langfristige Besch\u00e4ftigung Weiterentwicklung durch Coaching und Workshops Mach den 1. Schritt und bewerb Dich ganz unkompliziert \u00fcber das folgende Kontaktformular.Wir melden uns bei Dir! Wir sch\u00e4tzen unsere Mitarbeiter sehr und freuen uns auf Deine Bewerbung.\u00a0Nat\u00fcrlich kannst Du Dich auch per Post, Email [&hellip;]<\/p>\n","protected":false},"author":2,"featured_media":0,"parent":0,"menu_order":0,"comment_status":"closed","ping_status":"closed","template":"","meta":{"footnotes":""},"class_list":["post-6111","page","type-page","status-publish","hentry"],"aioseo_notices":[],"_links":{"self":[{"href":"https:\/\/aickelin.eu\/cms\/wp-json\/wp\/v2\/pages\/6111","targetHints":{"allow":["GET"]}}],"collection":[{"href":"https:\/\/aickelin.eu\/cms\/wp-json\/wp\/v2\/pages"}],"about":[{"href":"https:\/\/aickelin.eu\/cms\/wp-json\/wp\/v2\/types\/page"}],"author":[{"embeddable":true,"href":"https:\/\/aickelin.eu\/cms\/wp-json\/wp\/v2\/users\/2"}],"replies":[{"embeddable":true,"href":"https:\/\/aickelin.eu\/cms\/wp-json\/wp\/v2\/comments?post=6111"}],"version-history":[{"count":32,"href":"https:\/\/aickelin.eu\/cms\/wp-json\/wp\/v2\/pages\/6111\/revisions"}],"predecessor-version":[{"id":7874,"href":"https:\/\/aickelin.eu\/cms\/wp-json\/wp\/v2\/pages\/6111\/revisions\/7874"}],"wp:attachment":[{"href":"https:\/\/aickelin.eu\/cms\/wp-json\/wp\/v2\/media?parent=6111"}],"curies":[{"name":"wp","href":"https:\/\/api.w.org\/{rel}","templated":true}]}}