{"id":6704,"date":"2022-10-25T06:35:07","date_gmt":"2022-10-25T06:35:07","guid":{"rendered":"https:\/\/aickelin.eu\/cms\/?page_id=6704"},"modified":"2025-04-14T12:43:33","modified_gmt":"2025-04-14T12:43:33","slug":"parkett-2","status":"publish","type":"page","link":"https:\/\/aickelin.eu\/cms\/parkett-2\/","title":{"rendered":"Parkett"},"content":{"rendered":"\t\t<div data-elementor-type=\"wp-page\" data-elementor-id=\"6704\" class=\"elementor elementor-6704\">\n\t\t\t\t\t\t<section class=\"elementor-section elementor-top-section elementor-element elementor-element-18e154bd elementor-section-boxed elementor-section-height-default elementor-section-height-default\" data-id=\"18e154bd\" data-element_type=\"section\" data-e-type=\"section\">\n\t\t\t\t\t\t<div class=\"elementor-container elementor-column-gap-default\">\n\t\t\t\t\t<div class=\"elementor-column elementor-col-100 elementor-top-column elementor-element elementor-element-7c954414\" data-id=\"7c954414\" data-element_type=\"column\" data-e-type=\"column\">\n\t\t\t<div class=\"elementor-widget-wrap elementor-element-populated\">\n\t\t\t\t\t\t<div class=\"elementor-element elementor-element-548a7d8 elementor-widget elementor-widget-text-editor\" data-id=\"548a7d8\" data-element_type=\"widget\" data-e-type=\"widget\" data-widget_type=\"text-editor.default\">\n\t\t\t\t<div class=\"elementor-widget-container\">\n\t\t\t\t\t\t\t\t\t<p><b>Parkett<\/b><\/p><p><strong>Holz ist ein Naturwerkstoff mit einem breiten Spektrum an Farbt\u00f6nen und an Maserungen. <\/strong>Helle Naturh\u00f6lzer machen den Raum gr\u00f6\u00dfer,<br \/>dunklere H\u00f6lzer schaffen eine intime, warme Atmosph\u00e4re. Parkett und seine Verlegemuster sind Teil der Raumgestaltung.<\/p>\t\t\t\t\t\t\t\t<\/div>\n\t\t\t\t<\/div>\n\t\t\t\t\t<\/div>\n\t\t<\/div>\n\t\t\t\t\t<\/div>\n\t\t<\/section>\n\t\t\t\t<section class=\"elementor-section elementor-top-section elementor-element elementor-element-5d6d86e elementor-section-boxed elementor-section-height-default elementor-section-height-default\" data-id=\"5d6d86e\" data-element_type=\"section\" data-e-type=\"section\">\n\t\t\t\t\t\t<div class=\"elementor-container elementor-column-gap-default\">\n\t\t\t\t\t<div class=\"elementor-column elementor-col-50 elementor-top-column elementor-element elementor-element-a385589\" data-id=\"a385589\" data-element_type=\"column\" data-e-type=\"column\">\n\t\t\t<div class=\"elementor-widget-wrap elementor-element-populated\">\n\t\t\t\t\t\t<div class=\"elementor-element elementor-element-2662084 elementor-widget elementor-widget-text-editor\" data-id=\"2662084\" data-element_type=\"widget\" data-e-type=\"widget\" data-widget_type=\"text-editor.default\">\n\t\t\t\t<div class=\"elementor-widget-container\">\n\t\t\t\t\t\t\t\t\t<ul> \t<li class=\"p1\">nat\u00fcrliches und wohliges Wohnambiente<\/li>\n \t<li class=\"p1\">jede Diele ist ein Unikat<\/li>\n \t<li class=\"p1\">strapazierf\u00e4hig und pflegeleicht<\/li>\n \t<li class=\"p1\">wertbest\u00e4ndig<\/li>\n<\/ul>\t\t\t\t\t\t\t\t<\/div>\n\t\t\t\t<\/div>\n\t\t\t\t<div class=\"elementor-element elementor-element-d4aed56 elementor-widget elementor-widget-image\" data-id=\"d4aed56\" data-element_type=\"widget\" data-e-type=\"widget\" data-widget_type=\"image.default\">\n\t\t\t\t<div class=\"elementor-widget-container\">\n\t\t\t\t\t\t\t\t\t\t\t\t\t\t\t\t<a href=\"https:\/\/aickelin.eu\/cms\/parkett-von-ter-huerne-im-detail\/\">\n\t\t\t\t\t\t\t<img decoding=\"async\" width=\"300\" height=\"108\" src=\"https:\/\/aickelin.eu\/cms\/wp-content\/uploads\/2024\/07\/parkett-ter-huerne-300x108.png\" class=\"attachment-medium size-medium wp-image-7574\" alt=\"\" srcset=\"https:\/\/aickelin.eu\/cms\/wp-content\/uploads\/2024\/07\/parkett-ter-huerne-300x108.png 300w, https:\/\/aickelin.eu\/cms\/wp-content\/uploads\/2024\/07\/parkett-ter-huerne-768x277.png 768w, https:\/\/aickelin.eu\/cms\/wp-content\/uploads\/2024\/07\/parkett-ter-huerne-480x173.png 480w, https:\/\/aickelin.eu\/cms\/wp-content\/uploads\/2024\/07\/parkett-ter-huerne.png 818w\" sizes=\"(max-width: 300px) 100vw, 300px\" title=\"parkett-ter-huerne\" \/>\t\t\t\t\t\t\t\t<\/a>\n\t\t\t\t\t\t\t\t\t\t\t\t\t\t\t<\/div>\n\t\t\t\t<\/div>\n\t\t\t\t\t<\/div>\n\t\t<\/div>\n\t\t\t\t<div class=\"elementor-column elementor-col-50 elementor-top-column elementor-element elementor-element-2e66884\" data-id=\"2e66884\" data-element_type=\"column\" data-e-type=\"column\">\n\t\t\t<div class=\"elementor-widget-wrap elementor-element-populated\">\n\t\t\t\t\t\t<div class=\"elementor-element elementor-element-cd6d0a5 elementor-widget elementor-widget-image\" data-id=\"cd6d0a5\" data-element_type=\"widget\" data-e-type=\"widget\" data-widget_type=\"image.default\">\n\t\t\t\t<div class=\"elementor-widget-container\">\n\t\t\t\t\t\t\t\t\t\t\t\t\t\t\t<img fetchpriority=\"high\" decoding=\"async\" width=\"940\" height=\"285\" src=\"https:\/\/aickelin.eu\/cms\/wp-content\/uploads\/2022\/10\/Parkett-1024x310.png\" class=\"attachment-large size-large wp-image-6705\" alt=\"\" srcset=\"https:\/\/aickelin.eu\/cms\/wp-content\/uploads\/2022\/10\/Parkett-1024x310.png 1024w, https:\/\/aickelin.eu\/cms\/wp-content\/uploads\/2022\/10\/Parkett-300x91.png 300w, https:\/\/aickelin.eu\/cms\/wp-content\/uploads\/2022\/10\/Parkett-768x232.png 768w, https:\/\/aickelin.eu\/cms\/wp-content\/uploads\/2022\/10\/Parkett-1536x465.png 1536w, https:\/\/aickelin.eu\/cms\/wp-content\/uploads\/2022\/10\/Parkett-1366x413.png 1366w, https:\/\/aickelin.eu\/cms\/wp-content\/uploads\/2022\/10\/Parkett.png 1824w\" sizes=\"(max-width: 940px) 100vw, 940px\" title=\"Parkett\" \/>\t\t\t\t\t\t\t\t\t\t\t\t\t\t\t<\/div>\n\t\t\t\t<\/div>\n\t\t\t\t<div class=\"elementor-element elementor-element-e059f90 elementor-widget elementor-widget-text-editor\" data-id=\"e059f90\" data-element_type=\"widget\" data-e-type=\"widget\" data-widget_type=\"text-editor.default\">\n\t\t\t\t<div class=\"elementor-widget-container\">\n\t\t\t\t\t\t\t\t\t<h6 style=\"text-align: right;\"><em>Bildquelle: Mit freundlicher Genehmigung der <a href=\"https:\/\/www.terhuerne.com\" target=\"_blank\" rel=\"noopener\">ter H\u00fcrne GmbH &amp; Co. KG<\/a>.<\/em><\/h6>\t\t\t\t\t\t\t\t<\/div>\n\t\t\t\t<\/div>\n\t\t\t\t\t<\/div>\n\t\t<\/div>\n\t\t\t\t\t<\/div>\n\t\t<\/section>\n\t\t\t\t<section class=\"elementor-section elementor-top-section elementor-element elementor-element-f54b295 elementor-section-boxed elementor-section-height-default elementor-section-height-default\" data-id=\"f54b295\" data-element_type=\"section\" data-e-type=\"section\">\n\t\t\t\t\t\t<div class=\"elementor-container elementor-column-gap-default\">\n\t\t\t\t\t<div class=\"elementor-column elementor-col-100 elementor-top-column elementor-element elementor-element-52bb2bf\" data-id=\"52bb2bf\" data-element_type=\"column\" data-e-type=\"column\">\n\t\t\t<div class=\"elementor-widget-wrap\">\n\t\t\t\t\t\t\t<\/div>\n\t\t<\/div>\n\t\t\t\t\t<\/div>\n\t\t<\/section>\n\t\t\t\t<section class=\"elementor-section elementor-top-section elementor-element elementor-element-83ffab0 elementor-section-boxed elementor-section-height-default elementor-section-height-default\" data-id=\"83ffab0\" data-element_type=\"section\" data-e-type=\"section\">\n\t\t\t\t\t\t<div class=\"elementor-container elementor-column-gap-default\">\n\t\t\t\t\t<div class=\"elementor-column elementor-col-100 elementor-top-column elementor-element elementor-element-c2a4cf2\" data-id=\"c2a4cf2\" data-element_type=\"column\" data-e-type=\"column\">\n\t\t\t<div class=\"elementor-widget-wrap elementor-element-populated\">\n\t\t\t\t\t\t<div class=\"elementor-element elementor-element-610080b elementor-widget elementor-widget-text-editor\" data-id=\"610080b\" data-element_type=\"widget\" data-e-type=\"widget\" data-widget_type=\"text-editor.default\">\n\t\t\t\t<div class=\"elementor-widget-container\">\n\t\t\t\t\t\t\t\t\t<h2 style=\"text-align: center;\">Unsere Marken und Lieferanten zum Thema Parkett<\/h2><p style=\"text-align: center;\">&#8211; mit Klick auf das Logo gelangen Sie auf deren Webseite<\/p>\t\t\t\t\t\t\t\t<\/div>\n\t\t\t\t<\/div>\n\t\t\t\t\t<\/div>\n\t\t<\/div>\n\t\t\t\t\t<\/div>\n\t\t<\/section>\n\t\t\t\t<section class=\"elementor-section elementor-top-section elementor-element elementor-element-b961452 elementor-section-boxed elementor-section-height-default elementor-section-height-default\" data-id=\"b961452\" data-element_type=\"section\" data-e-type=\"section\">\n\t\t\t\t\t\t<div class=\"elementor-container elementor-column-gap-default\">\n\t\t\t\t\t<div class=\"elementor-column elementor-col-25 elementor-top-column elementor-element elementor-element-771a8fe\" data-id=\"771a8fe\" data-element_type=\"column\" data-e-type=\"column\">\n\t\t\t<div class=\"elementor-widget-wrap\">\n\t\t\t\t\t\t\t<\/div>\n\t\t<\/div>\n\t\t\t\t<div class=\"elementor-column elementor-col-25 elementor-top-column elementor-element elementor-element-b91a062\" data-id=\"b91a062\" data-element_type=\"column\" data-e-type=\"column\">\n\t\t\t<div class=\"elementor-widget-wrap elementor-element-populated\">\n\t\t\t\t\t\t<div class=\"elementor-element elementor-element-de4e450 elementor-widget__width-initial elementor-widget elementor-widget-image\" data-id=\"de4e450\" data-element_type=\"widget\" data-e-type=\"widget\" data-widget_type=\"image.default\">\n\t\t\t\t<div class=\"elementor-widget-container\">\n\t\t\t\t\t\t\t\t\t\t\t\t\t\t\t\t<a href=\"https:\/\/www.terhuerne.com\/\">\n\t\t\t\t\t\t\t<img decoding=\"async\" width=\"300\" height=\"300\" src=\"https:\/\/aickelin.eu\/cms\/wp-content\/uploads\/2024\/06\/terhuerne-300x300.png\" class=\"attachment-medium size-medium wp-image-7310\" alt=\"\" srcset=\"https:\/\/aickelin.eu\/cms\/wp-content\/uploads\/2024\/06\/terhuerne-300x300.png 300w, https:\/\/aickelin.eu\/cms\/wp-content\/uploads\/2024\/06\/terhuerne-150x150.png 150w, https:\/\/aickelin.eu\/cms\/wp-content\/uploads\/2024\/06\/terhuerne.png 454w\" sizes=\"(max-width: 300px) 100vw, 300px\" title=\"terhuerne\" \/>\t\t\t\t\t\t\t\t<\/a>\n\t\t\t\t\t\t\t\t\t\t\t\t\t\t\t<\/div>\n\t\t\t\t<\/div>\n\t\t\t\t\t<\/div>\n\t\t<\/div>\n\t\t\t\t<div class=\"elementor-column elementor-col-25 elementor-top-column elementor-element elementor-element-4659775\" data-id=\"4659775\" data-element_type=\"column\" data-e-type=\"column\">\n\t\t\t<div class=\"elementor-widget-wrap elementor-element-populated\">\n\t\t\t\t\t\t<div class=\"elementor-element elementor-element-3b4f76d elementor-widget elementor-widget-image\" data-id=\"3b4f76d\" data-element_type=\"widget\" data-e-type=\"widget\" data-widget_type=\"image.default\">\n\t\t\t\t<div class=\"elementor-widget-container\">\n\t\t\t\t\t\t\t\t\t\t\t\t\t\t\t\t<a href=\"https:\/\/www.hain.de\/de\" target=\"_blank\">\n\t\t\t\t\t\t\t<img loading=\"lazy\" decoding=\"async\" width=\"300\" height=\"300\" src=\"https:\/\/aickelin.eu\/cms\/wp-content\/uploads\/2024\/06\/hain-parkett-300x300.png\" class=\"attachment-medium size-medium wp-image-7304\" alt=\"\" srcset=\"https:\/\/aickelin.eu\/cms\/wp-content\/uploads\/2024\/06\/hain-parkett-300x300.png 300w, https:\/\/aickelin.eu\/cms\/wp-content\/uploads\/2024\/06\/hain-parkett-150x150.png 150w, https:\/\/aickelin.eu\/cms\/wp-content\/uploads\/2024\/06\/hain-parkett.png 454w\" sizes=\"(max-width: 300px) 100vw, 300px\" title=\"hain-parkett\" \/>\t\t\t\t\t\t\t\t<\/a>\n\t\t\t\t\t\t\t\t\t\t\t\t\t\t\t<\/div>\n\t\t\t\t<\/div>\n\t\t\t\t\t<\/div>\n\t\t<\/div>\n\t\t\t\t<div class=\"elementor-column elementor-col-25 elementor-top-column elementor-element elementor-element-47bab33\" data-id=\"47bab33\" data-element_type=\"column\" data-e-type=\"column\">\n\t\t\t<div class=\"elementor-widget-wrap\">\n\t\t\t\t\t\t\t<\/div>\n\t\t<\/div>\n\t\t\t\t\t<\/div>\n\t\t<\/section>\n\t\t\t\t<\/div>\n\t\t","protected":false},"excerpt":{"rendered":"<p>Parkett Holz ist ein Naturwerkstoff mit einem breiten Spektrum an Farbt\u00f6nen und an Maserungen. Helle Naturh\u00f6lzer machen den Raum gr\u00f6\u00dfer,dunklere H\u00f6lzer schaffen eine intime, warme Atmosph\u00e4re. Parkett und seine Verlegemuster sind Teil der Raumgestaltung. nat\u00fcrliches und wohliges Wohnambiente jede Diele ist ein Unikat strapazierf\u00e4hig und pflegeleicht wertbest\u00e4ndig Bildquelle: Mit freundlicher Genehmigung der ter H\u00fcrne GmbH [&hellip;]<\/p>\n","protected":false},"author":2,"featured_media":0,"parent":0,"menu_order":0,"comment_status":"closed","ping_status":"closed","template":"","meta":{"footnotes":""},"class_list":["post-6704","page","type-page","status-publish","hentry"],"aioseo_notices":[],"_links":{"self":[{"href":"https:\/\/aickelin.eu\/cms\/wp-json\/wp\/v2\/pages\/6704","targetHints":{"allow":["GET"]}}],"collection":[{"href":"https:\/\/aickelin.eu\/cms\/wp-json\/wp\/v2\/pages"}],"about":[{"href":"https:\/\/aickelin.eu\/cms\/wp-json\/wp\/v2\/types\/page"}],"author":[{"embeddable":true,"href":"https:\/\/aickelin.eu\/cms\/wp-json\/wp\/v2\/users\/2"}],"replies":[{"embeddable":true,"href":"https:\/\/aickelin.eu\/cms\/wp-json\/wp\/v2\/comments?post=6704"}],"version-history":[{"count":61,"href":"https:\/\/aickelin.eu\/cms\/wp-json\/wp\/v2\/pages\/6704\/revisions"}],"predecessor-version":[{"id":7585,"href":"https:\/\/aickelin.eu\/cms\/wp-json\/wp\/v2\/pages\/6704\/revisions\/7585"}],"wp:attachment":[{"href":"https:\/\/aickelin.eu\/cms\/wp-json\/wp\/v2\/media?parent=6704"}],"curies":[{"name":"wp","href":"https:\/\/api.w.org\/{rel}","templated":true}]}}