{"id":7134,"date":"2024-05-07T09:04:40","date_gmt":"2024-05-07T09:04:40","guid":{"rendered":"https:\/\/aickelin.eu\/cms\/?page_id=7134"},"modified":"2025-07-30T14:40:03","modified_gmt":"2025-07-30T14:40:03","slug":"angebot-raumausstatter-neckarsulm","status":"publish","type":"page","link":"https:\/\/aickelin.eu\/cms\/angebot-raumausstatter-neckarsulm\/","title":{"rendered":"Unser Angebot"},"content":{"rendered":"\t\t<div data-elementor-type=\"wp-post\" data-elementor-id=\"7134\" class=\"elementor elementor-7134\">\n\t\t\t\t\t\t<section class=\"elementor-section elementor-top-section elementor-element elementor-element-65f5b1d elementor-section-boxed elementor-section-height-default elementor-section-height-default\" data-id=\"65f5b1d\" data-element_type=\"section\" data-e-type=\"section\">\n\t\t\t\t\t\t<div class=\"elementor-container elementor-column-gap-default\">\n\t\t\t\t\t<div class=\"elementor-column elementor-col-100 elementor-top-column elementor-element elementor-element-2bf79ed\" data-id=\"2bf79ed\" data-element_type=\"column\" data-e-type=\"column\">\n\t\t\t<div class=\"elementor-widget-wrap elementor-element-populated\">\n\t\t\t\t\t\t<div class=\"elementor-element elementor-element-0253166 elementor-widget__width-initial elementor-widget elementor-widget-text-editor\" data-id=\"0253166\" data-element_type=\"widget\" data-e-type=\"widget\" data-widget_type=\"text-editor.default\">\n\t\t\t\t<div class=\"elementor-widget-container\">\n\t\t\t\t\t\t\t\t\t<h2 style=\"text-align: left;\"><span>Bodenbel\u00e4ge<\/span><\/h2>\t\t\t\t\t\t\t\t<\/div>\n\t\t\t\t<\/div>\n\t\t\t\t<div class=\"elementor-element elementor-element-f135f79 elementor-widget elementor-widget-text-editor\" data-id=\"f135f79\" data-element_type=\"widget\" data-e-type=\"widget\" data-widget_type=\"text-editor.default\">\n\t\t\t\t<div class=\"elementor-widget-container\">\n\t\t\t\t\t\t\t\t\t<p><strong data-start=\"0\" data-end=\"32\" data-is-only-node=\"\">Pers\u00f6nliche Beratung vor Ort<\/strong>: Unsere Ausstellung in <strong data-start=\"56\" data-end=\"70\">Neckarsulm<\/strong>, nur wenige Minuten von Heilbronn entfernt, umfasst rund <strong data-start=\"128\" data-end=\"138\">400\u202fm\u00b2<\/strong> Pr\u00e4sentationsfl\u00e4che \u2013 ideal zur Auswahl regionaler Holzarten, Oberfl\u00e4chen und Designs<\/p>\t\t\t\t\t\t\t\t<\/div>\n\t\t\t\t<\/div>\n\t\t\t\t\t<\/div>\n\t\t<\/div>\n\t\t\t\t\t<\/div>\n\t\t<\/section>\n\t\t\t\t<section class=\"elementor-section elementor-top-section elementor-element elementor-element-65bb6a0 elementor-section-boxed elementor-section-height-default elementor-section-height-default\" data-id=\"65bb6a0\" data-element_type=\"section\" data-e-type=\"section\">\n\t\t\t\t\t\t<div class=\"elementor-container elementor-column-gap-default\">\n\t\t\t\t\t<div class=\"elementor-column elementor-col-50 elementor-top-column elementor-element elementor-element-baa2625\" data-id=\"baa2625\" data-element_type=\"column\" data-e-type=\"column\">\n\t\t\t<div class=\"elementor-widget-wrap elementor-element-populated\">\n\t\t\t\t\t\t<div class=\"elementor-element elementor-element-d7ed761 elementor-widget elementor-widget-gt3-core-flipbox\" data-id=\"d7ed761\" data-element_type=\"widget\" data-e-type=\"widget\" data-widget_type=\"gt3-core-flipbox.default\">\n\t\t\t\t<div class=\"elementor-widget-container\">\n\t\t\t\t\t\r\n\t<div class=\"gt3_services_box to-left \">\r\n\t\t<div class=\"gt3_services_img_bg services_box-front \" style=\"background-image: url(https:\/\/aickelin.eu\/cms\/wp-content\/uploads\/2024\/05\/Aickelin-Objekt-Raumausstattung-Heilbronn-1024x588.jpg)\">\r\n\t\t\t<div class=\"gt3_services_box_title \"><div class=\"box_title\" >Parkett<\/div><\/div>\t\t<\/div>\r\n\t\t<div class=\"gt3_services_box_content services_box-back\">\r\n\t\t\t<div class=\"text_wrap\">mehr dazu erfahren:<\/div>\t\t\t<div class=\"fake_space\"><\/div>\r\n\t\t<\/div>\r\n\t\t\t\t<a class=\"gt3_services_box_link\" href=\"\/cms\/parkett-2\/\" title=\"\">\r\n\t\t\t\t\t<\/a>\r\n\t<\/div>\r\n\t\t\t\t<\/div>\n\t\t\t\t<\/div>\n\t\t\t\t\t<\/div>\n\t\t<\/div>\n\t\t\t\t<div class=\"elementor-column elementor-col-50 elementor-top-column elementor-element elementor-element-ca04014\" data-id=\"ca04014\" data-element_type=\"column\" data-e-type=\"column\">\n\t\t\t<div class=\"elementor-widget-wrap elementor-element-populated\">\n\t\t\t\t\t\t<div class=\"elementor-element elementor-element-d1dc6d9 elementor-widget elementor-widget-gt3-core-flipbox\" data-id=\"d1dc6d9\" data-element_type=\"widget\" data-e-type=\"widget\" data-widget_type=\"gt3-core-flipbox.default\">\n\t\t\t\t<div class=\"elementor-widget-container\">\n\t\t\t\t\t\r\n\t<div class=\"gt3_services_box to-left \">\r\n\t\t<div class=\"gt3_services_img_bg services_box-front \" style=\"background-image: url(https:\/\/aickelin.eu\/cms\/wp-content\/uploads\/2024\/05\/Raumausstattung-Heilbronn-Neckarsulm-Aickelin-1024x682.jpg)\">\r\n\t\t\t<div class=\"gt3_services_box_title \"><div class=\"box_title\" >Hywood<\/div><\/div>\t\t<\/div>\r\n\t\t<div class=\"gt3_services_box_content services_box-back\">\r\n\t\t\t<div class=\"text_wrap\">mehr dazu erfahren:<\/div>\t\t\t<div class=\"fake_space\"><\/div>\r\n\t\t<\/div>\r\n\t\t\t\t<a class=\"gt3_services_box_link\" href=\"\/cms\/hywood\/\" title=\"\">\r\n\t\t\t\t\t<\/a>\r\n\t<\/div>\r\n\t\t\t\t<\/div>\n\t\t\t\t<\/div>\n\t\t\t\t\t<\/div>\n\t\t<\/div>\n\t\t\t\t\t<\/div>\n\t\t<\/section>\n\t\t\t\t<section class=\"elementor-section elementor-top-section elementor-element elementor-element-ebf785f elementor-section-boxed elementor-section-height-default elementor-section-height-default\" data-id=\"ebf785f\" data-element_type=\"section\" data-e-type=\"section\">\n\t\t\t\t\t\t<div class=\"elementor-container elementor-column-gap-default\">\n\t\t\t\t\t<div class=\"elementor-column elementor-col-50 elementor-top-column elementor-element elementor-element-1a8936f\" data-id=\"1a8936f\" data-element_type=\"column\" data-e-type=\"column\">\n\t\t\t<div class=\"elementor-widget-wrap elementor-element-populated\">\n\t\t\t\t\t\t<div class=\"elementor-element elementor-element-f8c40a1 elementor-widget elementor-widget-gt3-core-flipbox\" data-id=\"f8c40a1\" data-element_type=\"widget\" data-e-type=\"widget\" data-widget_type=\"gt3-core-flipbox.default\">\n\t\t\t\t<div class=\"elementor-widget-container\">\n\t\t\t\t\t\r\n\t<div class=\"gt3_services_box to-left \">\r\n\t\t<div class=\"gt3_services_img_bg services_box-front \" style=\"background-image: url(https:\/\/aickelin.eu\/cms\/wp-content\/uploads\/2024\/05\/Raumausstattung-Designbelag-Aickelin.jpg)\">\r\n\t\t\t<div class=\"gt3_services_box_title \"><div class=\"box_title\" >Designb\u00f6den \u00b7 Vinyl<\/div><\/div>\t\t<\/div>\r\n\t\t<div class=\"gt3_services_box_content services_box-back\">\r\n\t\t\t<div class=\"text_wrap\">mehr dazu erfahren:<\/div>\t\t\t<div class=\"fake_space\"><\/div>\r\n\t\t<\/div>\r\n\t\t\t\t<a class=\"gt3_services_box_link\" href=\"\/cms\/designboeden-vinyl\/\" title=\"\">\r\n\t\t\t\t\t<\/a>\r\n\t<\/div>\r\n\t\t\t\t<\/div>\n\t\t\t\t<\/div>\n\t\t\t\t\t<\/div>\n\t\t<\/div>\n\t\t\t\t<div class=\"elementor-column elementor-col-50 elementor-top-column elementor-element elementor-element-d1c2446\" data-id=\"d1c2446\" data-element_type=\"column\" data-e-type=\"column\">\n\t\t\t<div class=\"elementor-widget-wrap elementor-element-populated\">\n\t\t\t\t\t\t<div class=\"elementor-element elementor-element-743ceab elementor-widget elementor-widget-gt3-core-flipbox\" data-id=\"743ceab\" data-element_type=\"widget\" data-e-type=\"widget\" data-widget_type=\"gt3-core-flipbox.default\">\n\t\t\t\t<div class=\"elementor-widget-container\">\n\t\t\t\t\t\r\n\t<div class=\"gt3_services_box to-left \">\r\n\t\t<div class=\"gt3_services_img_bg services_box-front \" style=\"background-image: url(https:\/\/aickelin.eu\/cms\/wp-content\/uploads\/2024\/06\/voruebergehendes-bild-teppich-1024x668.jpg)\">\r\n\t\t\t<div class=\"gt3_services_box_title \"><div class=\"box_title\" >Teppichboden \u00b7 Nadelvlies \u00b7 Sauberlauf<\/div><\/div>\t\t<\/div>\r\n\t\t<div class=\"gt3_services_box_content services_box-back\">\r\n\t\t\t<div class=\"text_wrap\">mehr dazu erfahren:<\/div>\t\t\t<div class=\"fake_space\"><\/div>\r\n\t\t<\/div>\r\n\t\t\t\t<a class=\"gt3_services_box_link\" href=\"\/cms\/teppichboden\/\" title=\"\">\r\n\t\t\t\t\t<\/a>\r\n\t<\/div>\r\n\t\t\t\t<\/div>\n\t\t\t\t<\/div>\n\t\t\t\t\t<\/div>\n\t\t<\/div>\n\t\t\t\t\t<\/div>\n\t\t<\/section>\n\t\t\t\t<section class=\"elementor-section elementor-top-section elementor-element elementor-element-d59b55f elementor-section-boxed elementor-section-height-default elementor-section-height-default\" data-id=\"d59b55f\" data-element_type=\"section\" data-e-type=\"section\">\n\t\t\t\t\t\t<div class=\"elementor-container elementor-column-gap-default\">\n\t\t\t\t\t<div class=\"elementor-column elementor-col-100 elementor-top-column elementor-element elementor-element-861789f\" data-id=\"861789f\" data-element_type=\"column\" data-e-type=\"column\">\n\t\t\t<div class=\"elementor-widget-wrap elementor-element-populated\">\n\t\t\t\t\t\t<div class=\"elementor-element elementor-element-315ec68 elementor-widget__width-initial elementor-widget elementor-widget-text-editor\" data-id=\"315ec68\" data-element_type=\"widget\" data-e-type=\"widget\" data-widget_type=\"text-editor.default\">\n\t\t\t\t<div class=\"elementor-widget-container\">\n\t\t\t\t\t\t\t\t\t<h2 style=\"text-align: left;\"><span>Akustikpaneele<\/span><\/h2>\t\t\t\t\t\t\t\t<\/div>\n\t\t\t\t<\/div>\n\t\t\t\t\t<\/div>\n\t\t<\/div>\n\t\t\t\t\t<\/div>\n\t\t<\/section>\n\t\t\t\t<section class=\"elementor-section elementor-top-section elementor-element elementor-element-50db1cc elementor-section-boxed elementor-section-height-default elementor-section-height-default\" data-id=\"50db1cc\" data-element_type=\"section\" data-e-type=\"section\">\n\t\t\t\t\t\t<div class=\"elementor-container elementor-column-gap-default\">\n\t\t\t\t\t<div class=\"elementor-column elementor-col-50 elementor-top-column elementor-element elementor-element-094e08b\" data-id=\"094e08b\" data-element_type=\"column\" data-e-type=\"column\">\n\t\t\t<div class=\"elementor-widget-wrap elementor-element-populated\">\n\t\t\t\t\t\t<div class=\"elementor-element elementor-element-01ef8f5 elementor-widget elementor-widget-gt3-core-flipbox\" data-id=\"01ef8f5\" data-element_type=\"widget\" data-e-type=\"widget\" data-widget_type=\"gt3-core-flipbox.default\">\n\t\t\t\t<div class=\"elementor-widget-container\">\n\t\t\t\t\t\r\n\t<div class=\"gt3_services_box to-left \">\r\n\t\t<div class=\"gt3_services_img_bg services_box-front \" style=\"background-image: url(https:\/\/aickelin.eu\/cms\/wp-content\/uploads\/2025\/04\/Akustikpaneele-ter-huerne-Aickelin-Neckarsulm-1024x685.jpg)\">\r\n\t\t\t<div class=\"gt3_services_box_title \"><div class=\"box_title\" >Schall trifft auf Sch\u00f6nheit<\/div><\/div>\t\t<\/div>\r\n\t\t<div class=\"gt3_services_box_content services_box-back\">\r\n\t\t\t<div class=\"text_wrap\">mehr dazu erfahren:<\/div>\t\t\t<div class=\"fake_space\"><\/div>\r\n\t\t<\/div>\r\n\t\t\t\t<a class=\"gt3_services_box_link\" href=\"\/cms\/akustikpaneele\/\" title=\"\">\r\n\t\t\t\t\t<\/a>\r\n\t<\/div>\r\n\t\t\t\t<\/div>\n\t\t\t\t<\/div>\n\t\t\t\t\t<\/div>\n\t\t<\/div>\n\t\t\t\t<div class=\"elementor-column elementor-col-50 elementor-top-column elementor-element elementor-element-75e7a3b\" data-id=\"75e7a3b\" data-element_type=\"column\" data-e-type=\"column\">\n\t\t\t<div class=\"elementor-widget-wrap\">\n\t\t\t\t\t\t\t<\/div>\n\t\t<\/div>\n\t\t\t\t\t<\/div>\n\t\t<\/section>\n\t\t\t\t<section class=\"elementor-section elementor-top-section elementor-element elementor-element-cad7c7d elementor-section-boxed elementor-section-height-default elementor-section-height-default\" data-id=\"cad7c7d\" data-element_type=\"section\" data-e-type=\"section\">\n\t\t\t\t\t\t<div class=\"elementor-container elementor-column-gap-default\">\n\t\t\t\t\t<div class=\"elementor-column elementor-col-100 elementor-top-column elementor-element elementor-element-77510c4\" data-id=\"77510c4\" data-element_type=\"column\" data-e-type=\"column\">\n\t\t\t<div class=\"elementor-widget-wrap elementor-element-populated\">\n\t\t\t\t\t\t<div class=\"elementor-element elementor-element-8115607 elementor-widget__width-initial elementor-widget elementor-widget-text-editor\" data-id=\"8115607\" data-element_type=\"widget\" data-e-type=\"widget\" data-widget_type=\"text-editor.default\">\n\t\t\t\t<div class=\"elementor-widget-container\">\n\t\t\t\t\t\t\t\t\t<h2 style=\"text-align: left;\"><span>Innenliegender Sonnenschutz<\/span><\/h2>\t\t\t\t\t\t\t\t<\/div>\n\t\t\t\t<\/div>\n\t\t\t\t\t<\/div>\n\t\t<\/div>\n\t\t\t\t\t<\/div>\n\t\t<\/section>\n\t\t\t\t<section class=\"elementor-section elementor-top-section elementor-element elementor-element-be4854d elementor-section-boxed elementor-section-height-default elementor-section-height-default\" data-id=\"be4854d\" data-element_type=\"section\" data-e-type=\"section\">\n\t\t\t\t\t\t<div class=\"elementor-container elementor-column-gap-default\">\n\t\t\t\t\t<div class=\"elementor-column elementor-col-50 elementor-top-column elementor-element elementor-element-0d1695c\" data-id=\"0d1695c\" data-element_type=\"column\" data-e-type=\"column\">\n\t\t\t<div class=\"elementor-widget-wrap elementor-element-populated\">\n\t\t\t\t\t\t<div class=\"elementor-element elementor-element-263c8d2 elementor-widget elementor-widget-gt3-core-flipbox\" data-id=\"263c8d2\" data-element_type=\"widget\" data-e-type=\"widget\" data-widget_type=\"gt3-core-flipbox.default\">\n\t\t\t\t<div class=\"elementor-widget-container\">\n\t\t\t\t\t\r\n\t<div class=\"gt3_services_box to-left \">\r\n\t\t<div class=\"gt3_services_img_bg services_box-front \" style=\"background-image: url(https:\/\/aickelin.eu\/cms\/wp-content\/uploads\/2024\/06\/voruebergehendes-bild-sonnenschutz-1024x666.jpg)\">\r\n\t\t\t<div class=\"gt3_services_box_title \"><div class=\"box_title\" >Plissees \u00b7 Rollos \u00b7 Lamellen<\/div><\/div>\t\t<\/div>\r\n\t\t<div class=\"gt3_services_box_content services_box-back\">\r\n\t\t\t<div class=\"text_wrap\">mehr dazu erfahren:<\/div>\t\t\t<div class=\"fake_space\"><\/div>\r\n\t\t<\/div>\r\n\t\t\t\t<a class=\"gt3_services_box_link\" href=\"\/cms\/innenliegender-sonnenschutz\/\" title=\"\">\r\n\t\t\t\t\t<\/a>\r\n\t<\/div>\r\n\t\t\t\t<\/div>\n\t\t\t\t<\/div>\n\t\t\t\t\t<\/div>\n\t\t<\/div>\n\t\t\t\t<div class=\"elementor-column elementor-col-50 elementor-top-column elementor-element elementor-element-3f06422\" data-id=\"3f06422\" data-element_type=\"column\" data-e-type=\"column\">\n\t\t\t<div class=\"elementor-widget-wrap\">\n\t\t\t\t\t\t\t<\/div>\n\t\t<\/div>\n\t\t\t\t\t<\/div>\n\t\t<\/section>\n\t\t\t\t<section class=\"elementor-section elementor-top-section elementor-element elementor-element-9b19f23 elementor-section-stretched elementor-section-boxed elementor-section-height-default elementor-section-height-default\" data-id=\"9b19f23\" data-element_type=\"section\" data-e-type=\"section\" data-settings=\"{&quot;stretch_section&quot;:&quot;section-stretched&quot;,&quot;background_background&quot;:&quot;classic&quot;}\">\n\t\t\t\t\t\t\t<div class=\"elementor-background-overlay\"><\/div>\n\t\t\t\t\t\t\t<div class=\"elementor-container elementor-column-gap-default\">\n\t\t\t\t\t<div class=\"elementor-column elementor-col-100 elementor-top-column elementor-element elementor-element-6061f39\" data-id=\"6061f39\" data-element_type=\"column\" data-e-type=\"column\">\n\t\t\t<div class=\"elementor-widget-wrap elementor-element-populated\">\n\t\t\t\t\t\t<div class=\"elementor-element elementor-element-0603bbf elementor-widget elementor-widget-spacer\" data-id=\"0603bbf\" data-element_type=\"widget\" data-e-type=\"widget\" data-widget_type=\"spacer.default\">\n\t\t\t\t<div class=\"elementor-widget-container\">\n\t\t\t\t\t\t\t<div class=\"elementor-spacer\">\n\t\t\t<div class=\"elementor-spacer-inner\"><\/div>\n\t\t<\/div>\n\t\t\t\t\t\t<\/div>\n\t\t\t\t<\/div>\n\t\t\t\t<div class=\"elementor-element elementor-element-13a444e elementor-widget__width-initial elementor-widget elementor-widget-heading\" data-id=\"13a444e\" data-element_type=\"widget\" data-e-type=\"widget\" data-widget_type=\"heading.default\">\n\t\t\t\t<div class=\"elementor-widget-container\">\n\t\t\t\t\t<h2 class=\"elementor-heading-title elementor-size-default\">Aickelin Objekt<\/h2>\t\t\t\t<\/div>\n\t\t\t\t<\/div>\n\t\t\t\t<section class=\"elementor-section elementor-inner-section elementor-element elementor-element-5710348 elementor-section-content-middle elementor-section-boxed elementor-section-height-default elementor-section-height-default\" data-id=\"5710348\" data-element_type=\"section\" data-e-type=\"section\">\n\t\t\t\t\t\t<div class=\"elementor-container elementor-column-gap-default\">\n\t\t\t\t\t<div class=\"elementor-column elementor-col-100 elementor-inner-column elementor-element elementor-element-41b7620\" data-id=\"41b7620\" data-element_type=\"column\" data-e-type=\"column\">\n\t\t\t<div class=\"elementor-widget-wrap elementor-element-populated\">\n\t\t\t\t\t\t<div class=\"elementor-element-custom_font_size elementor-element-custom_line_height elementor-element-custom_color elementor-element elementor-element-f10e73c elementor-widget__width-initial elementor-widget elementor-widget-text-editor\" data-id=\"f10e73c\" data-element_type=\"widget\" data-e-type=\"widget\" data-widget_type=\"text-editor.default\">\n\t\t\t\t<div class=\"elementor-widget-container\">\n\t\t\t\t\t\t\t\t\t<p data-start=\"123\" data-end=\"224\">Unser Name steht f\u00fcr Kompetenz und Qualit\u00e4t bei der Gestaltung von Innenr\u00e4umen.<\/p><p data-start=\"226\" data-end=\"420\">Stilsicher beraten wir Sie und helfen Ihnen, Ihren pers\u00f6nlichen Stil in Ihren Privatr\u00e4umen zu verwirklichen oder die gew\u00fcnschten Effekte in einem Hotel oder in gewerblichen Objekten zu erzielen.<\/p><p data-start=\"422\" data-end=\"578\">Wir verkaufen und verlegen hochwertige B\u00f6den \u2013 fachgerecht und individuell auf Ihre W\u00fcnsche abgestimmt. Dabei sind wir im Raum Heilbronn f\u00fcr Sie im Einsatz.<\/p><p data-start=\"580\" data-end=\"812\">Viel Wert legen wir auf die Schaffung von R\u00e4umen, die eine angenehme Atmosph\u00e4re ausstrahlen. Bei der Realisierung setzen wir auf hochwertige Materialien, wodurch garantiert wird, dass Sie lange Freude an unserer Arbeit haben werden.<\/p><p data-start=\"814\" data-end=\"863\"><strong>Aickelin bringt W\u00e4rme und Charme in jede Wohnung.<\/strong><\/p>\t\t\t\t\t\t\t\t<\/div>\n\t\t\t\t<\/div>\n\t\t\t\t<div class=\"elementor-element elementor-element-fc83b09 elementor-widget elementor-widget-spacer\" data-id=\"fc83b09\" data-element_type=\"widget\" data-e-type=\"widget\" data-widget_type=\"spacer.default\">\n\t\t\t\t<div class=\"elementor-widget-container\">\n\t\t\t\t\t\t\t<div class=\"elementor-spacer\">\n\t\t\t<div class=\"elementor-spacer-inner\"><\/div>\n\t\t<\/div>\n\t\t\t\t\t\t<\/div>\n\t\t\t\t<\/div>\n\t\t\t\t\t<\/div>\n\t\t<\/div>\n\t\t\t\t\t<\/div>\n\t\t<\/section>\n\t\t\t\t\t<\/div>\n\t\t<\/div>\n\t\t\t\t\t<\/div>\n\t\t<\/section>\n\t\t\t\t<section class=\"elementor-section elementor-inner-section elementor-element elementor-element-356dcde elementor-section-content-middle elementor-section-boxed elementor-section-height-default elementor-section-height-default\" data-id=\"356dcde\" data-element_type=\"section\" data-e-type=\"section\" data-settings=\"{&quot;background_background&quot;:&quot;classic&quot;}\">\n\t\t\t\t\t\t<div class=\"elementor-container elementor-column-gap-default\">\n\t\t\t\t\t<div class=\"elementor-column elementor-col-50 elementor-inner-column elementor-element elementor-element-cdb3e0c\" data-id=\"cdb3e0c\" data-element_type=\"column\" data-e-type=\"column\">\n\t\t\t<div class=\"elementor-widget-wrap elementor-element-populated\">\n\t\t\t\t\t\t<div class=\"elementor-element-custom_font_size elementor-element-custom_font_size_mobile elementor-element-custom_line_height elementor-element-custom_line_height_mobile elementor-element-custom_font_weight elementor-element-custom_color elementor-element elementor-element-4d55f36 elementor-widget elementor-widget-text-editor\" data-id=\"4d55f36\" data-element_type=\"widget\" data-e-type=\"widget\" data-widget_type=\"text-editor.default\">\n\t\t\t\t<div class=\"elementor-widget-container\">\n\t\t\t\t\t\t\t\t\t<h2><span style=\"font-weight: 300;\" class=\"gt3_font-weight\"><span style=\"font-weight: bold;\" class=\"gt3_font-weight\">GERNE<\/span>\u00a0ERSTELLEN WIR IHNEN<\/span><\/h2><div><span style=\"font-weight: 300;\" class=\"gt3_font-weight\">ein individuelles Angebot&#8230;<\/span><\/div>\t\t\t\t\t\t\t\t<\/div>\n\t\t\t\t<\/div>\n\t\t\t\t\t<\/div>\n\t\t<\/div>\n\t\t\t\t<div class=\"elementor-column elementor-col-50 elementor-inner-column elementor-element elementor-element-8647de0\" data-id=\"8647de0\" data-element_type=\"column\" data-e-type=\"column\">\n\t\t\t<div class=\"elementor-widget-wrap elementor-element-populated\">\n\t\t\t\t\t\t<div class=\"gt3-core-button--alignment_left elementor-element elementor-element-7836af6 elementor-hidden-phone elementor-widget elementor-widget-gt3-core-button\" data-id=\"7836af6\" data-element_type=\"widget\" data-e-type=\"widget\" data-widget_type=\"gt3-core-button.default\">\n\t\t\t\t<div class=\"elementor-widget-container\">\n\t\t\t\t\t\t<div class=\"gt3_module_button_elementor size_normal alignment_left button_icon_image hover_none \">\r\n\t\t<a class=\"button_size_elementor_normal alignment_left border_icon_image hover_none btn_icon_position_right\" href=\"mailto:info@aickelin.eu\">\r\n\t\t\t\t<span class=\"gt3_module_button__container\">\r\n\t\t\t\t\t\t\t\t\t\t\t<span class=\"gt3_module_button__cover front\"><span class=\"elementor_gt3_btn_text\">  Email<\/span><\/span>\r\n\t\t\t\t\t\t\t\t\t\t\t\t\t\t\t<\/span>\r\n\t\t<\/a>\r\n\t<\/div>\r\n\r\n<script type=\"application\/json\" id=\"settings--7836af6\">[]<\/script>\t\t\t\t<\/div>\n\t\t\t\t<\/div>\n\t\t\t\t<div class=\"gt3-core-button--alignment_left elementor-element elementor-element-af5fe2a elementor-hidden-desktop elementor-hidden-tablet elementor-widget elementor-widget-gt3-core-button\" data-id=\"af5fe2a\" data-element_type=\"widget\" data-e-type=\"widget\" data-widget_type=\"gt3-core-button.default\">\n\t\t\t\t<div class=\"elementor-widget-container\">\n\t\t\t\t\t\t<div class=\"gt3_module_button_elementor size_normal alignment_left button_icon_image hover_none \">\r\n\t\t<a class=\"button_size_elementor_normal alignment_left border_icon_image hover_none btn_icon_position_right\" href=\"mailto:info@aickelin.eu\">\r\n\t\t\t\t<span class=\"gt3_module_button__container\">\r\n\t\t\t\t\t\t\t\t\t\t\t<span class=\"gt3_module_button__cover front\"><span class=\"elementor_gt3_btn_text\">Email<\/span><\/span>\r\n\t\t\t\t\t\t\t\t\t\t\t\t\t\t\t<\/span>\r\n\t\t<\/a>\r\n\t<\/div>\r\n\r\n<script type=\"application\/json\" id=\"settings--af5fe2a\">[]<\/script>\t\t\t\t<\/div>\n\t\t\t\t<\/div>\n\t\t\t\t\t<\/div>\n\t\t<\/div>\n\t\t\t\t\t<\/div>\n\t\t<\/section>\n\t\t\t\t<\/div>\n\t\t","protected":false},"excerpt":{"rendered":"<p>Bodenbel\u00e4ge Pers\u00f6nliche Beratung vor Ort: Unsere Ausstellung in Neckarsulm, nur wenige Minuten von Heilbronn entfernt, umfasst rund 400\u202fm\u00b2 Pr\u00e4sentationsfl\u00e4che \u2013 ideal zur Auswahl regionaler Holzarten, Oberfl\u00e4chen und Designs Parkett mehr dazu erfahren: Hywood mehr dazu erfahren: Designb\u00f6den \u00b7 Vinyl mehr dazu erfahren: Teppichboden \u00b7 Nadelvlies \u00b7 Sauberlauf mehr dazu erfahren: Akustikpaneele Schall trifft auf Sch\u00f6nheit [&hellip;]<\/p>\n","protected":false},"author":2,"featured_media":0,"parent":0,"menu_order":0,"comment_status":"closed","ping_status":"closed","template":"full-width.php","meta":{"footnotes":""},"class_list":["post-7134","page","type-page","status-publish","hentry"],"aioseo_notices":[],"_links":{"self":[{"href":"https:\/\/aickelin.eu\/cms\/wp-json\/wp\/v2\/pages\/7134","targetHints":{"allow":["GET"]}}],"collection":[{"href":"https:\/\/aickelin.eu\/cms\/wp-json\/wp\/v2\/pages"}],"about":[{"href":"https:\/\/aickelin.eu\/cms\/wp-json\/wp\/v2\/types\/page"}],"author":[{"embeddable":true,"href":"https:\/\/aickelin.eu\/cms\/wp-json\/wp\/v2\/users\/2"}],"replies":[{"embeddable":true,"href":"https:\/\/aickelin.eu\/cms\/wp-json\/wp\/v2\/comments?post=7134"}],"version-history":[{"count":38,"href":"https:\/\/aickelin.eu\/cms\/wp-json\/wp\/v2\/pages\/7134\/revisions"}],"predecessor-version":[{"id":8339,"href":"https:\/\/aickelin.eu\/cms\/wp-json\/wp\/v2\/pages\/7134\/revisions\/8339"}],"wp:attachment":[{"href":"https:\/\/aickelin.eu\/cms\/wp-json\/wp\/v2\/media?parent=7134"}],"curies":[{"name":"wp","href":"https:\/\/api.w.org\/{rel}","templated":true}]}}