{"id":7693,"date":"2025-05-14T08:16:51","date_gmt":"2025-05-14T08:16:51","guid":{"rendered":"https:\/\/aickelin.eu\/cms\/?page_id=7693"},"modified":"2025-07-30T15:00:53","modified_gmt":"2025-07-30T15:00:53","slug":"hywood-von-ter-huerne-im-detail","status":"publish","type":"page","link":"https:\/\/aickelin.eu\/cms\/hywood-von-ter-huerne-im-detail\/","title":{"rendered":"Hywood \u2013 Der Echtholz-Hybridboden von TerH\u00fcrne"},"content":{"rendered":"\t\t<div data-elementor-type=\"wp-page\" data-elementor-id=\"7693\" class=\"elementor elementor-7693\">\n\t\t\t\t\t\t<section class=\"elementor-section elementor-top-section elementor-element elementor-element-18e154bd elementor-section-boxed elementor-section-height-default elementor-section-height-default\" data-id=\"18e154bd\" data-element_type=\"section\" data-e-type=\"section\">\n\t\t\t\t\t\t<div class=\"elementor-container elementor-column-gap-default\">\n\t\t\t\t\t<div class=\"elementor-column elementor-col-100 elementor-top-column elementor-element elementor-element-7c954414\" data-id=\"7c954414\" data-element_type=\"column\" data-e-type=\"column\">\n\t\t\t<div class=\"elementor-widget-wrap elementor-element-populated\">\n\t\t\t\t\t\t<div class=\"elementor-element elementor-element-548a7d8 elementor-widget elementor-widget-text-editor\" data-id=\"548a7d8\" data-element_type=\"widget\" data-e-type=\"widget\" data-widget_type=\"text-editor.default\">\n\t\t\t\t<div class=\"elementor-widget-container\">\n\t\t\t\t\t\t\t\t\t<p class=\"\" data-start=\"291\" data-end=\"325\"><strong data-start=\"291\" data-end=\"325\">Nat\u00fcrlich. Robust. Nachhaltig.<\/strong><\/p><p class=\"\" data-start=\"327\" data-end=\"475\">Entdecken Sie Hywood \u2013 den innovativen Echtholz-Hybridboden von TerH\u00fcrne.\u00a0<span class=\"relative -mx-px my-[-0.2rem] rounded px-px py-[0.2rem] transition-colors duration-100 ease-in-out\">Mit seiner einzigartigen Kombination aus echtem Holz und fortschrittlicher Technologie bietet Hywood die perfekte Symbiose aus nat\u00fcrlicher \u00c4sthetik und au\u00dfergew\u00f6hnlicher Strapazierf\u00e4higkeit.<\/span><\/p>\t\t\t\t\t\t\t\t<\/div>\n\t\t\t\t<\/div>\n\t\t\t\t\t<\/div>\n\t\t<\/div>\n\t\t\t\t\t<\/div>\n\t\t<\/section>\n\t\t\t\t<section class=\"elementor-section elementor-top-section elementor-element elementor-element-f72ff23 elementor-section-boxed elementor-section-height-default elementor-section-height-default\" data-id=\"f72ff23\" data-element_type=\"section\" data-e-type=\"section\">\n\t\t\t\t\t\t<div class=\"elementor-container elementor-column-gap-default\">\n\t\t\t\t\t<div class=\"elementor-column elementor-col-100 elementor-top-column elementor-element elementor-element-5cb5a41\" data-id=\"5cb5a41\" data-element_type=\"column\" data-e-type=\"column\">\n\t\t\t<div class=\"elementor-widget-wrap elementor-element-populated\">\n\t\t\t\t\t\t<div class=\"elementor-element elementor-element-90e53e7 elementor-widget elementor-widget-text-editor\" data-id=\"90e53e7\" data-element_type=\"widget\" data-e-type=\"widget\" data-widget_type=\"text-editor.default\">\n\t\t\t\t<div class=\"elementor-widget-container\">\n\t\t\t\t\t\t\t\t\t<h2>Smarte B\u00f6den f\u00fcr Ihr cleveres Zuhause<\/h2>\t\t\t\t\t\t\t\t<\/div>\n\t\t\t\t<\/div>\n\t\t\t\t<div class=\"elementor-element elementor-element-c9c6140 elementor-widget elementor-widget-text-editor\" data-id=\"c9c6140\" data-element_type=\"widget\" data-e-type=\"widget\" data-widget_type=\"text-editor.default\">\n\t\t\t\t<div class=\"elementor-widget-container\">\n\t\t\t\t\t\t\t\t\t<h2 class=\"\" data-start=\"477\" data-end=\"509\">&#8211; Echtes Holz, neu definiert<\/h2><p class=\"\" data-start=\"511\" data-end=\"665\"><span class=\"relative -mx-px my-[-0.2rem] rounded px-px py-[0.2rem] transition-colors duration-100 ease-in-out\">Hywood vereint die Sch\u00f6nheit und Haptik von echtem Holz mit den Vorteilen moderner Technologie.<\/span>\u00a0<span class=\"relative -mx-px my-[-0.2rem] rounded px-px py-[0.2rem] transition-colors duration-100 ease-in-out\">Dank der innovativen Wood-Powder-Technologie ist die Oberfl\u00e4che bis zu dreimal widerstandsf\u00e4higer gegen Druckstellen und Kratzer im Vergleich zu herk\u00f6mmlichen Parkettb\u00f6den.<\/span>\u00a0<\/p><h2 class=\"\" data-start=\"667\" data-end=\"696\">&#8211; F\u00fcr alle R\u00e4ume geeignet<\/h2><p class=\"\" data-start=\"698\" data-end=\"856\"><span class=\"relative -mx-px my-[-0.2rem] rounded px-px py-[0.2rem] transition-colors duration-100 ease-in-out\">Ob Wohnzimmer, K\u00fcche oder Badezimmer \u2013 Hywood ist dank der Aqua Seal Technologie wasserabweisend und somit auch f\u00fcr Feuchtr\u00e4ume geeignet.<\/span>\u00a0<span class=\"relative -mx-px my-[-0.2rem] rounded px-px py-[0.2rem] transition-colors duration-100 ease-in-out\">Die versiegelte Oberfl\u00e4che sch\u00fctzt vor Schmutz und erleichtert die Reinigung.<\/span>\u00a0<\/p><h2 class=\"\" data-start=\"858\" data-end=\"883\">&#8211; Einfache Verlegung<\/h2><p class=\"\" data-start=\"885\" data-end=\"1043\"><span class=\"relative -mx-px my-[-0.2rem] rounded px-px py-[0.2rem] transition-colors duration-100 ease-in-out\">Mit dem ClickIt Easy Pro-System l\u00e4sst sich Hywood schnell und unkompliziert verlegen \u2013 ganz ohne Profi-Werkzeug.<\/span><span class=\"relative -mx-px my-[-0.2rem] rounded px-px py-[0.2rem] transition-colors duration-100 ease-in-out\">Die Dielen sind sofort begehbar und k\u00f6nnen schwimmend oder verklebt verlegt werden.<\/span><\/p><h2 class=\"\" data-start=\"1045\" data-end=\"1074\">&#8211; Nachhaltigkeit im Fokus<\/h2><p class=\"\" data-start=\"1076\" data-end=\"1234\"><span class=\"relative -mx-px my-[-0.2rem] rounded px-px py-[0.2rem] transition-colors duration-100 ease-in-out\">Hywood wird aus nahezu 100\u202f% nat\u00fcrlichen und recyclingf\u00e4higen Materialien gefertigt.<\/span>\u00a0<span class=\"relative -mx-px my-[-0.2rem] rounded px-px py-[0.2rem] transition-colors duration-100 ease-in-out\">Er ist wohngesund, schadstoffarm und allergikerfreundlich \u2013 ideal f\u00fcr gesundes Wohnen.<\/span>\u00a0<span class=\"ms-1 inline-flex max-w-full items-center relative top-[-0.094rem] animate-[show_150ms_ease-in]\"><\/span><\/p><h2 class=\"\" data-start=\"1236\" data-end=\"1268\">&#8211; Vielf\u00e4ltige Designoptionen<\/h2><p class=\"\" data-start=\"1270\" data-end=\"1428\"><span class=\"relative -mx-px my-[-0.2rem] rounded px-px py-[0.2rem] transition-colors duration-100 ease-in-out\">W\u00e4hlen Sie aus verschiedenen Dekoren und Formaten wie Landhausdielen, Schlossdielen oder Fischgr\u00e4t.<\/span>\u00a0<span class=\"relative -mx-px my-[-0.2rem] rounded px-px py-[0.2rem] transition-colors duration-100 ease-in-out\">Die nat\u00fcrliche Holzoptik bleibt dabei stets erhalten und sorgt f\u00fcr ein warmes Wohngef\u00fchl.<\/span>\u00a0<\/p>\t\t\t\t\t\t\t\t<\/div>\n\t\t\t\t<\/div>\n\t\t\t\t\t<\/div>\n\t\t<\/div>\n\t\t\t\t\t<\/div>\n\t\t<\/section>\n\t\t\t\t<section class=\"elementor-section elementor-top-section elementor-element elementor-element-dd177c7 elementor-section-boxed elementor-section-height-default elementor-section-height-default\" data-id=\"dd177c7\" data-element_type=\"section\" data-e-type=\"section\">\n\t\t\t\t\t\t<div class=\"elementor-container elementor-column-gap-default\">\n\t\t\t\t\t<div class=\"elementor-column elementor-col-100 elementor-top-column elementor-element elementor-element-60142eb\" data-id=\"60142eb\" data-element_type=\"column\" data-e-type=\"column\">\n\t\t\t<div class=\"elementor-widget-wrap elementor-element-populated\">\n\t\t\t\t\t\t<div class=\"elementor-element elementor-element-99c5036 elementor-widget-divider--view-line elementor-widget elementor-widget-divider\" data-id=\"99c5036\" data-element_type=\"widget\" data-e-type=\"widget\" data-widget_type=\"divider.default\">\n\t\t\t\t<div class=\"elementor-widget-container\">\n\t\t\t\t\t\t\t<div class=\"elementor-divider\">\n\t\t\t<span class=\"elementor-divider-separator\">\n\t\t\t\t\t\t<\/span>\n\t\t<\/div>\n\t\t\t\t\t\t<\/div>\n\t\t\t\t<\/div>\n\t\t\t\t\t<\/div>\n\t\t<\/div>\n\t\t\t\t\t<\/div>\n\t\t<\/section>\n\t\t\t\t<section class=\"elementor-section elementor-top-section elementor-element elementor-element-721aaee elementor-section-boxed elementor-section-height-default elementor-section-height-default\" data-id=\"721aaee\" data-element_type=\"section\" data-e-type=\"section\">\n\t\t\t\t\t\t<div class=\"elementor-container elementor-column-gap-default\">\n\t\t\t\t\t<div class=\"elementor-column elementor-col-100 elementor-top-column elementor-element elementor-element-f9b1262\" data-id=\"f9b1262\" data-element_type=\"column\" data-e-type=\"column\">\n\t\t\t<div class=\"elementor-widget-wrap elementor-element-populated\">\n\t\t\t\t\t\t<div class=\"elementor-element elementor-element-c08fb6c elementor-widget elementor-widget-text-editor\" data-id=\"c08fb6c\" data-element_type=\"widget\" data-e-type=\"widget\" data-widget_type=\"text-editor.default\">\n\t\t\t\t<div class=\"elementor-widget-container\">\n\t\t\t\t\t\t\t\t\t<h2 class=\"\" data-start=\"1430\" data-end=\"1460\">\ud83d\udccd Besuchen Sie uns vor Ort<\/h2>\t\t\t\t\t\t\t\t<\/div>\n\t\t\t\t<\/div>\n\t\t\t\t\t<\/div>\n\t\t<\/div>\n\t\t\t\t\t<\/div>\n\t\t<\/section>\n\t\t\t\t<section class=\"elementor-section elementor-top-section elementor-element elementor-element-593da57 elementor-section-boxed elementor-section-height-default elementor-section-height-default\" data-id=\"593da57\" data-element_type=\"section\" data-e-type=\"section\">\n\t\t\t\t\t\t<div class=\"elementor-container elementor-column-gap-default\">\n\t\t\t\t\t<div class=\"elementor-column elementor-col-50 elementor-top-column elementor-element elementor-element-dd85a85\" data-id=\"dd85a85\" data-element_type=\"column\" data-e-type=\"column\">\n\t\t\t<div class=\"elementor-widget-wrap elementor-element-populated\">\n\t\t\t\t\t\t<div class=\"elementor-element elementor-element-8e5d081 elementor-widget elementor-widget-text-editor\" data-id=\"8e5d081\" data-element_type=\"widget\" data-e-type=\"widget\" data-widget_type=\"text-editor.default\">\n\t\t\t\t<div class=\"elementor-widget-container\">\n\t\t\t\t\t\t\t\t\t<p class=\"\" data-start=\"1462\" data-end=\"1620\"><span class=\"relative -mx-px my-[-0.2rem] rounded px-px py-[0.2rem] transition-colors duration-100 ease-in-out\">\u00dcberzeugen Sie sich selbst von der Qualit\u00e4t und \u00c4sthetik von Hywood.<\/span>\u00a0<span class=\"relative -mx-px my-[-0.2rem] rounded px-px py-[0.2rem] transition-colors duration-100 ease-in-out\">Besuchen Sie unsere Ausstellung in Neckarsulm <em>(ein paar Minuten von Heilbronn entfernt)<\/em> oder vereinbaren Sie einen pers\u00f6nlichen Beratungstermin.<\/span>\u00a0<span class=\"relative -mx-px my-[-0.2rem] rounded px-px py-[0.2rem] transition-colors duration-100 ease-in-out\">Wir freuen uns auf Ihren Besuch!<\/span><\/p>\t\t\t\t\t\t\t\t<\/div>\n\t\t\t\t<\/div>\n\t\t\t\t\t<\/div>\n\t\t<\/div>\n\t\t\t\t<div class=\"elementor-column elementor-col-50 elementor-top-column elementor-element elementor-element-5691180\" data-id=\"5691180\" data-element_type=\"column\" data-e-type=\"column\">\n\t\t\t<div class=\"elementor-widget-wrap elementor-element-populated\">\n\t\t\t\t\t\t<div class=\"elementor-element elementor-element-9c16928 elementor-widget elementor-widget-text-editor\" data-id=\"9c16928\" data-element_type=\"widget\" data-e-type=\"widget\" data-widget_type=\"text-editor.default\">\n\t\t\t\t<div class=\"elementor-widget-container\">\n\t\t\t\t\t\t\t\t\t<p data-start=\"1462\" data-end=\"1620\">Gerne kommen wir auch rund um <strong data-start=\"529\" data-end=\"542\">Heilbronn<\/strong>,<span>\u00a0<\/span><strong data-start=\"544\" data-end=\"558\">Neckarsulm<\/strong>,<span>\u00a0<\/span><strong data-start=\"560\" data-end=\"575\">Ludwigsburg<\/strong>,<span>\u00a0<\/span><strong data-start=\"577\" data-end=\"589\">Sinsheim<\/strong>,<span>\u00a0<\/span><strong data-start=\"591\" data-end=\"604\">Stuttgart<\/strong>,<span>\u00a0<\/span><strong data-start=\"606\" data-end=\"617\">Mosbach<\/strong><span>\u00a0<\/span>und der weiteren Umgebung, zu Ihnen nach Hause.<\/p>\t\t\t\t\t\t\t\t<\/div>\n\t\t\t\t<\/div>\n\t\t\t\t\t<\/div>\n\t\t<\/div>\n\t\t\t\t\t<\/div>\n\t\t<\/section>\n\t\t\t\t<section class=\"elementor-section elementor-top-section elementor-element elementor-element-5fdd353 elementor-section-boxed elementor-section-height-default elementor-section-height-default\" data-id=\"5fdd353\" data-element_type=\"section\" data-e-type=\"section\">\n\t\t\t\t\t\t<div class=\"elementor-container elementor-column-gap-default\">\n\t\t\t\t\t<div class=\"elementor-column elementor-col-100 elementor-top-column elementor-element elementor-element-22216c4\" data-id=\"22216c4\" data-element_type=\"column\" data-e-type=\"column\">\n\t\t\t<div class=\"elementor-widget-wrap elementor-element-populated\">\n\t\t\t\t\t\t<div class=\"elementor-element elementor-element-b52cf79 elementor-widget-divider--view-line elementor-widget elementor-widget-divider\" data-id=\"b52cf79\" data-element_type=\"widget\" data-e-type=\"widget\" data-widget_type=\"divider.default\">\n\t\t\t\t<div class=\"elementor-widget-container\">\n\t\t\t\t\t\t\t<div class=\"elementor-divider\">\n\t\t\t<span class=\"elementor-divider-separator\">\n\t\t\t\t\t\t<\/span>\n\t\t<\/div>\n\t\t\t\t\t\t<\/div>\n\t\t\t\t<\/div>\n\t\t\t\t\t<\/div>\n\t\t<\/div>\n\t\t\t\t\t<\/div>\n\t\t<\/section>\n\t\t\t\t<section class=\"elementor-section elementor-top-section elementor-element elementor-element-9d5939e elementor-section-boxed elementor-section-height-default elementor-section-height-default\" data-id=\"9d5939e\" data-element_type=\"section\" data-e-type=\"section\">\n\t\t\t\t\t\t<div class=\"elementor-container elementor-column-gap-default\">\n\t\t\t\t\t<div class=\"elementor-column elementor-col-100 elementor-top-column elementor-element elementor-element-82667bb\" data-id=\"82667bb\" data-element_type=\"column\" data-e-type=\"column\">\n\t\t\t<div class=\"elementor-widget-wrap elementor-element-populated\">\n\t\t\t\t\t\t<div class=\"elementor-element elementor-element-be8f2ad elementor-widget elementor-widget-text-editor\" data-id=\"be8f2ad\" data-element_type=\"widget\" data-e-type=\"widget\" data-widget_type=\"text-editor.default\">\n\t\t\t\t<div class=\"elementor-widget-container\">\n\t\t\t\t\t\t\t\t\t<p>Wenn Sie mehr \u00fcber Hywood der Firma \u2013<span>\u00a0<\/span><strong>ter H\u00fcrne \u2013<\/strong><span> erfahren m\u00f6chten, <\/span>klicken Sie bitte auf das Logo:<\/p>\t\t\t\t\t\t\t\t<\/div>\n\t\t\t\t<\/div>\n\t\t\t\t\t<\/div>\n\t\t<\/div>\n\t\t\t\t\t<\/div>\n\t\t<\/section>\n\t\t\t\t<section class=\"elementor-section elementor-top-section elementor-element elementor-element-6f4537a elementor-section-boxed elementor-section-height-default elementor-section-height-default\" data-id=\"6f4537a\" data-element_type=\"section\" data-e-type=\"section\">\n\t\t\t\t\t\t<div class=\"elementor-container elementor-column-gap-default\">\n\t\t\t\t\t<div class=\"elementor-column elementor-col-100 elementor-top-column elementor-element elementor-element-b123fec\" data-id=\"b123fec\" data-element_type=\"column\" data-e-type=\"column\">\n\t\t\t<div class=\"elementor-widget-wrap elementor-element-populated\">\n\t\t\t\t\t\t<div class=\"elementor-element elementor-element-e3343e5 elementor-widget elementor-widget-image\" data-id=\"e3343e5\" data-element_type=\"widget\" data-e-type=\"widget\" data-widget_type=\"image.default\">\n\t\t\t\t<div class=\"elementor-widget-container\">\n\t\t\t\t\t\t\t\t\t\t\t\t\t\t\t\t<a href=\"https:\/\/www.terhuerne.com\/\" target=\"_blank\">\n\t\t\t\t\t\t\t<img decoding=\"async\" width=\"300\" height=\"77\" src=\"https:\/\/aickelin.eu\/cms\/wp-content\/uploads\/2024\/07\/terhuerne-300x77.png\" class=\"attachment-medium size-medium wp-image-7504\" alt=\"\" srcset=\"https:\/\/aickelin.eu\/cms\/wp-content\/uploads\/2024\/07\/terhuerne-300x77.png 300w, https:\/\/aickelin.eu\/cms\/wp-content\/uploads\/2024\/07\/terhuerne.png 454w\" sizes=\"(max-width: 300px) 100vw, 300px\" title=\"terhuerne\" \/>\t\t\t\t\t\t\t\t<\/a>\n\t\t\t\t\t\t\t\t\t\t\t\t\t\t\t<\/div>\n\t\t\t\t<\/div>\n\t\t\t\t\t<\/div>\n\t\t<\/div>\n\t\t\t\t\t<\/div>\n\t\t<\/section>\n\t\t\t\t<\/div>\n\t\t","protected":false},"excerpt":{"rendered":"<p>Nat\u00fcrlich. Robust. Nachhaltig. Entdecken Sie Hywood \u2013 den innovativen Echtholz-Hybridboden von TerH\u00fcrne.\u00a0Mit seiner einzigartigen Kombination aus echtem Holz und fortschrittlicher Technologie bietet Hywood die perfekte Symbiose aus nat\u00fcrlicher \u00c4sthetik und au\u00dfergew\u00f6hnlicher Strapazierf\u00e4higkeit. Smarte B\u00f6den f\u00fcr Ihr cleveres Zuhause ter H\u00fcrne B\u00f6den sind praktisch und bequem im allt\u00e4glichen Leben. Und sie bieten Ihnen den bestm\u00f6glichen Schutz. [&hellip;]<\/p>\n","protected":false},"author":2,"featured_media":0,"parent":0,"menu_order":0,"comment_status":"closed","ping_status":"closed","template":"","meta":{"footnotes":""},"class_list":["post-7693","page","type-page","status-publish","hentry"],"aioseo_notices":[],"_links":{"self":[{"href":"https:\/\/aickelin.eu\/cms\/wp-json\/wp\/v2\/pages\/7693","targetHints":{"allow":["GET"]}}],"collection":[{"href":"https:\/\/aickelin.eu\/cms\/wp-json\/wp\/v2\/pages"}],"about":[{"href":"https:\/\/aickelin.eu\/cms\/wp-json\/wp\/v2\/types\/page"}],"author":[{"embeddable":true,"href":"https:\/\/aickelin.eu\/cms\/wp-json\/wp\/v2\/users\/2"}],"replies":[{"embeddable":true,"href":"https:\/\/aickelin.eu\/cms\/wp-json\/wp\/v2\/comments?post=7693"}],"version-history":[{"count":10,"href":"https:\/\/aickelin.eu\/cms\/wp-json\/wp\/v2\/pages\/7693\/revisions"}],"predecessor-version":[{"id":8350,"href":"https:\/\/aickelin.eu\/cms\/wp-json\/wp\/v2\/pages\/7693\/revisions\/8350"}],"wp:attachment":[{"href":"https:\/\/aickelin.eu\/cms\/wp-json\/wp\/v2\/media?parent=7693"}],"curies":[{"name":"wp","href":"https:\/\/api.w.org\/{rel}","templated":true}]}}