{"id":7797,"date":"2025-03-30T14:59:36","date_gmt":"2025-03-30T14:59:36","guid":{"rendered":"https:\/\/aickelin.eu\/cms\/?page_id=7797"},"modified":"2025-05-14T08:36:12","modified_gmt":"2025-05-14T08:36:12","slug":"news","status":"publish","type":"page","link":"https:\/\/aickelin.eu\/cms\/news\/","title":{"rendered":"Aktuelles"},"content":{"rendered":"\t\t<div data-elementor-type=\"wp-post\" data-elementor-id=\"7797\" class=\"elementor elementor-7797\">\n\t\t\t\t\t\t<section class=\"elementor-section elementor-top-section elementor-element elementor-element-b044795 elementor-section-boxed elementor-section-height-default elementor-section-height-default\" data-id=\"b044795\" data-element_type=\"section\" data-e-type=\"section\">\n\t\t\t\t\t\t<div class=\"elementor-container elementor-column-gap-default\">\n\t\t\t\t\t<div class=\"elementor-column elementor-col-100 elementor-top-column elementor-element elementor-element-c203119\" data-id=\"c203119\" data-element_type=\"column\" data-e-type=\"column\">\n\t\t\t<div class=\"elementor-widget-wrap elementor-element-populated\">\n\t\t\t\t\t\t<div class=\"elementor-element elementor-element-04613ee elementor-widget elementor-widget-text-editor\" data-id=\"04613ee\" data-element_type=\"widget\" data-e-type=\"widget\" data-widget_type=\"text-editor.default\">\n\t\t\t\t<div class=\"elementor-widget-container\">\n\t\t\t\t\t\t\t\t\t<h1 class=\"p1\">Auszeichnung zum &#8220;Besten Gesch\u00e4ftsumbau im Handwerk&#8221;<\/h1>\t\t\t\t\t\t\t\t<\/div>\n\t\t\t\t<\/div>\n\t\t\t\t\t<\/div>\n\t\t<\/div>\n\t\t\t\t\t<\/div>\n\t\t<\/section>\n\t\t\t\t<section class=\"elementor-section elementor-top-section elementor-element elementor-element-dd31358 elementor-section-boxed elementor-section-height-default elementor-section-height-default\" data-id=\"dd31358\" data-element_type=\"section\" data-e-type=\"section\">\n\t\t\t\t\t\t<div class=\"elementor-container elementor-column-gap-default\">\n\t\t\t\t\t<div class=\"elementor-column elementor-col-100 elementor-top-column elementor-element elementor-element-5f07e16\" data-id=\"5f07e16\" data-element_type=\"column\" data-e-type=\"column\">\n\t\t\t<div class=\"elementor-widget-wrap elementor-element-populated\">\n\t\t\t\t\t\t<div class=\"elementor-element elementor-element-db1156b elementor-widget elementor-widget-text-editor\" data-id=\"db1156b\" data-element_type=\"widget\" data-e-type=\"widget\" data-widget_type=\"text-editor.default\">\n\t\t\t\t<div class=\"elementor-widget-container\">\n\t\t\t\t\t\t\t\t\t<p class=\"p1\" style=\"text-align: right;\"><span class=\"s1\"><b>M\u00e4rz 2025\n<\/b><\/span><\/p>\n\n<h3>Wir sind stolz, dass wir von der renommierten Fachzeitschrift \u201ePARKETT MAGAZIN\u201c als \u201eBester Gesch\u00e4ftsumbau im Handwerk\u201c ausgezeichnet wurden. <br>Diese Auszeichnung w\u00fcrdigt unser Engagement f\u00fcr Qualit\u00e4t und Kundenzufriedenheit.\n<\/h3>\t\t\t\t\t\t\t\t<\/div>\n\t\t\t\t<\/div>\n\t\t\t\t\t<\/div>\n\t\t<\/div>\n\t\t\t\t\t<\/div>\n\t\t<\/section>\n\t\t\t\t<section class=\"elementor-section elementor-top-section elementor-element elementor-element-ef6d084 elementor-section-boxed elementor-section-height-default elementor-section-height-default\" data-id=\"ef6d084\" data-element_type=\"section\" data-e-type=\"section\">\n\t\t\t\t\t\t<div class=\"elementor-container elementor-column-gap-default\">\n\t\t\t\t\t<div class=\"elementor-column elementor-col-100 elementor-top-column elementor-element elementor-element-dd17337\" data-id=\"dd17337\" data-element_type=\"column\" data-e-type=\"column\">\n\t\t\t<div class=\"elementor-widget-wrap elementor-element-populated\">\n\t\t\t\t\t\t<div class=\"elementor-element elementor-element-e1db99d elementor-widget elementor-widget-image\" data-id=\"e1db99d\" data-element_type=\"widget\" data-e-type=\"widget\" data-widget_type=\"image.default\">\n\t\t\t\t<div class=\"elementor-widget-container\">\n\t\t\t\t\t\t\t\t\t\t\t\t\t\t\t<img fetchpriority=\"high\" decoding=\"async\" width=\"2008\" height=\"1240\" src=\"https:\/\/aickelin.eu\/cms\/wp-content\/uploads\/2025\/03\/Aickelin-Objekt-Parkett-Star.jpg\" class=\"attachment-full size-full wp-image-7796\" alt=\"\" srcset=\"https:\/\/aickelin.eu\/cms\/wp-content\/uploads\/2025\/03\/Aickelin-Objekt-Parkett-Star.jpg 2008w, https:\/\/aickelin.eu\/cms\/wp-content\/uploads\/2025\/03\/Aickelin-Objekt-Parkett-Star-300x185.jpg 300w, https:\/\/aickelin.eu\/cms\/wp-content\/uploads\/2025\/03\/Aickelin-Objekt-Parkett-Star-1024x632.jpg 1024w, https:\/\/aickelin.eu\/cms\/wp-content\/uploads\/2025\/03\/Aickelin-Objekt-Parkett-Star-768x474.jpg 768w, https:\/\/aickelin.eu\/cms\/wp-content\/uploads\/2025\/03\/Aickelin-Objekt-Parkett-Star-1536x949.jpg 1536w, https:\/\/aickelin.eu\/cms\/wp-content\/uploads\/2025\/03\/Aickelin-Objekt-Parkett-Star-480x296.jpg 480w\" sizes=\"(max-width: 2008px) 100vw, 2008px\" title=\"Aickelin-Objekt-Parkett-Star\" \/>\t\t\t\t\t\t\t\t\t\t\t\t\t\t\t<\/div>\n\t\t\t\t<\/div>\n\t\t\t\t\t<\/div>\n\t\t<\/div>\n\t\t\t\t\t<\/div>\n\t\t<\/section>\n\t\t\t\t<section class=\"elementor-section elementor-top-section elementor-element elementor-element-c051f4c elementor-section-boxed elementor-section-height-default elementor-section-height-default\" data-id=\"c051f4c\" data-element_type=\"section\" data-e-type=\"section\">\n\t\t\t\t\t\t<div class=\"elementor-container elementor-column-gap-default\">\n\t\t\t\t\t<div class=\"elementor-column elementor-col-100 elementor-top-column elementor-element elementor-element-a80b5c2\" data-id=\"a80b5c2\" data-element_type=\"column\" data-e-type=\"column\">\n\t\t\t<div class=\"elementor-widget-wrap elementor-element-populated\">\n\t\t\t\t\t\t<div class=\"elementor-element elementor-element-7e04482 elementor-widget elementor-widget-text-editor\" data-id=\"7e04482\" data-element_type=\"widget\" data-e-type=\"widget\" data-widget_type=\"text-editor.default\">\n\t\t\t\t<div class=\"elementor-widget-container\">\n\t\t\t\t\t\t\t\t\t<h3 class=\"p1\">Lesen Sie hier den kompletten Artikel der aktuellen Ausgabe:<\/h3>\t\t\t\t\t\t\t\t<\/div>\n\t\t\t\t<\/div>\n\t\t\t\t\t<\/div>\n\t\t<\/div>\n\t\t\t\t\t<\/div>\n\t\t<\/section>\n\t\t\t\t<section class=\"elementor-section elementor-top-section elementor-element elementor-element-d56338a elementor-section-boxed elementor-section-height-default elementor-section-height-default\" data-id=\"d56338a\" data-element_type=\"section\" data-e-type=\"section\">\n\t\t\t\t\t\t<div class=\"elementor-container elementor-column-gap-default\">\n\t\t\t\t\t<div class=\"elementor-column elementor-col-100 elementor-top-column elementor-element elementor-element-03e877e\" data-id=\"03e877e\" data-element_type=\"column\" data-e-type=\"column\">\n\t\t\t<div class=\"elementor-widget-wrap elementor-element-populated\">\n\t\t\t\t\t\t<div class=\"elementor-element elementor-element-2ad00f8 elementor-widget elementor-widget-image\" data-id=\"2ad00f8\" data-element_type=\"widget\" data-e-type=\"widget\" data-widget_type=\"image.default\">\n\t\t\t\t<div class=\"elementor-widget-container\">\n\t\t\t\t\t\t\t\t\t\t\t\t\t\t\t<img decoding=\"async\" width=\"768\" height=\"1068\" src=\"https:\/\/aickelin.eu\/cms\/wp-content\/uploads\/2025\/03\/Parkett-Star-2025-01-1-768x1068.jpg\" class=\"attachment-medium_large size-medium_large wp-image-7803\" alt=\"\" srcset=\"https:\/\/aickelin.eu\/cms\/wp-content\/uploads\/2025\/03\/Parkett-Star-2025-01-1-768x1068.jpg 768w, https:\/\/aickelin.eu\/cms\/wp-content\/uploads\/2025\/03\/Parkett-Star-2025-01-1-216x300.jpg 216w, https:\/\/aickelin.eu\/cms\/wp-content\/uploads\/2025\/03\/Parkett-Star-2025-01-1-736x1024.jpg 736w, https:\/\/aickelin.eu\/cms\/wp-content\/uploads\/2025\/03\/Parkett-Star-2025-01-1-1104x1536.jpg 1104w, https:\/\/aickelin.eu\/cms\/wp-content\/uploads\/2025\/03\/Parkett-Star-2025-01-1-1473x2048.jpg 1473w, https:\/\/aickelin.eu\/cms\/wp-content\/uploads\/2025\/03\/Parkett-Star-2025-01-1-480x668.jpg 480w, https:\/\/aickelin.eu\/cms\/wp-content\/uploads\/2025\/03\/Parkett-Star-2025-01-1-scaled.jpg 1841w\" sizes=\"(max-width: 768px) 100vw, 768px\" title=\"Parkett-Star-2025-01\" \/>\t\t\t\t\t\t\t\t\t\t\t\t\t\t\t<\/div>\n\t\t\t\t<\/div>\n\t\t\t\t\t<\/div>\n\t\t<\/div>\n\t\t\t\t\t<\/div>\n\t\t<\/section>\n\t\t\t\t<section class=\"elementor-section elementor-top-section elementor-element elementor-element-8ebbd25 elementor-section-boxed elementor-section-height-default elementor-section-height-default\" data-id=\"8ebbd25\" data-element_type=\"section\" data-e-type=\"section\">\n\t\t\t\t\t\t<div class=\"elementor-container elementor-column-gap-default\">\n\t\t\t\t\t<div class=\"elementor-column elementor-col-100 elementor-top-column elementor-element elementor-element-8b54b46\" data-id=\"8b54b46\" data-element_type=\"column\" data-e-type=\"column\">\n\t\t\t<div class=\"elementor-widget-wrap elementor-element-populated\">\n\t\t\t\t\t\t<div class=\"elementor-element elementor-element-020a820 elementor-widget elementor-widget-image\" data-id=\"020a820\" data-element_type=\"widget\" data-e-type=\"widget\" data-widget_type=\"image.default\">\n\t\t\t\t<div class=\"elementor-widget-container\">\n\t\t\t\t\t\t\t\t\t\t\t\t\t\t\t<img decoding=\"async\" width=\"768\" height=\"1068\" src=\"https:\/\/aickelin.eu\/cms\/wp-content\/uploads\/2025\/03\/Parkett-Star-2025-02-1-768x1068.jpg\" class=\"attachment-medium_large size-medium_large wp-image-7802\" alt=\"\" srcset=\"https:\/\/aickelin.eu\/cms\/wp-content\/uploads\/2025\/03\/Parkett-Star-2025-02-1-768x1068.jpg 768w, https:\/\/aickelin.eu\/cms\/wp-content\/uploads\/2025\/03\/Parkett-Star-2025-02-1-216x300.jpg 216w, https:\/\/aickelin.eu\/cms\/wp-content\/uploads\/2025\/03\/Parkett-Star-2025-02-1-737x1024.jpg 737w, https:\/\/aickelin.eu\/cms\/wp-content\/uploads\/2025\/03\/Parkett-Star-2025-02-1-1105x1536.jpg 1105w, https:\/\/aickelin.eu\/cms\/wp-content\/uploads\/2025\/03\/Parkett-Star-2025-02-1-1473x2048.jpg 1473w, https:\/\/aickelin.eu\/cms\/wp-content\/uploads\/2025\/03\/Parkett-Star-2025-02-1-480x667.jpg 480w, https:\/\/aickelin.eu\/cms\/wp-content\/uploads\/2025\/03\/Parkett-Star-2025-02-1-scaled.jpg 1841w\" sizes=\"(max-width: 768px) 100vw, 768px\" title=\"Parkett-Star-2025-02\" \/>\t\t\t\t\t\t\t\t\t\t\t\t\t\t\t<\/div>\n\t\t\t\t<\/div>\n\t\t\t\t\t<\/div>\n\t\t<\/div>\n\t\t\t\t\t<\/div>\n\t\t<\/section>\n\t\t\t\t<section class=\"elementor-section elementor-top-section elementor-element elementor-element-889c9e1 elementor-section-boxed elementor-section-height-default elementor-section-height-default\" data-id=\"889c9e1\" data-element_type=\"section\" data-e-type=\"section\">\n\t\t\t\t\t\t<div class=\"elementor-container elementor-column-gap-default\">\n\t\t\t\t\t<div class=\"elementor-column elementor-col-100 elementor-top-column elementor-element elementor-element-7c1a6e2\" data-id=\"7c1a6e2\" data-element_type=\"column\" data-e-type=\"column\">\n\t\t\t<div class=\"elementor-widget-wrap elementor-element-populated\">\n\t\t\t\t\t\t<div class=\"elementor-element elementor-element-47dbed6 elementor-widget elementor-widget-image\" data-id=\"47dbed6\" data-element_type=\"widget\" data-e-type=\"widget\" data-widget_type=\"image.default\">\n\t\t\t\t<div class=\"elementor-widget-container\">\n\t\t\t\t\t\t\t\t\t\t\t\t\t\t\t<img loading=\"lazy\" decoding=\"async\" width=\"768\" height=\"1068\" src=\"https:\/\/aickelin.eu\/cms\/wp-content\/uploads\/2025\/03\/Parkett-Star-2025-03-1-768x1068.jpg\" class=\"attachment-medium_large size-medium_large wp-image-7801\" alt=\"\" srcset=\"https:\/\/aickelin.eu\/cms\/wp-content\/uploads\/2025\/03\/Parkett-Star-2025-03-1-768x1068.jpg 768w, https:\/\/aickelin.eu\/cms\/wp-content\/uploads\/2025\/03\/Parkett-Star-2025-03-1-216x300.jpg 216w, https:\/\/aickelin.eu\/cms\/wp-content\/uploads\/2025\/03\/Parkett-Star-2025-03-1-737x1024.jpg 737w, https:\/\/aickelin.eu\/cms\/wp-content\/uploads\/2025\/03\/Parkett-Star-2025-03-1-1105x1536.jpg 1105w, https:\/\/aickelin.eu\/cms\/wp-content\/uploads\/2025\/03\/Parkett-Star-2025-03-1-1473x2048.jpg 1473w, https:\/\/aickelin.eu\/cms\/wp-content\/uploads\/2025\/03\/Parkett-Star-2025-03-1-480x667.jpg 480w, https:\/\/aickelin.eu\/cms\/wp-content\/uploads\/2025\/03\/Parkett-Star-2025-03-1-scaled.jpg 1841w\" sizes=\"(max-width: 768px) 100vw, 768px\" title=\"Parkett-Star-2025-03\" \/>\t\t\t\t\t\t\t\t\t\t\t\t\t\t\t<\/div>\n\t\t\t\t<\/div>\n\t\t\t\t\t<\/div>\n\t\t<\/div>\n\t\t\t\t\t<\/div>\n\t\t<\/section>\n\t\t\t\t<\/div>\n\t\t","protected":false},"excerpt":{"rendered":"<p>Auszeichnung zum &#8220;Besten Gesch\u00e4ftsumbau im Handwerk&#8221; M\u00e4rz 2025 Wir sind stolz, dass wir von der renommierten Fachzeitschrift \u201ePARKETT MAGAZIN\u201c als \u201eBester Gesch\u00e4ftsumbau im Handwerk\u201c ausgezeichnet wurden. Diese Auszeichnung w\u00fcrdigt unser Engagement f\u00fcr Qualit\u00e4t und Kundenzufriedenheit. Lesen Sie hier den kompletten Artikel der aktuellen Ausgabe:<\/p>\n","protected":false},"author":2,"featured_media":0,"parent":0,"menu_order":0,"comment_status":"closed","ping_status":"closed","template":"","meta":{"footnotes":""},"class_list":["post-7797","page","type-page","status-publish","hentry"],"aioseo_notices":[],"_links":{"self":[{"href":"https:\/\/aickelin.eu\/cms\/wp-json\/wp\/v2\/pages\/7797","targetHints":{"allow":["GET"]}}],"collection":[{"href":"https:\/\/aickelin.eu\/cms\/wp-json\/wp\/v2\/pages"}],"about":[{"href":"https:\/\/aickelin.eu\/cms\/wp-json\/wp\/v2\/types\/page"}],"author":[{"embeddable":true,"href":"https:\/\/aickelin.eu\/cms\/wp-json\/wp\/v2\/users\/2"}],"replies":[{"embeddable":true,"href":"https:\/\/aickelin.eu\/cms\/wp-json\/wp\/v2\/comments?post=7797"}],"version-history":[{"count":9,"href":"https:\/\/aickelin.eu\/cms\/wp-json\/wp\/v2\/pages\/7797\/revisions"}],"predecessor-version":[{"id":8010,"href":"https:\/\/aickelin.eu\/cms\/wp-json\/wp\/v2\/pages\/7797\/revisions\/8010"}],"wp:attachment":[{"href":"https:\/\/aickelin.eu\/cms\/wp-json\/wp\/v2\/media?parent=7797"}],"curies":[{"name":"wp","href":"https:\/\/api.w.org\/{rel}","templated":true}]}}