{"id":7839,"date":"2025-03-31T07:26:45","date_gmt":"2025-03-31T07:26:45","guid":{"rendered":"https:\/\/aickelin.eu\/cms\/?page_id=7839"},"modified":"2025-04-14T09:11:11","modified_gmt":"2025-04-14T09:11:11","slug":"firmenfeiern-events","status":"publish","type":"page","link":"https:\/\/aickelin.eu\/cms\/firmenfeiern-events\/","title":{"rendered":"Firmenfeiern"},"content":{"rendered":"\t\t<div data-elementor-type=\"wp-post\" data-elementor-id=\"7839\" class=\"elementor elementor-7839\">\n\t\t\t\t\t\t<section class=\"elementor-section elementor-top-section elementor-element elementor-element-dd31358 elementor-section-boxed elementor-section-height-default elementor-section-height-default\" data-id=\"dd31358\" data-element_type=\"section\" data-e-type=\"section\">\n\t\t\t\t\t\t<div class=\"elementor-container elementor-column-gap-default\">\n\t\t\t\t\t<div class=\"elementor-column elementor-col-100 elementor-top-column elementor-element elementor-element-5f07e16\" data-id=\"5f07e16\" data-element_type=\"column\" data-e-type=\"column\">\n\t\t\t<div class=\"elementor-widget-wrap elementor-element-populated\">\n\t\t\t\t\t\t<div class=\"elementor-element elementor-element-db1156b elementor-widget elementor-widget-text-editor\" data-id=\"db1156b\" data-element_type=\"widget\" data-e-type=\"widget\" data-widget_type=\"text-editor.default\">\n\t\t\t\t<div class=\"elementor-widget-container\">\n\t\t\t\t\t\t\t\t\t<h3 class=\"p1\" style=\"text-align: right;\"><span class=\"s1\" style=\"color: #6d100a;\"><b>Dezember 2024<\/b><\/span><\/h3>\t\t\t\t\t\t\t\t<\/div>\n\t\t\t\t<\/div>\n\t\t\t\t\t<\/div>\n\t\t<\/div>\n\t\t\t\t\t<\/div>\n\t\t<\/section>\n\t\t\t\t<section class=\"elementor-section elementor-top-section elementor-element elementor-element-b044795 elementor-section-boxed elementor-section-height-default elementor-section-height-default\" data-id=\"b044795\" data-element_type=\"section\" data-e-type=\"section\">\n\t\t\t\t\t\t<div class=\"elementor-container elementor-column-gap-default\">\n\t\t\t\t\t<div class=\"elementor-column elementor-col-100 elementor-top-column elementor-element elementor-element-c203119\" data-id=\"c203119\" data-element_type=\"column\" data-e-type=\"column\">\n\t\t\t<div class=\"elementor-widget-wrap elementor-element-populated\">\n\t\t\t\t\t\t<div class=\"elementor-element elementor-element-04613ee elementor-widget elementor-widget-text-editor\" data-id=\"04613ee\" data-element_type=\"widget\" data-e-type=\"widget\" data-widget_type=\"text-editor.default\">\n\t\t\t\t<div class=\"elementor-widget-container\">\n\t\t\t\t\t\t\t\t\t<h1 class=\"p1\">After Work Nikolaus Party<\/h1>\t\t\t\t\t\t\t\t<\/div>\n\t\t\t\t<\/div>\n\t\t\t\t\t<\/div>\n\t\t<\/div>\n\t\t\t\t\t<\/div>\n\t\t<\/section>\n\t\t\t\t<section class=\"elementor-section elementor-top-section elementor-element elementor-element-93f6eaa elementor-section-boxed elementor-section-height-default elementor-section-height-default\" data-id=\"93f6eaa\" data-element_type=\"section\" data-e-type=\"section\">\n\t\t\t\t\t\t<div class=\"elementor-container elementor-column-gap-default\">\n\t\t\t\t\t<div class=\"elementor-column elementor-col-100 elementor-top-column elementor-element elementor-element-d8b410e\" data-id=\"d8b410e\" data-element_type=\"column\" data-e-type=\"column\">\n\t\t\t<div class=\"elementor-widget-wrap elementor-element-populated\">\n\t\t\t\t\t\t<div class=\"elementor-element elementor-element-e432875 elementor-widget elementor-widget-text-editor\" data-id=\"e432875\" data-element_type=\"widget\" data-e-type=\"widget\" data-widget_type=\"text-editor.default\">\n\t\t\t\t<div class=\"elementor-widget-container\">\n\t\t\t\t\t\t\t\t\t<h3>Neben der klassischen &#8220;Roten&#8221; gab es auch leckere Cr\u00eapes, Gl\u00fchwein und nat\u00fcrlich Kinderpunsch.<\/h3><h3>Vielen Dank an alle Besucher. Wir hatten einen tollen Abend mit euch.<\/h3>\t\t\t\t\t\t\t\t<\/div>\n\t\t\t\t<\/div>\n\t\t\t\t\t<\/div>\n\t\t<\/div>\n\t\t\t\t\t<\/div>\n\t\t<\/section>\n\t\t\t\t<section class=\"elementor-section elementor-top-section elementor-element elementor-element-ef6d084 elementor-section-boxed elementor-section-height-default elementor-section-height-default\" data-id=\"ef6d084\" data-element_type=\"section\" data-e-type=\"section\">\n\t\t\t\t\t\t<div class=\"elementor-container elementor-column-gap-default\">\n\t\t\t\t\t<div class=\"elementor-column elementor-col-100 elementor-top-column elementor-element elementor-element-dd17337\" data-id=\"dd17337\" data-element_type=\"column\" data-e-type=\"column\">\n\t\t\t<div class=\"elementor-widget-wrap elementor-element-populated\">\n\t\t\t\t\t\t<div class=\"elementor-element elementor-element-e1db99d elementor-widget elementor-widget-image\" data-id=\"e1db99d\" data-element_type=\"widget\" data-e-type=\"widget\" data-widget_type=\"image.default\">\n\t\t\t\t<div class=\"elementor-widget-container\">\n\t\t\t\t\t\t\t\t\t\t\t\t\t\t\t<img fetchpriority=\"high\" decoding=\"async\" width=\"1800\" height=\"2486\" src=\"https:\/\/aickelin.eu\/cms\/wp-content\/uploads\/2025\/03\/After-Work-Nikolaus-Party-Aickelin.png\" class=\"attachment-full size-full wp-image-7838\" alt=\"\" srcset=\"https:\/\/aickelin.eu\/cms\/wp-content\/uploads\/2025\/03\/After-Work-Nikolaus-Party-Aickelin.png 1800w, https:\/\/aickelin.eu\/cms\/wp-content\/uploads\/2025\/03\/After-Work-Nikolaus-Party-Aickelin-217x300.png 217w, https:\/\/aickelin.eu\/cms\/wp-content\/uploads\/2025\/03\/After-Work-Nikolaus-Party-Aickelin-741x1024.png 741w, https:\/\/aickelin.eu\/cms\/wp-content\/uploads\/2025\/03\/After-Work-Nikolaus-Party-Aickelin-768x1061.png 768w, https:\/\/aickelin.eu\/cms\/wp-content\/uploads\/2025\/03\/After-Work-Nikolaus-Party-Aickelin-1112x1536.png 1112w, https:\/\/aickelin.eu\/cms\/wp-content\/uploads\/2025\/03\/After-Work-Nikolaus-Party-Aickelin-1483x2048.png 1483w, https:\/\/aickelin.eu\/cms\/wp-content\/uploads\/2025\/03\/After-Work-Nikolaus-Party-Aickelin-480x663.png 480w\" sizes=\"(max-width: 1800px) 100vw, 1800px\" title=\"After-Work-Nikolaus-Party-Aickelin\" \/>\t\t\t\t\t\t\t\t\t\t\t\t\t\t\t<\/div>\n\t\t\t\t<\/div>\n\t\t\t\t\t<\/div>\n\t\t<\/div>\n\t\t\t\t\t<\/div>\n\t\t<\/section>\n\t\t\t\t<section class=\"elementor-section elementor-top-section elementor-element elementor-element-6521249 elementor-section-boxed elementor-section-height-default elementor-section-height-default\" data-id=\"6521249\" data-element_type=\"section\" data-e-type=\"section\">\n\t\t\t\t\t\t<div class=\"elementor-container elementor-column-gap-default\">\n\t\t\t\t\t<div class=\"elementor-column elementor-col-100 elementor-top-column elementor-element elementor-element-8f7d74f\" data-id=\"8f7d74f\" data-element_type=\"column\" data-e-type=\"column\">\n\t\t\t<div class=\"elementor-widget-wrap\">\n\t\t\t\t\t\t\t<\/div>\n\t\t<\/div>\n\t\t\t\t\t<\/div>\n\t\t<\/section>\n\t\t\t\t<section class=\"elementor-section elementor-top-section elementor-element elementor-element-990cd84 elementor-section-boxed elementor-section-height-default elementor-section-height-default\" data-id=\"990cd84\" data-element_type=\"section\" data-e-type=\"section\">\n\t\t\t\t\t\t<div class=\"elementor-container elementor-column-gap-default\">\n\t\t\t\t\t<div class=\"elementor-column elementor-col-100 elementor-top-column elementor-element elementor-element-aab5aca\" data-id=\"aab5aca\" data-element_type=\"column\" data-e-type=\"column\">\n\t\t\t<div class=\"elementor-widget-wrap elementor-element-populated\">\n\t\t\t\t\t\t<div class=\"elementor-element elementor-element-4992738 elementor-widget-divider--view-line elementor-widget elementor-widget-divider\" data-id=\"4992738\" data-element_type=\"widget\" data-e-type=\"widget\" data-widget_type=\"divider.default\">\n\t\t\t\t<div class=\"elementor-widget-container\">\n\t\t\t\t\t\t\t<div class=\"elementor-divider\">\n\t\t\t<span class=\"elementor-divider-separator\">\n\t\t\t\t\t\t<\/span>\n\t\t<\/div>\n\t\t\t\t\t\t<\/div>\n\t\t\t\t<\/div>\n\t\t\t\t\t<\/div>\n\t\t<\/div>\n\t\t\t\t\t<\/div>\n\t\t<\/section>\n\t\t\t\t<section class=\"elementor-section elementor-top-section elementor-element elementor-element-4d2694f elementor-section-boxed elementor-section-height-default elementor-section-height-default\" data-id=\"4d2694f\" data-element_type=\"section\" data-e-type=\"section\">\n\t\t\t\t\t\t<div class=\"elementor-container elementor-column-gap-default\">\n\t\t\t\t\t<div class=\"elementor-column elementor-col-100 elementor-top-column elementor-element elementor-element-668d973\" data-id=\"668d973\" data-element_type=\"column\" data-e-type=\"column\">\n\t\t\t<div class=\"elementor-widget-wrap elementor-element-populated\">\n\t\t\t\t\t\t<div class=\"elementor-element elementor-element-6ecd048 elementor-widget elementor-widget-text-editor\" data-id=\"6ecd048\" data-element_type=\"widget\" data-e-type=\"widget\" data-widget_type=\"text-editor.default\">\n\t\t\t\t<div class=\"elementor-widget-container\">\n\t\t\t\t\t\t\t\t\t<h3 class=\"p1\" style=\"text-align: right;\"><span class=\"s1\" style=\"color: #6d100a;\"><b>Juli 2024<\/b><\/span><\/h3>\t\t\t\t\t\t\t\t<\/div>\n\t\t\t\t<\/div>\n\t\t\t\t\t<\/div>\n\t\t<\/div>\n\t\t\t\t\t<\/div>\n\t\t<\/section>\n\t\t\t\t<section class=\"elementor-section elementor-top-section elementor-element elementor-element-0c31f17 elementor-section-boxed elementor-section-height-default elementor-section-height-default\" data-id=\"0c31f17\" data-element_type=\"section\" data-e-type=\"section\">\n\t\t\t\t\t\t<div class=\"elementor-container elementor-column-gap-default\">\n\t\t\t\t\t<div class=\"elementor-column elementor-col-100 elementor-top-column elementor-element elementor-element-64b2fff\" data-id=\"64b2fff\" data-element_type=\"column\" data-e-type=\"column\">\n\t\t\t<div class=\"elementor-widget-wrap elementor-element-populated\">\n\t\t\t\t\t\t<div class=\"elementor-element elementor-element-b16e4db elementor-widget__width-initial elementor-widget elementor-widget-text-editor\" data-id=\"b16e4db\" data-element_type=\"widget\" data-e-type=\"widget\" data-widget_type=\"text-editor.default\">\n\t\t\t\t<div class=\"elementor-widget-container\">\n\t\t\t\t\t\t\t\t\t<h2 style=\"text-align: left;\"><span>Neuer\u00f6ffnung unserer Ausstellung im Juli 2024<\/span><\/h2>\t\t\t\t\t\t\t\t<\/div>\n\t\t\t\t<\/div>\n\t\t\t\t<div class=\"elementor-element elementor-element-70b6394 elementor-widget elementor-widget-text-editor\" data-id=\"70b6394\" data-element_type=\"widget\" data-e-type=\"widget\" data-widget_type=\"text-editor.default\">\n\t\t\t\t<div class=\"elementor-widget-container\">\n\t\t\t\t\t\t\t\t\tIn unserer neuen Ausstellung haben Sie die M\u00f6glichkeit, unterschiedlichste B\u00f6den auf einer 400 m&sup2;\u00a0Fl\u00e4che zu betrachten. Wir beraten Sie stets individuell und gehen auf Ihre W\u00fcnsche und Anliegen ein. Jeder Boden hat seine Vor- und Nachteile. Wir wissen, worauf es ankommt, und unser Ziel ist es, immer Ihre Bed\u00fcrfnisse zu erf\u00fcllen.\t\t\t\t\t\t\t\t<\/div>\n\t\t\t\t<\/div>\n\t\t\t\t<div class=\"elementor-element elementor-element-25ee87c elementor-widget elementor-widget-image\" data-id=\"25ee87c\" data-element_type=\"widget\" data-e-type=\"widget\" data-widget_type=\"image.default\">\n\t\t\t\t<div class=\"elementor-widget-container\">\n\t\t\t\t\t\t\t\t\t\t\t\t\t\t\t<img decoding=\"async\" width=\"1302\" height=\"1108\" src=\"https:\/\/aickelin.eu\/cms\/wp-content\/uploads\/2024\/07\/Aickelin-Neueroeffnung.png\" class=\"attachment-full size-full wp-image-7610\" alt=\"\" srcset=\"https:\/\/aickelin.eu\/cms\/wp-content\/uploads\/2024\/07\/Aickelin-Neueroeffnung.png 1302w, https:\/\/aickelin.eu\/cms\/wp-content\/uploads\/2024\/07\/Aickelin-Neueroeffnung-300x255.png 300w, https:\/\/aickelin.eu\/cms\/wp-content\/uploads\/2024\/07\/Aickelin-Neueroeffnung-1024x871.png 1024w, https:\/\/aickelin.eu\/cms\/wp-content\/uploads\/2024\/07\/Aickelin-Neueroeffnung-768x654.png 768w, https:\/\/aickelin.eu\/cms\/wp-content\/uploads\/2024\/07\/Aickelin-Neueroeffnung-480x408.png 480w\" sizes=\"(max-width: 1302px) 100vw, 1302px\" title=\"Aickelin-Neueroeffnung\" \/>\t\t\t\t\t\t\t\t\t\t\t\t\t\t\t<\/div>\n\t\t\t\t<\/div>\n\t\t\t\t<div class=\"elementor-element elementor-element-caf77f3 elementor-widget elementor-widget-text-editor\" data-id=\"caf77f3\" data-element_type=\"widget\" data-e-type=\"widget\" data-widget_type=\"text-editor.default\">\n\t\t\t\t<div class=\"elementor-widget-container\">\n\t\t\t\t\t\t\t\t\t<h3 class=\"p1\"><span class=\"s1\"><b>Vielen Dank an alle Mitwirkenden, Partner, Besucher und Freunde \u2013<br \/>unsere<\/b><\/span><span class=\"s1\"><b><span>\u00a0<\/span>Er\u00f6ffnungsfeier am 14. Juli 2024 war rundum gelungen.<\/b><\/span><\/h3>\t\t\t\t\t\t\t\t<\/div>\n\t\t\t\t<\/div>\n\t\t\t\t\t<\/div>\n\t\t<\/div>\n\t\t\t\t\t<\/div>\n\t\t<\/section>\n\t\t\t\t<\/div>\n\t\t","protected":false},"excerpt":{"rendered":"<p>Dezember 2024 After Work Nikolaus Party Neben der klassischen &#8220;Roten&#8221; gab es auch leckere Cr\u00eapes, Gl\u00fchwein und nat\u00fcrlich Kinderpunsch. Vielen Dank an alle Besucher. Wir hatten einen tollen Abend mit euch. Juli 2024 Neuer\u00f6ffnung unserer Ausstellung im Juli 2024 In unserer neuen Ausstellung haben Sie die M\u00f6glichkeit, unterschiedlichste B\u00f6den auf einer 400 m&sup2;\u00a0Fl\u00e4che zu betrachten. [&hellip;]<\/p>\n","protected":false},"author":2,"featured_media":0,"parent":0,"menu_order":0,"comment_status":"closed","ping_status":"closed","template":"","meta":{"footnotes":""},"class_list":["post-7839","page","type-page","status-publish","hentry"],"aioseo_notices":[],"_links":{"self":[{"href":"https:\/\/aickelin.eu\/cms\/wp-json\/wp\/v2\/pages\/7839","targetHints":{"allow":["GET"]}}],"collection":[{"href":"https:\/\/aickelin.eu\/cms\/wp-json\/wp\/v2\/pages"}],"about":[{"href":"https:\/\/aickelin.eu\/cms\/wp-json\/wp\/v2\/types\/page"}],"author":[{"embeddable":true,"href":"https:\/\/aickelin.eu\/cms\/wp-json\/wp\/v2\/users\/2"}],"replies":[{"embeddable":true,"href":"https:\/\/aickelin.eu\/cms\/wp-json\/wp\/v2\/comments?post=7839"}],"version-history":[{"count":11,"href":"https:\/\/aickelin.eu\/cms\/wp-json\/wp\/v2\/pages\/7839\/revisions"}],"predecessor-version":[{"id":7923,"href":"https:\/\/aickelin.eu\/cms\/wp-json\/wp\/v2\/pages\/7839\/revisions\/7923"}],"wp:attachment":[{"href":"https:\/\/aickelin.eu\/cms\/wp-json\/wp\/v2\/media?parent=7839"}],"curies":[{"name":"wp","href":"https:\/\/api.w.org\/{rel}","templated":true}]}}