{"id":7903,"date":"2025-04-10T07:39:16","date_gmt":"2025-04-10T07:39:16","guid":{"rendered":"https:\/\/aickelin.eu\/cms\/?page_id=7903"},"modified":"2025-10-20T06:56:03","modified_gmt":"2025-10-20T06:56:03","slug":"unser-familienunternehmen","status":"publish","type":"page","link":"https:\/\/aickelin.eu\/cms\/unser-familienunternehmen\/","title":{"rendered":"Familien\u00adunter\u00adnehmen in 4. Generation"},"content":{"rendered":"\t\t<div data-elementor-type=\"wp-post\" data-elementor-id=\"7903\" class=\"elementor elementor-7903\">\n\t\t\t\t\t\t<section class=\"elementor-section elementor-top-section elementor-element elementor-element-65f5b1d elementor-section-boxed elementor-section-height-default elementor-section-height-default\" data-id=\"65f5b1d\" data-element_type=\"section\" data-e-type=\"section\">\n\t\t\t\t\t\t<div class=\"elementor-container elementor-column-gap-default\">\n\t\t\t\t\t<div class=\"elementor-column elementor-col-100 elementor-top-column elementor-element elementor-element-2bf79ed\" data-id=\"2bf79ed\" data-element_type=\"column\" data-e-type=\"column\">\n\t\t\t<div class=\"elementor-widget-wrap elementor-element-populated\">\n\t\t\t\t\t\t<div class=\"elementor-element elementor-element-0253166 elementor-widget__width-initial elementor-widget elementor-widget-text-editor\" data-id=\"0253166\" data-element_type=\"widget\" data-e-type=\"widget\" data-widget_type=\"text-editor.default\">\n\t\t\t\t<div class=\"elementor-widget-container\">\n\t\t\t\t\t\t\t\t\t<h2>130 Jahre sprechen f\u00fcr sich. Wir wissen was wir tun.<\/h2><h2>Wir sind ganz nah an den Trends und wissen<b><span>: In Wohnr\u00e4umen z\u00e4hlt Best\u00e4ndigkeit.<\/span><\/b><\/h2>\t\t\t\t\t\t\t\t<\/div>\n\t\t\t\t<\/div>\n\t\t\t\t\t<\/div>\n\t\t<\/div>\n\t\t\t\t\t<\/div>\n\t\t<\/section>\n\t\t\t\t<section class=\"elementor-section elementor-top-section elementor-element elementor-element-654557a elementor-section-boxed elementor-section-height-default elementor-section-height-default\" data-id=\"654557a\" data-element_type=\"section\" data-e-type=\"section\">\n\t\t\t\t\t\t<div class=\"elementor-container elementor-column-gap-default\">\n\t\t\t\t\t<div class=\"elementor-column elementor-col-50 elementor-top-column elementor-element elementor-element-d7afe63\" data-id=\"d7afe63\" data-element_type=\"column\" data-e-type=\"column\">\n\t\t\t<div class=\"elementor-widget-wrap elementor-element-populated\">\n\t\t\t\t\t\t<div class=\"elementor-element elementor-element-8d63dbb elementor-widget__width-initial elementor-widget elementor-widget-text-editor\" data-id=\"8d63dbb\" data-element_type=\"widget\" data-e-type=\"widget\" data-widget_type=\"text-editor.default\">\n\t\t\t\t<div class=\"elementor-widget-container\">\n\t\t\t\t\t\t\t\t\t<p>Unser Credo: Wir beraten Sie stilsicher und helfen, Ihren pers\u00f6nlichen Stil in Privatr\u00e4umen oder die gew\u00fcnschten Effekte in einem Hotel oder in gewerblichen Objekten zu erzielen.<\/p><p><strong>Wir legen dabei viel Wert auf die Schaffung von R\u00e4umen, die eine angenehme Atmosph\u00e4re ausstrahlen.<\/strong><br \/>Bei der Umsetzung setzen wir auf hochwertige Materialien und garantieren, dass Sie lange Freude an unserer Arbeit haben.<\/p>\t\t\t\t\t\t\t\t<\/div>\n\t\t\t\t<\/div>\n\t\t\t\t\t<\/div>\n\t\t<\/div>\n\t\t\t\t<div class=\"elementor-column elementor-col-50 elementor-top-column elementor-element elementor-element-81bab1b\" data-id=\"81bab1b\" data-element_type=\"column\" data-e-type=\"column\">\n\t\t\t<div class=\"elementor-widget-wrap elementor-element-populated\">\n\t\t\t\t\t\t<div class=\"elementor-element elementor-element-655800d elementor-widget elementor-widget-image\" data-id=\"655800d\" data-element_type=\"widget\" data-e-type=\"widget\" data-widget_type=\"image.default\">\n\t\t\t\t<div class=\"elementor-widget-container\">\n\t\t\t\t\t\t\t\t\t\t\t\t\t\t\t<img fetchpriority=\"high\" decoding=\"async\" width=\"940\" height=\"511\" src=\"https:\/\/aickelin.eu\/cms\/wp-content\/uploads\/2024\/07\/Aickelin-Objekt-ueber-uns-1-1024x557.jpg\" class=\"attachment-large size-large wp-image-7382\" alt=\"\" srcset=\"https:\/\/aickelin.eu\/cms\/wp-content\/uploads\/2024\/07\/Aickelin-Objekt-ueber-uns-1-1024x557.jpg 1024w, https:\/\/aickelin.eu\/cms\/wp-content\/uploads\/2024\/07\/Aickelin-Objekt-ueber-uns-1-300x163.jpg 300w, https:\/\/aickelin.eu\/cms\/wp-content\/uploads\/2024\/07\/Aickelin-Objekt-ueber-uns-1-768x418.jpg 768w, https:\/\/aickelin.eu\/cms\/wp-content\/uploads\/2024\/07\/Aickelin-Objekt-ueber-uns-1-1536x836.jpg 1536w, https:\/\/aickelin.eu\/cms\/wp-content\/uploads\/2024\/07\/Aickelin-Objekt-ueber-uns-1-480x261.jpg 480w\" sizes=\"(max-width: 940px) 100vw, 940px\" title=\"Aickelin-Objekt-ueber-uns\" \/>\t\t\t\t\t\t\t\t\t\t\t\t\t\t\t<\/div>\n\t\t\t\t<\/div>\n\t\t\t\t\t<\/div>\n\t\t<\/div>\n\t\t\t\t\t<\/div>\n\t\t<\/section>\n\t\t\t\t<section class=\"elementor-section elementor-top-section elementor-element elementor-element-3ea9863 elementor-section-boxed elementor-section-height-default elementor-section-height-default\" data-id=\"3ea9863\" data-element_type=\"section\" data-e-type=\"section\">\n\t\t\t\t\t\t<div class=\"elementor-container elementor-column-gap-default\">\n\t\t\t\t\t<div class=\"elementor-column elementor-col-100 elementor-top-column elementor-element elementor-element-9632a75\" data-id=\"9632a75\" data-element_type=\"column\" data-e-type=\"column\">\n\t\t\t<div class=\"elementor-widget-wrap elementor-element-populated\">\n\t\t\t\t\t\t<div class=\"elementor-element elementor-element-a7b0941 elementor-widget__width-initial elementor-widget elementor-widget-text-editor\" data-id=\"a7b0941\" data-element_type=\"widget\" data-e-type=\"widget\" data-widget_type=\"text-editor.default\">\n\t\t\t\t<div class=\"elementor-widget-container\">\n\t\t\t\t\t\t\t\t\t<section class=\"elementor-section elementor-top-section elementor-element elementor-element-bedeee4 elementor-section-boxed elementor-section-height-default elementor-section-height-default\" data-id=\"bedeee4\" data-element_type=\"section\"><div class=\"elementor-container elementor-column-gap-default\"><div class=\"elementor-column elementor-col-100 elementor-top-column elementor-element elementor-element-b9a47d3\" data-id=\"b9a47d3\" data-element_type=\"column\"><div class=\"elementor-widget-wrap elementor-element-populated\"><div class=\"elementor-element elementor-element-dc29bdf elementor-widget elementor-widget-text-editor\" data-id=\"dc29bdf\" data-element_type=\"widget\" data-widget_type=\"text-editor.default\"><div class=\"elementor-widget-container\"><h2 class=\"elementor-heading-title elementor-size-default\" style=\"text-align: center;\">Ihr Wohl-Wohngef\u00fchl \u2013 das ist unsere Aufgabe.<\/h2><\/div><\/div><\/div><\/div><\/div><\/section>\t\t\t\t\t\t\t\t<\/div>\n\t\t\t\t<\/div>\n\t\t\t\t\t<\/div>\n\t\t<\/div>\n\t\t\t\t\t<\/div>\n\t\t<\/section>\n\t\t\t\t<\/div>\n\t\t","protected":false},"excerpt":{"rendered":"<p>130 Jahre sprechen f\u00fcr sich. Wir wissen was wir tun. Wir sind ganz nah an den Trends und wissen: In Wohnr\u00e4umen z\u00e4hlt Best\u00e4ndigkeit. Unser Credo: Wir beraten Sie stilsicher und helfen, Ihren pers\u00f6nlichen Stil in Privatr\u00e4umen oder die gew\u00fcnschten Effekte in einem Hotel oder in gewerblichen Objekten zu erzielen. Wir legen dabei viel Wert auf [&hellip;]<\/p>\n","protected":false},"author":2,"featured_media":0,"parent":0,"menu_order":0,"comment_status":"closed","ping_status":"closed","template":"full-width.php","meta":{"footnotes":""},"class_list":["post-7903","page","type-page","status-publish","hentry"],"aioseo_notices":[],"_links":{"self":[{"href":"https:\/\/aickelin.eu\/cms\/wp-json\/wp\/v2\/pages\/7903","targetHints":{"allow":["GET"]}}],"collection":[{"href":"https:\/\/aickelin.eu\/cms\/wp-json\/wp\/v2\/pages"}],"about":[{"href":"https:\/\/aickelin.eu\/cms\/wp-json\/wp\/v2\/types\/page"}],"author":[{"embeddable":true,"href":"https:\/\/aickelin.eu\/cms\/wp-json\/wp\/v2\/users\/2"}],"replies":[{"embeddable":true,"href":"https:\/\/aickelin.eu\/cms\/wp-json\/wp\/v2\/comments?post=7903"}],"version-history":[{"count":11,"href":"https:\/\/aickelin.eu\/cms\/wp-json\/wp\/v2\/pages\/7903\/revisions"}],"predecessor-version":[{"id":8491,"href":"https:\/\/aickelin.eu\/cms\/wp-json\/wp\/v2\/pages\/7903\/revisions\/8491"}],"wp:attachment":[{"href":"https:\/\/aickelin.eu\/cms\/wp-json\/wp\/v2\/media?parent=7903"}],"curies":[{"name":"wp","href":"https:\/\/api.w.org\/{rel}","templated":true}]}}