{"id":7968,"date":"2025-04-14T08:22:12","date_gmt":"2025-04-14T08:22:12","guid":{"rendered":"https:\/\/aickelin.eu\/cms\/?page_id=7968"},"modified":"2025-07-30T14:45:14","modified_gmt":"2025-07-30T14:45:14","slug":"akustikpaneele","status":"publish","type":"page","link":"https:\/\/aickelin.eu\/cms\/akustikpaneele\/","title":{"rendered":"Akustikpaneele"},"content":{"rendered":"\t\t<div data-elementor-type=\"wp-page\" data-elementor-id=\"7968\" class=\"elementor elementor-7968\">\n\t\t\t\t\t\t<section class=\"elementor-section elementor-top-section elementor-element elementor-element-18e154bd elementor-section-boxed elementor-section-height-default elementor-section-height-default\" data-id=\"18e154bd\" data-element_type=\"section\" data-e-type=\"section\">\n\t\t\t\t\t\t<div class=\"elementor-container elementor-column-gap-default\">\n\t\t\t\t\t<div class=\"elementor-column elementor-col-100 elementor-top-column elementor-element elementor-element-7c954414\" data-id=\"7c954414\" data-element_type=\"column\" data-e-type=\"column\">\n\t\t\t<div class=\"elementor-widget-wrap elementor-element-populated\">\n\t\t\t\t\t\t<div class=\"elementor-element elementor-element-548a7d8 elementor-widget elementor-widget-text-editor\" data-id=\"548a7d8\" data-element_type=\"widget\" data-e-type=\"widget\" data-widget_type=\"text-editor.default\">\n\t\t\t\t<div class=\"elementor-widget-container\">\n\t\t\t\t\t\t\t\t\t<h2><strong>Akustikl\u00f6sungen mit skandinavischem Flair<\/strong><\/h2>\t\t\t\t\t\t\t\t<\/div>\n\t\t\t\t<\/div>\n\t\t\t\t\t<\/div>\n\t\t<\/div>\n\t\t\t\t\t<\/div>\n\t\t<\/section>\n\t\t\t\t<section class=\"elementor-section elementor-top-section elementor-element elementor-element-c786b0f elementor-section-boxed elementor-section-height-default elementor-section-height-default\" data-id=\"c786b0f\" data-element_type=\"section\" data-e-type=\"section\">\n\t\t\t\t\t\t<div class=\"elementor-container elementor-column-gap-default\">\n\t\t\t\t\t<div class=\"elementor-column elementor-col-100 elementor-top-column elementor-element elementor-element-2467bdd\" data-id=\"2467bdd\" data-element_type=\"column\" data-e-type=\"column\">\n\t\t\t<div class=\"elementor-widget-wrap elementor-element-populated\">\n\t\t\t\t\t\t<div class=\"elementor-element elementor-element-d1322e6 elementor-widget elementor-widget-text-editor\" data-id=\"d1322e6\" data-element_type=\"widget\" data-e-type=\"widget\" data-widget_type=\"text-editor.default\">\n\t\t\t\t<div class=\"elementor-widget-container\">\n\t\t\t\t\t\t\t\t\t<p data-start=\"261\" data-end=\"605\"><strong data-start=\"261\" data-end=\"292\">SilentDesign Akustikpaneele<\/strong> vereinen wirkungsvolle <strong data-start=\"316\" data-end=\"336\">Schallabsorption<\/strong> mit einem zeitlos <strong data-start=\"355\" data-end=\"381\">skandinavischen Design<\/strong> \u2013 ideal f\u00fcr moderne Wohn- und Arbeitsbereiche. Ob an <strong data-start=\"435\" data-end=\"457\">W\u00e4nden oder Decken<\/strong>, vollfl\u00e4chig oder als gezielter Akzent eingesetzt \u2013 die Paneele bieten vielseitige Gestaltungsm\u00f6glichkeiten und verbessern sp\u00fcrbar die Raumakustik.<\/p><p data-start=\"607\" data-end=\"805\">Wir sind im <strong data-start=\"619\" data-end=\"650\">Raum Heilbronn und Umgebung<\/strong> f\u00fcr Sie da:<br data-start=\"662\" data-end=\"665\" \/>Mit <strong data-start=\"669\" data-end=\"693\">kompetenter Beratung<\/strong>, dem <strong data-start=\"699\" data-end=\"739\">Verkauf hochwertiger Akustikl\u00f6sungen<\/strong> und der <strong data-start=\"748\" data-end=\"781\">fachgerechten Montage vor Ort<\/strong> \u2013 alles aus einer Hand.<\/p><p data-start=\"807\" data-end=\"964\">Ob Wohnzimmer, B\u00fcro oder Besprechungsraum \u2013 wir entwickeln gemeinsam mit Ihnen die passende L\u00f6sung f\u00fcr eine ruhige, \u00e4sthetisch anspruchsvolle Raumgestaltung.<\/p>\t\t\t\t\t\t\t\t<\/div>\n\t\t\t\t<\/div>\n\t\t\t\t\t<\/div>\n\t\t<\/div>\n\t\t\t\t\t<\/div>\n\t\t<\/section>\n\t\t\t\t<section class=\"elementor-section elementor-top-section elementor-element elementor-element-956f041 elementor-section-boxed elementor-section-height-default elementor-section-height-default\" data-id=\"956f041\" data-element_type=\"section\" data-e-type=\"section\">\n\t\t\t\t\t\t<div class=\"elementor-container elementor-column-gap-default\">\n\t\t\t\t\t<div class=\"elementor-column elementor-col-50 elementor-top-column elementor-element elementor-element-90cf6e3\" data-id=\"90cf6e3\" data-element_type=\"column\" data-e-type=\"column\">\n\t\t\t<div class=\"elementor-widget-wrap elementor-element-populated\">\n\t\t\t\t\t\t<div class=\"elementor-element elementor-element-a8ecd35 elementor-widget elementor-widget-text-editor\" data-id=\"a8ecd35\" data-element_type=\"widget\" data-e-type=\"widget\" data-widget_type=\"text-editor.default\">\n\t\t\t\t<div class=\"elementor-widget-container\">\n\t\t\t\t\t\t\t\t\t<h2 style=\"text-align: center;\">Was mit Sicherheit in jedem einzelnen Paneel steckt<\/h2>\t\t\t\t\t\t\t\t<\/div>\n\t\t\t\t<\/div>\n\t\t\t\t\t<\/div>\n\t\t<\/div>\n\t\t\t\t<div class=\"elementor-column elementor-col-50 elementor-top-column elementor-element elementor-element-deada7c\" data-id=\"deada7c\" data-element_type=\"column\" data-e-type=\"column\">\n\t\t\t<div class=\"elementor-widget-wrap\">\n\t\t\t\t\t\t\t<\/div>\n\t\t<\/div>\n\t\t\t\t\t<\/div>\n\t\t<\/section>\n\t\t\t\t<section class=\"elementor-section elementor-top-section elementor-element elementor-element-c2d04a6 elementor-section-boxed elementor-section-height-default elementor-section-height-default\" data-id=\"c2d04a6\" data-element_type=\"section\" data-e-type=\"section\">\n\t\t\t\t\t\t<div class=\"elementor-container elementor-column-gap-default\">\n\t\t\t\t\t<div class=\"elementor-column elementor-col-20 elementor-top-column elementor-element elementor-element-c416f66\" data-id=\"c416f66\" data-element_type=\"column\" data-e-type=\"column\">\n\t\t\t<div class=\"elementor-widget-wrap elementor-element-populated\">\n\t\t\t\t\t\t<div class=\"elementor-element elementor-element-38b4523 elementor-view-default elementor-widget elementor-widget-icon\" data-id=\"38b4523\" data-element_type=\"widget\" data-e-type=\"widget\" data-widget_type=\"icon.default\">\n\t\t\t\t<div class=\"elementor-widget-container\">\n\t\t\t\t\t\t\t<div class=\"elementor-icon-wrapper\">\n\t\t\t<div class=\"elementor-icon\">\n\t\t\t<i aria-hidden=\"true\" class=\"fas fa-check-circle\"><\/i>\t\t\t<\/div>\n\t\t<\/div>\n\t\t\t\t\t\t<\/div>\n\t\t\t\t<\/div>\n\t\t\t\t<div class=\"elementor-element elementor-element-060e551 elementor-widget elementor-widget-text-editor\" data-id=\"060e551\" data-element_type=\"widget\" data-e-type=\"widget\" data-widget_type=\"text-editor.default\">\n\t\t\t\t<div class=\"elementor-widget-container\">\n\t\t\t\t\t\t\t\t\t<h3 style=\"text-align: center;\">gesundes Wohnen<\/h3>\t\t\t\t\t\t\t\t<\/div>\n\t\t\t\t<\/div>\n\t\t\t\t<div class=\"elementor-element elementor-element-d4d12cb elementor-widget elementor-widget-text-editor\" data-id=\"d4d12cb\" data-element_type=\"widget\" data-e-type=\"widget\" data-widget_type=\"text-editor.default\">\n\t\t\t\t<div class=\"elementor-widget-container\">\n\t\t\t\t\t\t\t\t\t<p style=\"text-align: center;\">Verbessert die Raumakustik f\u00fcr gesundes Wohnen, absorbiert Nachhall und L\u00e4rm<\/p>\t\t\t\t\t\t\t\t<\/div>\n\t\t\t\t<\/div>\n\t\t\t\t\t<\/div>\n\t\t<\/div>\n\t\t\t\t<div class=\"elementor-column elementor-col-20 elementor-top-column elementor-element elementor-element-c476431\" data-id=\"c476431\" data-element_type=\"column\" data-e-type=\"column\">\n\t\t\t<div class=\"elementor-widget-wrap elementor-element-populated\">\n\t\t\t\t\t\t<div class=\"elementor-element elementor-element-5f91888 elementor-view-default elementor-widget elementor-widget-icon\" data-id=\"5f91888\" data-element_type=\"widget\" data-e-type=\"widget\" data-widget_type=\"icon.default\">\n\t\t\t\t<div class=\"elementor-widget-container\">\n\t\t\t\t\t\t\t<div class=\"elementor-icon-wrapper\">\n\t\t\t<div class=\"elementor-icon\">\n\t\t\t<i aria-hidden=\"true\" class=\"fas fa-check-circle\"><\/i>\t\t\t<\/div>\n\t\t<\/div>\n\t\t\t\t\t\t<\/div>\n\t\t\t\t<\/div>\n\t\t\t\t<div class=\"elementor-element elementor-element-8df536d elementor-widget elementor-widget-text-editor\" data-id=\"8df536d\" data-element_type=\"widget\" data-e-type=\"widget\" data-widget_type=\"text-editor.default\">\n\t\t\t\t<div class=\"elementor-widget-container\">\n\t\t\t\t\t\t\t\t\t<h3 style=\"text-align: center;\">nat\u00fcrliches Design<\/h3>\t\t\t\t\t\t\t\t<\/div>\n\t\t\t\t<\/div>\n\t\t\t\t<div class=\"elementor-element elementor-element-252704e elementor-widget elementor-widget-text-editor\" data-id=\"252704e\" data-element_type=\"widget\" data-e-type=\"widget\" data-widget_type=\"text-editor.default\">\n\t\t\t\t<div class=\"elementor-widget-container\">\n\t\t\t\t\t\t\t\t\t<p style=\"text-align: center;\">Trendig, frisches Wohnambiente im skandinavischen Look Echtes Edelholz, 3-seitig oder 1-seitig gestaltet<\/p>\t\t\t\t\t\t\t\t<\/div>\n\t\t\t\t<\/div>\n\t\t\t\t\t<\/div>\n\t\t<\/div>\n\t\t\t\t<div class=\"elementor-column elementor-col-20 elementor-top-column elementor-element elementor-element-080ca44\" data-id=\"080ca44\" data-element_type=\"column\" data-e-type=\"column\">\n\t\t\t<div class=\"elementor-widget-wrap elementor-element-populated\">\n\t\t\t\t\t\t<div class=\"elementor-element elementor-element-c530d81 elementor-view-default elementor-widget elementor-widget-icon\" data-id=\"c530d81\" data-element_type=\"widget\" data-e-type=\"widget\" data-widget_type=\"icon.default\">\n\t\t\t\t<div class=\"elementor-widget-container\">\n\t\t\t\t\t\t\t<div class=\"elementor-icon-wrapper\">\n\t\t\t<div class=\"elementor-icon\">\n\t\t\t<i aria-hidden=\"true\" class=\"fas fa-check-circle\"><\/i>\t\t\t<\/div>\n\t\t<\/div>\n\t\t\t\t\t\t<\/div>\n\t\t\t\t<\/div>\n\t\t\t\t<div class=\"elementor-element elementor-element-ff44ff3 elementor-widget elementor-widget-text-editor\" data-id=\"ff44ff3\" data-element_type=\"widget\" data-e-type=\"widget\" data-widget_type=\"text-editor.default\">\n\t\t\t\t<div class=\"elementor-widget-container\">\n\t\t\t\t\t\t\t\t\t<h3 style=\"text-align: center;\">naturge\u00f6lte Oberfl\u00e4che<\/h3>\t\t\t\t\t\t\t\t<\/div>\n\t\t\t\t<\/div>\n\t\t\t\t<div class=\"elementor-element elementor-element-87fae9d elementor-widget elementor-widget-text-editor\" data-id=\"87fae9d\" data-element_type=\"widget\" data-e-type=\"widget\" data-widget_type=\"text-editor.default\">\n\t\t\t\t<div class=\"elementor-widget-container\">\n\t\t\t\t\t\t\t\t\t<p style=\"text-align: center;\">Pflegeleichter UV-Schutz gegen Farbver\u00e4nderung<\/p>\t\t\t\t\t\t\t\t<\/div>\n\t\t\t\t<\/div>\n\t\t\t\t\t<\/div>\n\t\t<\/div>\n\t\t\t\t<div class=\"elementor-column elementor-col-20 elementor-top-column elementor-element elementor-element-42a4902\" data-id=\"42a4902\" data-element_type=\"column\" data-e-type=\"column\">\n\t\t\t<div class=\"elementor-widget-wrap elementor-element-populated\">\n\t\t\t\t\t\t<div class=\"elementor-element elementor-element-c15122c elementor-view-default elementor-widget elementor-widget-icon\" data-id=\"c15122c\" data-element_type=\"widget\" data-e-type=\"widget\" data-widget_type=\"icon.default\">\n\t\t\t\t<div class=\"elementor-widget-container\">\n\t\t\t\t\t\t\t<div class=\"elementor-icon-wrapper\">\n\t\t\t<div class=\"elementor-icon\">\n\t\t\t<i aria-hidden=\"true\" class=\"fas fa-check-circle\"><\/i>\t\t\t<\/div>\n\t\t<\/div>\n\t\t\t\t\t\t<\/div>\n\t\t\t\t<\/div>\n\t\t\t\t<div class=\"elementor-element elementor-element-713c1f3 elementor-widget elementor-widget-text-editor\" data-id=\"713c1f3\" data-element_type=\"widget\" data-e-type=\"widget\" data-widget_type=\"text-editor.default\">\n\t\t\t\t<div class=\"elementor-widget-container\">\n\t\t\t\t\t\t\t\t\t<h3 style=\"text-align: center;\">smarte Eigenschaften<\/h3>\t\t\t\t\t\t\t\t<\/div>\n\t\t\t\t<\/div>\n\t\t\t\t<div class=\"elementor-element elementor-element-a626b86 elementor-widget elementor-widget-text-editor\" data-id=\"a626b86\" data-element_type=\"widget\" data-e-type=\"widget\" data-widget_type=\"text-editor.default\">\n\t\t\t\t<div class=\"elementor-widget-container\">\n\t\t\t\t\t\t\t\t\t<p style=\"text-align: center;\">Einfache &#038; schnelle Installation<\/p>\t\t\t\t\t\t\t\t<\/div>\n\t\t\t\t<\/div>\n\t\t\t\t\t<\/div>\n\t\t<\/div>\n\t\t\t\t<div class=\"elementor-column elementor-col-20 elementor-top-column elementor-element elementor-element-d647bf0\" data-id=\"d647bf0\" data-element_type=\"column\" data-e-type=\"column\">\n\t\t\t<div class=\"elementor-widget-wrap elementor-element-populated\">\n\t\t\t\t\t\t<div class=\"elementor-element elementor-element-ce750cc elementor-view-default elementor-widget elementor-widget-icon\" data-id=\"ce750cc\" data-element_type=\"widget\" data-e-type=\"widget\" data-widget_type=\"icon.default\">\n\t\t\t\t<div class=\"elementor-widget-container\">\n\t\t\t\t\t\t\t<div class=\"elementor-icon-wrapper\">\n\t\t\t<div class=\"elementor-icon\">\n\t\t\t<i aria-hidden=\"true\" class=\"fas fa-check-circle\"><\/i>\t\t\t<\/div>\n\t\t<\/div>\n\t\t\t\t\t\t<\/div>\n\t\t\t\t<\/div>\n\t\t\t\t<div class=\"elementor-element elementor-element-dbb342c elementor-widget elementor-widget-text-editor\" data-id=\"dbb342c\" data-element_type=\"widget\" data-e-type=\"widget\" data-widget_type=\"text-editor.default\">\n\t\t\t\t<div class=\"elementor-widget-container\">\n\t\t\t\t\t\t\t\t\t<h3 style=\"text-align: center;\">nachhaltiges Handeln<\/h3>\t\t\t\t\t\t\t\t<\/div>\n\t\t\t\t<\/div>\n\t\t\t\t<div class=\"elementor-element elementor-element-4c8c410 elementor-widget elementor-widget-text-editor\" data-id=\"4c8c410\" data-element_type=\"widget\" data-e-type=\"widget\" data-widget_type=\"text-editor.default\">\n\t\t\t\t<div class=\"elementor-widget-container\">\n\t\t\t\t\t\t\t\t\t<p style=\"text-align: center;\">\u00dcber 50 % des Filzes bestehen aus recyceltem PET &#8211; Holz aus nachhaltigen Quellen<\/p>\t\t\t\t\t\t\t\t<\/div>\n\t\t\t\t<\/div>\n\t\t\t\t\t<\/div>\n\t\t<\/div>\n\t\t\t\t\t<\/div>\n\t\t<\/section>\n\t\t\t\t<section class=\"elementor-section elementor-top-section elementor-element elementor-element-65d29ac elementor-section-boxed elementor-section-height-default elementor-section-height-default\" data-id=\"65d29ac\" data-element_type=\"section\" data-e-type=\"section\">\n\t\t\t\t\t\t<div class=\"elementor-container elementor-column-gap-default\">\n\t\t\t\t\t<div class=\"elementor-column elementor-col-50 elementor-top-column elementor-element elementor-element-03ae561\" data-id=\"03ae561\" data-element_type=\"column\" data-e-type=\"column\">\n\t\t\t<div class=\"elementor-widget-wrap elementor-element-populated\">\n\t\t\t\t\t\t<div class=\"elementor-element elementor-element-994c47f elementor-widget elementor-widget-text-editor\" data-id=\"994c47f\" data-element_type=\"widget\" data-e-type=\"widget\" data-widget_type=\"text-editor.default\">\n\t\t\t\t<div class=\"elementor-widget-container\">\n\t\t\t\t\t\t\t\t\t<h2 style=\"text-align: center;\">Technische Eigenschaften<\/h2>\t\t\t\t\t\t\t\t<\/div>\n\t\t\t\t<\/div>\n\t\t\t\t\t<\/div>\n\t\t<\/div>\n\t\t\t\t<div class=\"elementor-column elementor-col-50 elementor-top-column elementor-element elementor-element-e3f660f\" data-id=\"e3f660f\" data-element_type=\"column\" data-e-type=\"column\">\n\t\t\t<div class=\"elementor-widget-wrap\">\n\t\t\t\t\t\t\t<\/div>\n\t\t<\/div>\n\t\t\t\t\t<\/div>\n\t\t<\/section>\n\t\t\t\t<section class=\"elementor-section elementor-top-section elementor-element elementor-element-e762618 elementor-section-boxed elementor-section-height-default elementor-section-height-default\" data-id=\"e762618\" data-element_type=\"section\" data-e-type=\"section\">\n\t\t\t\t\t\t<div class=\"elementor-container elementor-column-gap-default\">\n\t\t\t\t\t<div class=\"elementor-column elementor-col-50 elementor-top-column elementor-element elementor-element-8330183\" data-id=\"8330183\" data-element_type=\"column\" data-e-type=\"column\">\n\t\t\t<div class=\"elementor-widget-wrap elementor-element-populated\">\n\t\t\t\t\t\t<div class=\"elementor-element elementor-element-506ee6c elementor-widget elementor-widget-image\" data-id=\"506ee6c\" data-element_type=\"widget\" data-e-type=\"widget\" data-widget_type=\"image.default\">\n\t\t\t\t<div class=\"elementor-widget-container\">\n\t\t\t\t\t\t\t\t\t\t\t\t\t\t\t<img fetchpriority=\"high\" decoding=\"async\" width=\"940\" height=\"964\" src=\"https:\/\/aickelin.eu\/cms\/wp-content\/uploads\/2025\/04\/Akustikpaneele-1-seitig-998x1024.jpg\" class=\"attachment-large size-large wp-image-7972\" alt=\"\" srcset=\"https:\/\/aickelin.eu\/cms\/wp-content\/uploads\/2025\/04\/Akustikpaneele-1-seitig-998x1024.jpg 998w, https:\/\/aickelin.eu\/cms\/wp-content\/uploads\/2025\/04\/Akustikpaneele-1-seitig-293x300.jpg 293w, https:\/\/aickelin.eu\/cms\/wp-content\/uploads\/2025\/04\/Akustikpaneele-1-seitig-768x788.jpg 768w, https:\/\/aickelin.eu\/cms\/wp-content\/uploads\/2025\/04\/Akustikpaneele-1-seitig-1498x1536.jpg 1498w, https:\/\/aickelin.eu\/cms\/wp-content\/uploads\/2025\/04\/Akustikpaneele-1-seitig-480x492.jpg 480w\" sizes=\"(max-width: 940px) 100vw, 940px\" title=\"Akustikpaneele-1-seitig\" \/>\t\t\t\t\t\t\t\t\t\t\t\t\t\t\t<\/div>\n\t\t\t\t<\/div>\n\t\t\t\t\t<\/div>\n\t\t<\/div>\n\t\t\t\t<div class=\"elementor-column elementor-col-50 elementor-top-column elementor-element elementor-element-dd94dd9\" data-id=\"dd94dd9\" data-element_type=\"column\" data-e-type=\"column\">\n\t\t\t<div class=\"elementor-widget-wrap elementor-element-populated\">\n\t\t\t\t\t\t<div class=\"elementor-element elementor-element-6213d31 elementor-widget elementor-widget-image\" data-id=\"6213d31\" data-element_type=\"widget\" data-e-type=\"widget\" data-widget_type=\"image.default\">\n\t\t\t\t<div class=\"elementor-widget-container\">\n\t\t\t\t\t\t\t\t\t\t\t\t\t\t\t<img decoding=\"async\" width=\"940\" height=\"964\" src=\"https:\/\/aickelin.eu\/cms\/wp-content\/uploads\/2025\/04\/Akustikpaneele-3-seitig-998x1024.jpg\" class=\"attachment-large size-large wp-image-7973\" alt=\"\" srcset=\"https:\/\/aickelin.eu\/cms\/wp-content\/uploads\/2025\/04\/Akustikpaneele-3-seitig-998x1024.jpg 998w, https:\/\/aickelin.eu\/cms\/wp-content\/uploads\/2025\/04\/Akustikpaneele-3-seitig-293x300.jpg 293w, https:\/\/aickelin.eu\/cms\/wp-content\/uploads\/2025\/04\/Akustikpaneele-3-seitig-768x788.jpg 768w, https:\/\/aickelin.eu\/cms\/wp-content\/uploads\/2025\/04\/Akustikpaneele-3-seitig-1498x1536.jpg 1498w, https:\/\/aickelin.eu\/cms\/wp-content\/uploads\/2025\/04\/Akustikpaneele-3-seitig-480x492.jpg 480w\" sizes=\"(max-width: 940px) 100vw, 940px\" title=\"Akustikpaneele-3-seitig\" \/>\t\t\t\t\t\t\t\t\t\t\t\t\t\t\t<\/div>\n\t\t\t\t<\/div>\n\t\t\t\t\t<\/div>\n\t\t<\/div>\n\t\t\t\t\t<\/div>\n\t\t<\/section>\n\t\t\t\t<section class=\"elementor-section elementor-top-section elementor-element elementor-element-f54b295 elementor-section-boxed elementor-section-height-default elementor-section-height-default\" data-id=\"f54b295\" data-element_type=\"section\" data-e-type=\"section\">\n\t\t\t\t\t\t<div class=\"elementor-container elementor-column-gap-default\">\n\t\t\t\t\t<div class=\"elementor-column elementor-col-100 elementor-top-column elementor-element elementor-element-52bb2bf\" data-id=\"52bb2bf\" data-element_type=\"column\" data-e-type=\"column\">\n\t\t\t<div class=\"elementor-widget-wrap elementor-element-populated\">\n\t\t\t\t\t\t<div class=\"elementor-element elementor-element-e059f90 elementor-widget elementor-widget-text-editor\" data-id=\"e059f90\" data-element_type=\"widget\" data-e-type=\"widget\" data-widget_type=\"text-editor.default\">\n\t\t\t\t<div class=\"elementor-widget-container\">\n\t\t\t\t\t\t\t\t\t<h6 style=\"text-align: right;\"><em>Texte und Bilder mit freundlicher Genehmigung der<span>\u00a0<\/span><a href=\"https:\/\/www.terhuerne.com\/\" target=\"_blank\" rel=\"noopener\">ter H\u00fcrne GmbH &amp; Co. KG<\/a>.<\/em><\/h6>\t\t\t\t\t\t\t\t<\/div>\n\t\t\t\t<\/div>\n\t\t\t\t\t<\/div>\n\t\t<\/div>\n\t\t\t\t\t<\/div>\n\t\t<\/section>\n\t\t\t\t<section class=\"elementor-section elementor-top-section elementor-element elementor-element-5187733 elementor-section-boxed elementor-section-height-default elementor-section-height-default\" data-id=\"5187733\" data-element_type=\"section\" data-e-type=\"section\">\n\t\t\t\t\t\t<div class=\"elementor-container elementor-column-gap-default\">\n\t\t\t\t\t<div class=\"elementor-column elementor-col-100 elementor-top-column elementor-element elementor-element-2c2b0d4\" data-id=\"2c2b0d4\" data-element_type=\"column\" data-e-type=\"column\">\n\t\t\t<div class=\"elementor-widget-wrap elementor-element-populated\">\n\t\t\t\t\t\t<div class=\"elementor-element elementor-element-8d79f33 elementor-widget elementor-widget-text-editor\" data-id=\"8d79f33\" data-element_type=\"widget\" data-e-type=\"widget\" data-widget_type=\"text-editor.default\">\n\t\t\t\t<div class=\"elementor-widget-container\">\n\t\t\t\t\t\t\t\t\t<h2 style=\"text-align: center;\">Mehr zum Akustikpaneele erfahren Sie direkt bei unserem Lieferanten<\/h2><p style=\"text-align: center;\">\u2013 mit Klick auf das Logo gelangen Sie auf die Webseite<\/p>\t\t\t\t\t\t\t\t<\/div>\n\t\t\t\t<\/div>\n\t\t\t\t\t<\/div>\n\t\t<\/div>\n\t\t\t\t\t<\/div>\n\t\t<\/section>\n\t\t\t\t<section class=\"elementor-section elementor-top-section elementor-element elementor-element-30d5563 elementor-section-boxed elementor-section-height-default elementor-section-height-default\" data-id=\"30d5563\" data-element_type=\"section\" data-e-type=\"section\">\n\t\t\t\t\t\t<div class=\"elementor-container elementor-column-gap-default\">\n\t\t\t\t\t<div class=\"elementor-column elementor-col-100 elementor-top-column elementor-element elementor-element-ad50202\" data-id=\"ad50202\" data-element_type=\"column\" data-e-type=\"column\">\n\t\t\t<div class=\"elementor-widget-wrap elementor-element-populated\">\n\t\t\t\t\t\t<div class=\"elementor-element elementor-element-a874067 elementor-widget elementor-widget-image\" data-id=\"a874067\" data-element_type=\"widget\" data-e-type=\"widget\" data-widget_type=\"image.default\">\n\t\t\t\t<div class=\"elementor-widget-container\">\n\t\t\t\t\t\t\t\t\t\t\t\t\t\t\t\t<a href=\"https:\/\/www.terhuerne.com\/\" target=\"_blank\">\n\t\t\t\t\t\t\t<img decoding=\"async\" width=\"300\" height=\"77\" src=\"https:\/\/aickelin.eu\/cms\/wp-content\/uploads\/2024\/07\/terhuerne-300x77.png\" class=\"attachment-medium size-medium wp-image-7504\" alt=\"\" srcset=\"https:\/\/aickelin.eu\/cms\/wp-content\/uploads\/2024\/07\/terhuerne-300x77.png 300w, https:\/\/aickelin.eu\/cms\/wp-content\/uploads\/2024\/07\/terhuerne.png 454w\" sizes=\"(max-width: 300px) 100vw, 300px\" title=\"terhuerne\" \/>\t\t\t\t\t\t\t\t<\/a>\n\t\t\t\t\t\t\t\t\t\t\t\t\t\t\t<\/div>\n\t\t\t\t<\/div>\n\t\t\t\t\t<\/div>\n\t\t<\/div>\n\t\t\t\t\t<\/div>\n\t\t<\/section>\n\t\t\t\t<\/div>\n\t\t","protected":false},"excerpt":{"rendered":"<p>Akustikl\u00f6sungen mit skandinavischem Flair SilentDesign Akustikpaneele vereinen wirkungsvolle Schallabsorption mit einem zeitlos skandinavischen Design \u2013 ideal f\u00fcr moderne Wohn- und Arbeitsbereiche. Ob an W\u00e4nden oder Decken, vollfl\u00e4chig oder als gezielter Akzent eingesetzt \u2013 die Paneele bieten vielseitige Gestaltungsm\u00f6glichkeiten und verbessern sp\u00fcrbar die Raumakustik. Wir sind im Raum Heilbronn und Umgebung f\u00fcr Sie da:Mit kompetenter Beratung, [&hellip;]<\/p>\n","protected":false},"author":2,"featured_media":0,"parent":0,"menu_order":0,"comment_status":"closed","ping_status":"closed","template":"","meta":{"footnotes":""},"class_list":["post-7968","page","type-page","status-publish","hentry"],"aioseo_notices":[],"_links":{"self":[{"href":"https:\/\/aickelin.eu\/cms\/wp-json\/wp\/v2\/pages\/7968","targetHints":{"allow":["GET"]}}],"collection":[{"href":"https:\/\/aickelin.eu\/cms\/wp-json\/wp\/v2\/pages"}],"about":[{"href":"https:\/\/aickelin.eu\/cms\/wp-json\/wp\/v2\/types\/page"}],"author":[{"embeddable":true,"href":"https:\/\/aickelin.eu\/cms\/wp-json\/wp\/v2\/users\/2"}],"replies":[{"embeddable":true,"href":"https:\/\/aickelin.eu\/cms\/wp-json\/wp\/v2\/comments?post=7968"}],"version-history":[{"count":7,"href":"https:\/\/aickelin.eu\/cms\/wp-json\/wp\/v2\/pages\/7968\/revisions"}],"predecessor-version":[{"id":8342,"href":"https:\/\/aickelin.eu\/cms\/wp-json\/wp\/v2\/pages\/7968\/revisions\/8342"}],"wp:attachment":[{"href":"https:\/\/aickelin.eu\/cms\/wp-json\/wp\/v2\/media?parent=7968"}],"curies":[{"name":"wp","href":"https:\/\/api.w.org\/{rel}","templated":true}]}}