{"id":8239,"date":"2025-06-16T07:54:36","date_gmt":"2025-06-16T07:54:36","guid":{"rendered":"https:\/\/aickelin.eu\/cms\/?page_id=8239"},"modified":"2025-06-17T09:13:28","modified_gmt":"2025-06-17T09:13:28","slug":"kundenstimmen-2","status":"publish","type":"page","link":"https:\/\/aickelin.eu\/cms\/kundenstimmen-2\/","title":{"rendered":"Kundenstimmen"},"content":{"rendered":"\t\t<div data-elementor-type=\"wp-page\" data-elementor-id=\"8239\" class=\"elementor elementor-8239\">\n\t\t\t\t\t\t<section class=\"elementor-section elementor-top-section elementor-element elementor-element-17d1b7ac elementor-section-boxed elementor-section-height-default elementor-section-height-default\" data-id=\"17d1b7ac\" data-element_type=\"section\" data-e-type=\"section\">\n\t\t\t\t\t\t<div class=\"elementor-container elementor-column-gap-default\">\n\t\t\t\t\t<div class=\"elementor-column elementor-col-100 elementor-top-column elementor-element elementor-element-257c4abc\" data-id=\"257c4abc\" data-element_type=\"column\" data-e-type=\"column\">\n\t\t\t<div class=\"elementor-widget-wrap elementor-element-populated\">\n\t\t\t\t\t\t<div class=\"elementor-element elementor-element-24edc6f4 elementor-widget elementor-widget-text-editor\" data-id=\"24edc6f4\" data-element_type=\"widget\" data-e-type=\"widget\" data-widget_type=\"text-editor.default\">\n\t\t\t\t<div class=\"elementor-widget-container\">\n\t\t\t\t\t\t\t\t\t<!-- Elfsight Google Reviews | aickelin.eu -->\r\n<script src=\"https:\/\/static.elfsight.com\/platform\/platform.js\" async><\/script>\r\n<div class=\"elfsight-app-040e7129-0946-4cae-8762-d89cccae4cf5\" data-elfsight-app-lazy=\"\"><\/div>\t\t\t\t\t\t\t\t<\/div>\n\t\t\t\t<\/div>\n\t\t\t\t\t<\/div>\n\t\t<\/div>\n\t\t\t\t\t<\/div>\n\t\t<\/section>\n\t\t\t\t<section class=\"elementor-section elementor-top-section elementor-element elementor-element-b91ee41 elementor-section-boxed elementor-section-height-default elementor-section-height-default\" data-id=\"b91ee41\" data-element_type=\"section\" data-e-type=\"section\">\n\t\t\t\t\t\t<div class=\"elementor-container elementor-column-gap-default\">\n\t\t\t\t\t<div class=\"elementor-column elementor-col-100 elementor-top-column elementor-element elementor-element-b3fd1b3\" data-id=\"b3fd1b3\" data-element_type=\"column\" data-e-type=\"column\">\n\t\t\t<div class=\"elementor-widget-wrap elementor-element-populated\">\n\t\t\t\t\t\t<div class=\"elementor-element elementor-element-019f052 elementor-widget elementor-widget-text-editor\" data-id=\"019f052\" data-element_type=\"widget\" data-e-type=\"widget\" data-widget_type=\"text-editor.default\">\n\t\t\t\t<div class=\"elementor-widget-container\">\n\t\t\t\t\t\t\t\t\t<p style=\"text-align: center;\" data-start=\"106\" data-end=\"317\"><strong data-start=\"106\" data-end=\"193\">Vielen herzlichen Dank f\u00fcr Ihr positives Feedback und Ihre wertvolle Unterst\u00fctzung!<\/strong><br data-start=\"193\" data-end=\"196\" \/>Ihre Anerkennung ist f\u00fcr uns eine gro\u00dfe Motivation, auch in Zukunft mit voller Energie und Engagement f\u00fcr Sie da zu sein.<\/p>\t\t\t\t\t\t\t\t<\/div>\n\t\t\t\t<\/div>\n\t\t\t\t\t<\/div>\n\t\t<\/div>\n\t\t\t\t\t<\/div>\n\t\t<\/section>\n\t\t\t\t<\/div>\n\t\t","protected":false},"excerpt":{"rendered":"<p>Vielen herzlichen Dank f\u00fcr Ihr positives Feedback und Ihre wertvolle Unterst\u00fctzung!Ihre Anerkennung ist f\u00fcr uns eine gro\u00dfe Motivation, auch in Zukunft mit voller Energie und Engagement f\u00fcr Sie da zu sein.<\/p>\n","protected":false},"author":2,"featured_media":0,"parent":0,"menu_order":0,"comment_status":"closed","ping_status":"closed","template":"","meta":{"footnotes":""},"class_list":["post-8239","page","type-page","status-publish","hentry"],"aioseo_notices":[],"_links":{"self":[{"href":"https:\/\/aickelin.eu\/cms\/wp-json\/wp\/v2\/pages\/8239","targetHints":{"allow":["GET"]}}],"collection":[{"href":"https:\/\/aickelin.eu\/cms\/wp-json\/wp\/v2\/pages"}],"about":[{"href":"https:\/\/aickelin.eu\/cms\/wp-json\/wp\/v2\/types\/page"}],"author":[{"embeddable":true,"href":"https:\/\/aickelin.eu\/cms\/wp-json\/wp\/v2\/users\/2"}],"replies":[{"embeddable":true,"href":"https:\/\/aickelin.eu\/cms\/wp-json\/wp\/v2\/comments?post=8239"}],"version-history":[{"count":6,"href":"https:\/\/aickelin.eu\/cms\/wp-json\/wp\/v2\/pages\/8239\/revisions"}],"predecessor-version":[{"id":8246,"href":"https:\/\/aickelin.eu\/cms\/wp-json\/wp\/v2\/pages\/8239\/revisions\/8246"}],"wp:attachment":[{"href":"https:\/\/aickelin.eu\/cms\/wp-json\/wp\/v2\/media?parent=8239"}],"curies":[{"name":"wp","href":"https:\/\/api.w.org\/{rel}","templated":true}]}}