{"id":8257,"date":"2025-06-16T10:54:11","date_gmt":"2025-06-16T10:54:11","guid":{"rendered":"https:\/\/aickelin.eu\/cms\/?page_id=8257"},"modified":"2025-09-02T08:31:38","modified_gmt":"2025-09-02T08:31:38","slug":"bodenleger-heilbronn","status":"publish","type":"page","link":"https:\/\/aickelin.eu\/cms\/bodenleger-heilbronn\/","title":{"rendered":"Bodenleger-Heilbronn"},"content":{"rendered":"\t\t<div data-elementor-type=\"wp-page\" data-elementor-id=\"8257\" class=\"elementor elementor-8257\">\n\t\t\t\t\t\t<section class=\"elementor-section elementor-top-section elementor-element elementor-element-18e154bd elementor-section-boxed elementor-section-height-default elementor-section-height-default\" data-id=\"18e154bd\" data-element_type=\"section\" data-e-type=\"section\">\n\t\t\t\t\t\t<div class=\"elementor-container elementor-column-gap-default\">\n\t\t\t\t\t<div class=\"elementor-column elementor-col-100 elementor-top-column elementor-element elementor-element-7c954414\" data-id=\"7c954414\" data-element_type=\"column\" data-e-type=\"column\">\n\t\t\t<div class=\"elementor-widget-wrap elementor-element-populated\">\n\t\t\t\t\t\t<div class=\"elementor-element elementor-element-548a7d8 elementor-widget elementor-widget-text-editor\" data-id=\"548a7d8\" data-element_type=\"widget\" data-e-type=\"widget\" data-widget_type=\"text-editor.default\">\n\t\t\t\t<div class=\"elementor-widget-container\">\n\t\t\t\t\t\t\t\t\t<h2 data-start=\"300\" data-end=\"383\">Aickelin Objekt &#8211; ihr Bodenleger in Heilbronn. <br \/>Wir sind ihr Fachbetrieb f\u00fcr Bodenbel\u00e4ge aller Art<\/h2><p data-start=\"385\" data-end=\"579\">Ob stilvolles Parkett, modernes Vinyl, strapazierf\u00e4higer Laminat oder klassischer Teppichboden \u2013 wir sind Ihr kompetenter Partner rund um das Thema Bodenverlegung im Raum Heilbronn und Umgebung.<\/p><h4 data-start=\"581\" data-end=\"701\"><strong data-start=\"583\" data-end=\"608\">Individuelle Beratung | <\/strong><strong data-start=\"613\" data-end=\"639\">Fachgerechte Verlegung |<\/strong>\u00a0<strong data-start=\"644\" data-end=\"671\">Hochwertige Materialien | <\/strong><strong data-start=\"676\" data-end=\"701\">Zuverl\u00e4ssiger Service<\/strong><\/h4>\t\t\t\t\t\t\t\t<\/div>\n\t\t\t\t<\/div>\n\t\t\t\t\t<\/div>\n\t\t<\/div>\n\t\t\t\t\t<\/div>\n\t\t<\/section>\n\t\t\t\t<section class=\"elementor-section elementor-top-section elementor-element elementor-element-fb8c0ec elementor-section-boxed elementor-section-height-default elementor-section-height-default\" data-id=\"fb8c0ec\" data-element_type=\"section\" data-e-type=\"section\">\n\t\t\t\t\t\t<div class=\"elementor-container elementor-column-gap-default\">\n\t\t\t\t\t<div class=\"elementor-column elementor-col-100 elementor-top-column elementor-element elementor-element-9b02725\" data-id=\"9b02725\" data-element_type=\"column\" data-e-type=\"column\">\n\t\t\t<div class=\"elementor-widget-wrap elementor-element-populated\">\n\t\t\t\t\t\t<div class=\"elementor-element elementor-element-b690e9a elementor-widget-divider--view-line elementor-widget elementor-widget-divider\" data-id=\"b690e9a\" data-element_type=\"widget\" data-e-type=\"widget\" data-widget_type=\"divider.default\">\n\t\t\t\t<div class=\"elementor-widget-container\">\n\t\t\t\t\t\t\t<div class=\"elementor-divider\">\n\t\t\t<span class=\"elementor-divider-separator\">\n\t\t\t\t\t\t<\/span>\n\t\t<\/div>\n\t\t\t\t\t\t<\/div>\n\t\t\t\t<\/div>\n\t\t\t\t\t<\/div>\n\t\t<\/div>\n\t\t\t\t\t<\/div>\n\t\t<\/section>\n\t\t\t\t<section class=\"elementor-section elementor-top-section elementor-element elementor-element-2af4d12 gt3_parallax-yes elementor-section-boxed elementor-section-height-default elementor-section-height-default\" data-id=\"2af4d12\" data-element_type=\"section\" data-e-type=\"section\" data-settings=\"{&quot;background_background&quot;:&quot;classic&quot;}\">\n\t\t\t\t\t\t<div class=\"elementor-container elementor-column-gap-default\">\n\t\t\t\t\t<div class=\"elementor-column elementor-col-50 elementor-top-column elementor-element elementor-element-1e3cc53\" data-id=\"1e3cc53\" data-element_type=\"column\" data-e-type=\"column\">\n\t\t\t<div class=\"elementor-widget-wrap elementor-element-populated\">\n\t\t\t\t\t\t<div class=\"elementor-element elementor-element-216b6c2 elementor-widget__width-initial elementor-widget elementor-widget-text-editor\" data-id=\"216b6c2\" data-element_type=\"widget\" data-e-type=\"widget\" data-widget_type=\"text-editor.default\">\n\t\t\t\t<div class=\"elementor-widget-container\">\n\t\t\t\t\t\t\t\t\t<h2 data-start=\"1208\" data-end=\"1225\"><strong data-start=\"1211\" data-end=\"1225\">Leistungen<\/strong><\/h2><h3 data-start=\"1227\" data-end=\"1261\">Unsere Leistungen im \u00dcberblick<\/h3><ul><li data-start=\"1265\" data-end=\"1354\"><strong data-start=\"1265\" data-end=\"1285\">Parkettverlegung<\/strong><br data-start=\"1285\" data-end=\"1288\" \/>Massivholz oder Fertigparkett \u2013 wir sorgen f\u00fcr ein edles Finish.<\/li><li data-start=\"1265\" data-end=\"1354\"><strong data-start=\"1358\" data-end=\"1378\">Laminat verlegen<\/strong><br data-start=\"1378\" data-end=\"1381\" \/>Kosteng\u00fcnstig, pflegeleicht und robust \u2013 ideal f\u00fcr viele Wohnbereiche.<\/li><li data-start=\"1265\" data-end=\"1354\"><strong data-start=\"1457\" data-end=\"1481\">Vinyl- &amp; Designb\u00f6den<\/strong><br data-start=\"1481\" data-end=\"1484\" \/>Wasserfest, modern und ideal f\u00fcr Bad, K\u00fcche oder Gewerber\u00e4ume.<\/li><li data-start=\"1265\" data-end=\"1354\"><strong data-start=\"1552\" data-end=\"1568\">Teppichb\u00f6den<\/strong><br data-start=\"1568\" data-end=\"1571\" \/>F\u00fcr gem\u00fctliche R\u00e4ume mit optimaler Schalld\u00e4mmung.<\/li><li data-start=\"1265\" data-end=\"1354\"><strong data-start=\"1626\" data-end=\"1652\">Untergrundvorbereitung<\/strong><br data-start=\"1652\" data-end=\"1655\" \/>Spachteln, Nivellieren, D\u00e4mmen \u2013 f\u00fcr eine langlebige Verlegung.<\/li><li data-start=\"1265\" data-end=\"1354\"><strong data-start=\"1724\" data-end=\"1759\">Altbel\u00e4ge entfernen &amp; entsorgen<\/strong><\/li><\/ul>\t\t\t\t\t\t\t\t<\/div>\n\t\t\t\t<\/div>\n\t\t\t\t\t<\/div>\n\t\t<\/div>\n\t\t\t\t<div class=\"elementor-column elementor-col-50 elementor-top-column elementor-element elementor-element-9c7b2a3\" data-id=\"9c7b2a3\" data-element_type=\"column\" data-e-type=\"column\">\n\t\t\t<div class=\"elementor-widget-wrap elementor-element-populated\">\n\t\t\t\t\t\t<div class=\"elementor-element elementor-element-f342371 elementor-widget__width-initial elementor-widget elementor-widget-image\" data-id=\"f342371\" data-element_type=\"widget\" data-e-type=\"widget\" data-widget_type=\"image.default\">\n\t\t\t\t<div class=\"elementor-widget-container\">\n\t\t\t\t\t\t\t\t\t\t\t\t\t\t\t<img fetchpriority=\"high\" decoding=\"async\" width=\"940\" height=\"627\" src=\"https:\/\/aickelin.eu\/cms\/wp-content\/uploads\/2025\/07\/shutterstock_1189463401-1024x683.jpg\" class=\"attachment-large size-large wp-image-8384\" alt=\"\" srcset=\"https:\/\/aickelin.eu\/cms\/wp-content\/uploads\/2025\/07\/shutterstock_1189463401-1024x683.jpg 1024w, https:\/\/aickelin.eu\/cms\/wp-content\/uploads\/2025\/07\/shutterstock_1189463401-300x200.jpg 300w, https:\/\/aickelin.eu\/cms\/wp-content\/uploads\/2025\/07\/shutterstock_1189463401-768x512.jpg 768w, https:\/\/aickelin.eu\/cms\/wp-content\/uploads\/2025\/07\/shutterstock_1189463401-1536x1024.jpg 1536w, https:\/\/aickelin.eu\/cms\/wp-content\/uploads\/2025\/07\/shutterstock_1189463401-480x320.jpg 480w\" sizes=\"(max-width: 940px) 100vw, 940px\" title=\"A,Closeup,Of,Subfloor,Mixture,And,Assembled,Parquet,Plates,In\" \/>\t\t\t\t\t\t\t\t\t\t\t\t\t\t\t<\/div>\n\t\t\t\t<\/div>\n\t\t\t\t\t<\/div>\n\t\t<\/div>\n\t\t\t\t\t<\/div>\n\t\t<\/section>\n\t\t\t\t<section class=\"elementor-section elementor-top-section elementor-element elementor-element-94f9ae2 gt3_parallax-yes elementor-section-boxed elementor-section-height-default elementor-section-height-default\" data-id=\"94f9ae2\" data-element_type=\"section\" data-e-type=\"section\" data-settings=\"{&quot;background_background&quot;:&quot;classic&quot;}\">\n\t\t\t\t\t\t<div class=\"elementor-container elementor-column-gap-default\">\n\t\t\t\t\t<div class=\"elementor-column elementor-col-100 elementor-top-column elementor-element elementor-element-19632e7\" data-id=\"19632e7\" data-element_type=\"column\" data-e-type=\"column\">\n\t\t\t<div class=\"elementor-widget-wrap elementor-element-populated\">\n\t\t\t\t\t\t<div class=\"elementor-element elementor-element-508871b elementor-widget elementor-widget-text-editor\" data-id=\"508871b\" data-element_type=\"widget\" data-e-type=\"widget\" data-widget_type=\"text-editor.default\">\n\t\t\t\t<div class=\"elementor-widget-container\">\n\t\t\t\t\t\t\t\t\t<h3 data-start=\"804\" data-end=\"819\">Sie wissen nicht, welcher Boden zu Ihnen passt? <br \/>Wir beraten Sie gerne in unserer <strong data-start=\"128\" data-end=\"138\">400\u202fm\u00b2<\/strong> gro\u00dfen Ausstellung oder bei Ihnen vor Ort.<\/h3>\t\t\t\t\t\t\t\t<\/div>\n\t\t\t\t<\/div>\n\t\t\t\t\t<\/div>\n\t\t<\/div>\n\t\t\t\t\t<\/div>\n\t\t<\/section>\n\t\t\t\t<section class=\"elementor-section elementor-top-section elementor-element elementor-element-0f77022 elementor-section-boxed elementor-section-height-default elementor-section-height-default\" data-id=\"0f77022\" data-element_type=\"section\" data-e-type=\"section\">\n\t\t\t\t\t\t<div class=\"elementor-container elementor-column-gap-default\">\n\t\t\t\t\t<div class=\"elementor-column elementor-col-100 elementor-top-column elementor-element elementor-element-d06e0b7\" data-id=\"d06e0b7\" data-element_type=\"column\" data-e-type=\"column\">\n\t\t\t<div class=\"elementor-widget-wrap elementor-element-populated\">\n\t\t\t\t\t\t<div class=\"elementor-element elementor-element-e001987 elementor-widget-divider--view-line elementor-widget elementor-widget-divider\" data-id=\"e001987\" data-element_type=\"widget\" data-e-type=\"widget\" data-widget_type=\"divider.default\">\n\t\t\t\t<div class=\"elementor-widget-container\">\n\t\t\t\t\t\t\t<div class=\"elementor-divider\">\n\t\t\t<span class=\"elementor-divider-separator\">\n\t\t\t\t\t\t<\/span>\n\t\t<\/div>\n\t\t\t\t\t\t<\/div>\n\t\t\t\t<\/div>\n\t\t\t\t\t<\/div>\n\t\t<\/div>\n\t\t\t\t\t<\/div>\n\t\t<\/section>\n\t\t\t\t<section class=\"elementor-section elementor-top-section elementor-element elementor-element-86e8ea1 gt3_parallax-yes elementor-section-boxed elementor-section-height-default elementor-section-height-default\" data-id=\"86e8ea1\" data-element_type=\"section\" data-e-type=\"section\" data-settings=\"{&quot;background_background&quot;:&quot;classic&quot;}\">\n\t\t\t\t\t\t<div class=\"elementor-container elementor-column-gap-default\">\n\t\t\t\t\t<div class=\"elementor-column elementor-col-100 elementor-top-column elementor-element elementor-element-eb6908b\" data-id=\"eb6908b\" data-element_type=\"column\" data-e-type=\"column\">\n\t\t\t<div class=\"elementor-widget-wrap elementor-element-populated\">\n\t\t\t\t\t\t<div class=\"elementor-element elementor-element-91d4c5f elementor-widget elementor-widget-text-editor\" data-id=\"91d4c5f\" data-element_type=\"widget\" data-e-type=\"widget\" data-widget_type=\"text-editor.default\">\n\t\t\t\t<div class=\"elementor-widget-container\">\n\t\t\t\t\t\t\t\t\t<h2 data-start=\"804\" data-end=\"819\"><strong data-start=\"807\" data-end=\"819\">\u00dcber uns<\/strong><\/h2><h3 data-start=\"821\" data-end=\"877\">Leidenschaft f\u00fcr perfekte B\u00f6den \u2013 seit fast 130 Jahren<\/h3><p>Als erfahrene Bodenleger aus Heilbronn stehen wir f\u00fcr Qualit\u00e4t, Pr\u00e4zision und Kundenzufriedenheit. Unser Team aus geschulten Fachkr\u00e4ften legt gro\u00dfen Wert auf saubere Arbeit, p\u00fcnktliche Termine und langlebige Ergebnisse. <br \/><strong>Wir arbeiten sowohl f\u00fcr Privat- als auch f\u00fcr Gewerbekunden \u2013 vom einzelnen Zimmer bis zu gro\u00dffl\u00e4chigen Objekten mit mehreren hundert Quadratmetern.<\/strong><\/p>\t\t\t\t\t\t\t\t<\/div>\n\t\t\t\t<\/div>\n\t\t\t\t\t<\/div>\n\t\t<\/div>\n\t\t\t\t\t<\/div>\n\t\t<\/section>\n\t\t\t\t<section class=\"elementor-section elementor-top-section elementor-element elementor-element-6b27531 elementor-section-boxed elementor-section-height-default elementor-section-height-default\" data-id=\"6b27531\" data-element_type=\"section\" data-e-type=\"section\">\n\t\t\t\t\t\t<div class=\"elementor-container elementor-column-gap-default\">\n\t\t\t\t\t<div class=\"elementor-column elementor-col-100 elementor-top-column elementor-element elementor-element-9f04e9c\" data-id=\"9f04e9c\" data-element_type=\"column\" data-e-type=\"column\">\n\t\t\t<div class=\"elementor-widget-wrap elementor-element-populated\">\n\t\t\t\t\t\t<div class=\"elementor-element elementor-element-245dc5a elementor-widget-divider--view-line elementor-widget elementor-widget-divider\" data-id=\"245dc5a\" data-element_type=\"widget\" data-e-type=\"widget\" data-widget_type=\"divider.default\">\n\t\t\t\t<div class=\"elementor-widget-container\">\n\t\t\t\t\t\t\t<div class=\"elementor-divider\">\n\t\t\t<span class=\"elementor-divider-separator\">\n\t\t\t\t\t\t<\/span>\n\t\t<\/div>\n\t\t\t\t\t\t<\/div>\n\t\t\t\t<\/div>\n\t\t\t\t\t<\/div>\n\t\t<\/div>\n\t\t\t\t\t<\/div>\n\t\t<\/section>\n\t\t\t\t<section class=\"elementor-section elementor-top-section elementor-element elementor-element-4999c00 elementor-section-stretched elementor-section-boxed elementor-section-height-default elementor-section-height-default\" data-id=\"4999c00\" data-element_type=\"section\" data-e-type=\"section\" data-settings=\"{&quot;stretch_section&quot;:&quot;section-stretched&quot;}\">\n\t\t\t\t\t\t<div class=\"elementor-container elementor-column-gap-default\">\n\t\t\t\t\t<div class=\"elementor-column elementor-col-100 elementor-top-column elementor-element elementor-element-280a2e5\" data-id=\"280a2e5\" data-element_type=\"column\" data-e-type=\"column\">\n\t\t\t<div class=\"elementor-widget-wrap elementor-element-populated\">\n\t\t\t\t\t\t<div class=\"elementor-element elementor-element-75e5126 elementor-widget elementor-widget-text-editor\" data-id=\"75e5126\" data-element_type=\"widget\" data-e-type=\"widget\" data-widget_type=\"text-editor.default\">\n\t\t\t\t<div class=\"elementor-widget-container\">\n\t\t\t\t\t\t\t\t\t<h3><strong><span style=\"color: #6d100a;\"><a href=\"https:\/\/aickelin.eu\/cms\/innenliegender-sonnenschutz\/\" title=\"Innenliegender Sonnenschutz\" style=\"color: #6d100a;\"><span style=\"text-decoration: underline;\">Innenliegender Sonnenschutz<\/span><\/a><\/span> und<span style=\"color: #6d100a;\"><a href=\"https:\/\/aickelin.eu\/cms\/akustikpaneele\/\" title=\"Akustikpaneele\" style=\"color: #6d100a;\"><span style=\"text-decoration: underline;\"> Akustikpaneele<\/span> <\/a><\/span><\/strong>werden von uns ebenso fachgerecht montiert wie Bodenbel\u00e4ge \u2013 alles aus einer Hand.<\/h3><p>Wenn Sie in Heilbronn oder Umgebung einen zuverl\u00e4ssigen Partner f\u00fcr Bodenbelagsarbeiten, Sonnenschutz und Raumakustik suchen, sind Sie bei uns genau richtig. Jetzt unverbindlich anfragen \u2013 wir freuen uns auf Ihre Nachricht!<\/p>\t\t\t\t\t\t\t\t<\/div>\n\t\t\t\t<\/div>\n\t\t\t\t\t<\/div>\n\t\t<\/div>\n\t\t\t\t\t<\/div>\n\t\t<\/section>\n\t\t\t\t<\/div>\n\t\t","protected":false},"excerpt":{"rendered":"<p>Aickelin Objekt &#8211; ihr Bodenleger in Heilbronn. Wir sind ihr Fachbetrieb f\u00fcr Bodenbel\u00e4ge aller Art Ob stilvolles Parkett, modernes Vinyl, strapazierf\u00e4higer Laminat oder klassischer Teppichboden \u2013 wir sind Ihr kompetenter Partner rund um das Thema Bodenverlegung im Raum Heilbronn und Umgebung. Individuelle Beratung | Fachgerechte Verlegung |\u00a0Hochwertige Materialien | Zuverl\u00e4ssiger Service Leistungen Unsere Leistungen im [&hellip;]<\/p>\n","protected":false},"author":2,"featured_media":0,"parent":0,"menu_order":0,"comment_status":"closed","ping_status":"closed","template":"","meta":{"footnotes":""},"class_list":["post-8257","page","type-page","status-publish","hentry"],"aioseo_notices":[],"_links":{"self":[{"href":"https:\/\/aickelin.eu\/cms\/wp-json\/wp\/v2\/pages\/8257","targetHints":{"allow":["GET"]}}],"collection":[{"href":"https:\/\/aickelin.eu\/cms\/wp-json\/wp\/v2\/pages"}],"about":[{"href":"https:\/\/aickelin.eu\/cms\/wp-json\/wp\/v2\/types\/page"}],"author":[{"embeddable":true,"href":"https:\/\/aickelin.eu\/cms\/wp-json\/wp\/v2\/users\/2"}],"replies":[{"embeddable":true,"href":"https:\/\/aickelin.eu\/cms\/wp-json\/wp\/v2\/comments?post=8257"}],"version-history":[{"count":42,"href":"https:\/\/aickelin.eu\/cms\/wp-json\/wp\/v2\/pages\/8257\/revisions"}],"predecessor-version":[{"id":8454,"href":"https:\/\/aickelin.eu\/cms\/wp-json\/wp\/v2\/pages\/8257\/revisions\/8454"}],"wp:attachment":[{"href":"https:\/\/aickelin.eu\/cms\/wp-json\/wp\/v2\/media?parent=8257"}],"curies":[{"name":"wp","href":"https:\/\/api.w.org\/{rel}","templated":true}]}}