{"id":8409,"date":"2025-09-02T07:39:09","date_gmt":"2025-09-02T07:39:09","guid":{"rendered":"https:\/\/aickelin.eu\/cms\/?page_id=8409"},"modified":"2025-09-23T07:08:05","modified_gmt":"2025-09-23T07:08:05","slug":"sponsoring","status":"publish","type":"page","link":"https:\/\/aickelin.eu\/cms\/sponsoring\/","title":{"rendered":"Unser Beitrag f\u00fcr die Gemeinschaft"},"content":{"rendered":"\t\t<div data-elementor-type=\"wp-page\" data-elementor-id=\"8409\" class=\"elementor elementor-8409\">\n\t\t\t\t\t\t<section class=\"elementor-section elementor-top-section elementor-element elementor-element-6d946d3 elementor-section-boxed elementor-section-height-default elementor-section-height-default\" data-id=\"6d946d3\" data-element_type=\"section\" data-e-type=\"section\">\n\t\t\t\t\t\t<div class=\"elementor-container elementor-column-gap-default\">\n\t\t\t\t\t<div class=\"elementor-column elementor-col-100 elementor-top-column elementor-element elementor-element-fbfe55c\" data-id=\"fbfe55c\" data-element_type=\"column\" data-e-type=\"column\">\n\t\t\t<div class=\"elementor-widget-wrap elementor-element-populated\">\n\t\t\t\t\t\t<div class=\"elementor-element elementor-element-e54cf56 elementor-widget elementor-widget-heading\" data-id=\"e54cf56\" data-element_type=\"widget\" data-e-type=\"widget\" data-widget_type=\"heading.default\">\n\t\t\t\t<div class=\"elementor-widget-container\">\n\t\t\t\t\t<h2 class=\"elementor-heading-title elementor-size-default\">Unser Beitrag f\u00fcr die Gemeinschaft<\/h2>\t\t\t\t<\/div>\n\t\t\t\t<\/div>\n\t\t\t\t\t<\/div>\n\t\t<\/div>\n\t\t\t\t\t<\/div>\n\t\t<\/section>\n\t\t\t\t<section class=\"elementor-section elementor-top-section elementor-element elementor-element-8b5cd65 elementor-section-boxed elementor-section-height-default elementor-section-height-default\" data-id=\"8b5cd65\" data-element_type=\"section\" data-e-type=\"section\">\n\t\t\t\t\t\t<div class=\"elementor-container elementor-column-gap-default\">\n\t\t\t\t\t<div class=\"elementor-column elementor-col-100 elementor-top-column elementor-element elementor-element-0d896e8\" data-id=\"0d896e8\" data-element_type=\"column\" data-e-type=\"column\">\n\t\t\t<div class=\"elementor-widget-wrap elementor-element-populated\">\n\t\t\t\t\t\t<div class=\"elementor-element elementor-element-a3cd492 elementor-widget elementor-widget-text-editor\" data-id=\"a3cd492\" data-element_type=\"widget\" data-e-type=\"widget\" data-widget_type=\"text-editor.default\">\n\t\t\t\t<div class=\"elementor-widget-container\">\n\t\t\t\t\t\t\t\t\t<p>Wir sind stolz darauf, als Sponsor drei regionale Sportvereine zu unterst\u00fctzen und damit Bewegung, Teamgeist und Fairplay zu f\u00f6rdern. Zus\u00e4tzlich engagieren wir uns beim Musical-Festival Haigern Live, dessen Erl\u00f6se der Haigern-Kinder-Freizeit zugutekommen. So m\u00f6chten wir nicht nur Kultur st\u00e4rken, sondern auch Kindern unvergessliche Erlebnisse erm\u00f6glichen.<\/p>\t\t\t\t\t\t\t\t<\/div>\n\t\t\t\t<\/div>\n\t\t\t\t\t<\/div>\n\t\t<\/div>\n\t\t\t\t\t<\/div>\n\t\t<\/section>\n\t\t\t\t<section class=\"elementor-section elementor-top-section elementor-element elementor-element-ac41420 elementor-section-boxed elementor-section-height-default elementor-section-height-default\" data-id=\"ac41420\" data-element_type=\"section\" data-e-type=\"section\">\n\t\t\t\t\t\t<div class=\"elementor-container elementor-column-gap-default\">\n\t\t\t\t\t<div class=\"elementor-column elementor-col-33 elementor-top-column elementor-element elementor-element-2cc0d9b\" data-id=\"2cc0d9b\" data-element_type=\"column\" data-e-type=\"column\">\n\t\t\t<div class=\"elementor-widget-wrap elementor-element-populated\">\n\t\t\t\t\t\t<div class=\"elementor-element elementor-element-866f90a elementor-widget elementor-widget-image\" data-id=\"866f90a\" data-element_type=\"widget\" data-e-type=\"widget\" data-widget_type=\"image.default\">\n\t\t\t\t<div class=\"elementor-widget-container\">\n\t\t\t\t\t\t\t\t\t\t\t\t\t\t\t\t<a href=\"https:\/\/www.haigernlive.de\/\" target=\"_blank\">\n\t\t\t\t\t\t\t<img fetchpriority=\"high\" decoding=\"async\" width=\"225\" height=\"225\" src=\"https:\/\/aickelin.eu\/cms\/wp-content\/uploads\/2025\/09\/haigern.png\" class=\"attachment-large size-large wp-image-8411\" alt=\"\" srcset=\"https:\/\/aickelin.eu\/cms\/wp-content\/uploads\/2025\/09\/haigern.png 225w, https:\/\/aickelin.eu\/cms\/wp-content\/uploads\/2025\/09\/haigern-150x150.png 150w\" sizes=\"(max-width: 225px) 100vw, 225px\" title=\"haigern\" \/>\t\t\t\t\t\t\t\t<\/a>\n\t\t\t\t\t\t\t\t\t\t\t\t\t\t\t<\/div>\n\t\t\t\t<\/div>\n\t\t\t\t\t<\/div>\n\t\t<\/div>\n\t\t\t\t<div class=\"elementor-column elementor-col-33 elementor-top-column elementor-element elementor-element-a1b925d\" data-id=\"a1b925d\" data-element_type=\"column\" data-e-type=\"column\">\n\t\t\t<div class=\"elementor-widget-wrap elementor-element-populated\">\n\t\t\t\t\t\t<div class=\"elementor-element elementor-element-846634e elementor-widget__width-initial elementor-widget elementor-widget-image\" data-id=\"846634e\" data-element_type=\"widget\" data-e-type=\"widget\" data-widget_type=\"image.default\">\n\t\t\t\t<div class=\"elementor-widget-container\">\n\t\t\t\t\t\t\t\t\t\t\t\t\t\t\t\t<a href=\"https:\/\/sg-schozach-bottwartal.de\/\" target=\"_blank\">\n\t\t\t\t\t\t\t<img decoding=\"async\" width=\"492\" height=\"492\" src=\"https:\/\/aickelin.eu\/cms\/wp-content\/uploads\/2025\/09\/SG-Schozach-Bottwartal.jpg\" class=\"attachment-large size-large wp-image-8412\" alt=\"\" srcset=\"https:\/\/aickelin.eu\/cms\/wp-content\/uploads\/2025\/09\/SG-Schozach-Bottwartal.jpg 492w, https:\/\/aickelin.eu\/cms\/wp-content\/uploads\/2025\/09\/SG-Schozach-Bottwartal-300x300.jpg 300w, https:\/\/aickelin.eu\/cms\/wp-content\/uploads\/2025\/09\/SG-Schozach-Bottwartal-150x150.jpg 150w, https:\/\/aickelin.eu\/cms\/wp-content\/uploads\/2025\/09\/SG-Schozach-Bottwartal-480x480.jpg 480w\" sizes=\"(max-width: 492px) 100vw, 492px\" title=\"SG-Schozach-Bottwartal\" \/>\t\t\t\t\t\t\t\t<\/a>\n\t\t\t\t\t\t\t\t\t\t\t\t\t\t\t<\/div>\n\t\t\t\t<\/div>\n\t\t\t\t\t<\/div>\n\t\t<\/div>\n\t\t\t\t<div class=\"elementor-column elementor-col-33 elementor-top-column elementor-element elementor-element-f96983d\" data-id=\"f96983d\" data-element_type=\"column\" data-e-type=\"column\">\n\t\t\t<div class=\"elementor-widget-wrap elementor-element-populated\">\n\t\t\t\t\t\t<div class=\"elementor-element elementor-element-24e74d2 elementor-widget__width-initial elementor-widget elementor-widget-image\" data-id=\"24e74d2\" data-element_type=\"widget\" data-e-type=\"widget\" data-widget_type=\"image.default\">\n\t\t\t\t<div class=\"elementor-widget-container\">\n\t\t\t\t\t\t\t\t\t\t\t\t\t\t\t\t<a href=\"https:\/\/rugby.su-neckarsulm.de\/\" target=\"_blank\">\n\t\t\t\t\t\t\t<img decoding=\"async\" width=\"201\" height=\"300\" src=\"https:\/\/aickelin.eu\/cms\/wp-content\/uploads\/2025\/09\/Sportunion-Neckarsulm-Rugby.jpg\" class=\"attachment-large size-large wp-image-8410\" alt=\"\" title=\"Sportunion-Neckarsulm-Rugby\" \/>\t\t\t\t\t\t\t\t<\/a>\n\t\t\t\t\t\t\t\t\t\t\t\t\t\t\t<\/div>\n\t\t\t\t<\/div>\n\t\t\t\t\t<\/div>\n\t\t<\/div>\n\t\t\t\t\t<\/div>\n\t\t<\/section>\n\t\t\t\t<section class=\"elementor-section elementor-top-section elementor-element elementor-element-60c5f61 elementor-section-boxed elementor-section-height-default elementor-section-height-default\" data-id=\"60c5f61\" data-element_type=\"section\" data-e-type=\"section\">\n\t\t\t\t\t\t<div class=\"elementor-container elementor-column-gap-default\">\n\t\t\t\t\t<div class=\"elementor-column elementor-col-25 elementor-top-column elementor-element elementor-element-d4618dd\" data-id=\"d4618dd\" data-element_type=\"column\" data-e-type=\"column\">\n\t\t\t<div class=\"elementor-widget-wrap\">\n\t\t\t\t\t\t\t<\/div>\n\t\t<\/div>\n\t\t\t\t<div class=\"elementor-column elementor-col-25 elementor-top-column elementor-element elementor-element-ebf71bb\" data-id=\"ebf71bb\" data-element_type=\"column\" data-e-type=\"column\">\n\t\t\t<div class=\"elementor-widget-wrap elementor-element-populated\">\n\t\t\t\t\t\t<div class=\"elementor-element elementor-element-0c513f8 elementor-widget__width-initial elementor-widget elementor-widget-image\" data-id=\"0c513f8\" data-element_type=\"widget\" data-e-type=\"widget\" data-widget_type=\"image.default\">\n\t\t\t\t<div class=\"elementor-widget-container\">\n\t\t\t\t\t\t\t\t\t\t\t\t\t\t\t\t<a href=\"http:\/\/www.ssv-auenstein.de\/\" target=\"_blank\">\n\t\t\t\t\t\t\t<img loading=\"lazy\" decoding=\"async\" width=\"371\" height=\"370\" src=\"https:\/\/aickelin.eu\/cms\/wp-content\/uploads\/2025\/09\/SSV-Auenstein-2.jpeg\" class=\"attachment-large size-large wp-image-8415\" alt=\"\" srcset=\"https:\/\/aickelin.eu\/cms\/wp-content\/uploads\/2025\/09\/SSV-Auenstein-2.jpeg 371w, https:\/\/aickelin.eu\/cms\/wp-content\/uploads\/2025\/09\/SSV-Auenstein-2-300x300.jpeg 300w, https:\/\/aickelin.eu\/cms\/wp-content\/uploads\/2025\/09\/SSV-Auenstein-2-150x150.jpeg 150w\" sizes=\"(max-width: 371px) 100vw, 371px\" title=\"Design ohne Titel - 1\" \/>\t\t\t\t\t\t\t\t<\/a>\n\t\t\t\t\t\t\t\t\t\t\t\t\t\t\t<\/div>\n\t\t\t\t<\/div>\n\t\t\t\t\t<\/div>\n\t\t<\/div>\n\t\t\t\t<div class=\"elementor-column elementor-col-25 elementor-top-column elementor-element elementor-element-e335264\" data-id=\"e335264\" data-element_type=\"column\" data-e-type=\"column\">\n\t\t\t<div class=\"elementor-widget-wrap elementor-element-populated\">\n\t\t\t\t\t\t<div class=\"elementor-element elementor-element-a30c51d elementor-widget__width-initial elementor-widget elementor-widget-image\" data-id=\"a30c51d\" data-element_type=\"widget\" data-e-type=\"widget\" data-widget_type=\"image.default\">\n\t\t\t\t<div class=\"elementor-widget-container\">\n\t\t\t\t\t\t\t\t\t\t\t\t\t\t\t\t<a href=\"https:\/\/www.tgveintrachtbeilstein.de\/\" target=\"_blank\">\n\t\t\t\t\t\t\t<img loading=\"lazy\" decoding=\"async\" width=\"371\" height=\"370\" src=\"https:\/\/aickelin.eu\/cms\/wp-content\/uploads\/2025\/09\/TGV-Beilstein.jpg\" class=\"attachment-large size-large wp-image-8460\" alt=\"\" srcset=\"https:\/\/aickelin.eu\/cms\/wp-content\/uploads\/2025\/09\/TGV-Beilstein.jpg 371w, https:\/\/aickelin.eu\/cms\/wp-content\/uploads\/2025\/09\/TGV-Beilstein-300x300.jpg 300w, https:\/\/aickelin.eu\/cms\/wp-content\/uploads\/2025\/09\/TGV-Beilstein-150x150.jpg 150w\" sizes=\"(max-width: 371px) 100vw, 371px\" title=\"Design ohne Titel - 1\" \/>\t\t\t\t\t\t\t\t<\/a>\n\t\t\t\t\t\t\t\t\t\t\t\t\t\t\t<\/div>\n\t\t\t\t<\/div>\n\t\t\t\t\t<\/div>\n\t\t<\/div>\n\t\t\t\t<div class=\"elementor-column elementor-col-25 elementor-top-column elementor-element elementor-element-408aa67\" data-id=\"408aa67\" data-element_type=\"column\" data-e-type=\"column\">\n\t\t\t<div class=\"elementor-widget-wrap\">\n\t\t\t\t\t\t\t<\/div>\n\t\t<\/div>\n\t\t\t\t\t<\/div>\n\t\t<\/section>\n\t\t\t\t<\/div>\n\t\t","protected":false},"excerpt":{"rendered":"<p>Unser Beitrag f\u00fcr die Gemeinschaft Wir sind stolz darauf, als Sponsor drei regionale Sportvereine zu unterst\u00fctzen und damit Bewegung, Teamgeist und Fairplay zu f\u00f6rdern. Zus\u00e4tzlich engagieren wir uns beim Musical-Festival Haigern Live, dessen Erl\u00f6se der Haigern-Kinder-Freizeit zugutekommen. So m\u00f6chten wir nicht nur Kultur st\u00e4rken, sondern auch Kindern unvergessliche Erlebnisse erm\u00f6glichen.<\/p>\n","protected":false},"author":2,"featured_media":0,"parent":0,"menu_order":0,"comment_status":"closed","ping_status":"closed","template":"","meta":{"footnotes":""},"class_list":["post-8409","page","type-page","status-publish","hentry"],"aioseo_notices":[],"_links":{"self":[{"href":"https:\/\/aickelin.eu\/cms\/wp-json\/wp\/v2\/pages\/8409","targetHints":{"allow":["GET"]}}],"collection":[{"href":"https:\/\/aickelin.eu\/cms\/wp-json\/wp\/v2\/pages"}],"about":[{"href":"https:\/\/aickelin.eu\/cms\/wp-json\/wp\/v2\/types\/page"}],"author":[{"embeddable":true,"href":"https:\/\/aickelin.eu\/cms\/wp-json\/wp\/v2\/users\/2"}],"replies":[{"embeddable":true,"href":"https:\/\/aickelin.eu\/cms\/wp-json\/wp\/v2\/comments?post=8409"}],"version-history":[{"count":52,"href":"https:\/\/aickelin.eu\/cms\/wp-json\/wp\/v2\/pages\/8409\/revisions"}],"predecessor-version":[{"id":8476,"href":"https:\/\/aickelin.eu\/cms\/wp-json\/wp\/v2\/pages\/8409\/revisions\/8476"}],"wp:attachment":[{"href":"https:\/\/aickelin.eu\/cms\/wp-json\/wp\/v2\/media?parent=8409"}],"curies":[{"name":"wp","href":"https:\/\/api.w.org\/{rel}","templated":true}]}}